{"id":1478,"date":"2021-02-08T10:09:14","date_gmt":"2021-02-08T10:09:14","guid":{"rendered":"http:\/\/amethyste.fr\/WordPress\/contact-us\/"},"modified":"2026-01-19T09:08:32","modified_gmt":"2026-01-19T09:08:32","slug":"contact","status":"publish","type":"page","link":"https:\/\/amethyste.fr\/WordPress\/contact\/","title":{"rendered":"Contact"},"content":{"rendered":"\n    \n    <section class=\"u-clearfix u-image u-section-2\" id=\"sec-c9ef\" data-image-width=\"1600\" data-image-height=\"560\" style=\"background-image: url(&quot;https:\/\/amethyste.fr\/WordPress\/wp-content\/uploads\/contactus.jpg?_t=1628166103&quot;);\">\n      <div class=\"u-clearfix u-sheet u-sheet-1\">\n        <h1 class=\"u-text u-text-body-alt-color u-text-1\">Contact<br>\n        <\/h1>\n      <\/div>\n    <\/section>\n    <section class=\"u-clearfix u-section-3\" id=\"sec-cd38\">\n      <div class=\"u-clearfix u-sheet u-valign-middle u-sheet-1\">\n        <div class=\"u-align-center u-form u-form-1\">\n                  <script>\n            function onSuccess(event) {\n                if (typeof window.serviceRequest !== 'undefined') {\n                    window.serviceRequest(jQuery(this).find('form'));\n                }\n                var msgContainer = jQuery(event.currentTarget).find('.wpcf7-response-output');\n                msgContainer.removeClass('u-form-send-error').addClass('u-form-send-message u-form-send-success');\n                msgContainer.show();\n                var redirectAddress = jQuery(event.currentTarget).find('[redirect-address]').attr('redirect-address');\n                if (redirectAddress) {\n                    setTimeout(function () {\n                        location.replace(redirectAddress);\n                    }, 2000);\n                }\n            }\n            function onError(event) {\n                var msgContainer = jQuery(event.currentTarget).find('.wpcf7-response-output');\n                msgContainer.removeClass('u-form-send-success').addClass('u-form-send-message u-form-send-error');\n                msgContainer.show();\n            }\n\n            jQuery('body')\n                .on('wpcf7mailsent',   '.u-form .wpcf7', onSuccess)\n                .on('wpcf7invalid',    '.u-form .wpcf7', onError)\n                .on('wpcf7:unaccepted', '.u-form .wpcf7', onError)\n                .on('wpcf7spam',       '.u-form .wpcf7', onError)\n                .on('wpcf7:aborted',    '.u-form .wpcf7', onError)\n                .on('wpcf7mailfailed', '.u-form .wpcf7', onError);\n        <\/script>\n        <style>\n            .u-form .wpcf7-response-output {\n                \/*position: relative !important;*\/\n                margin: 0 !important;\n                bottom: -70px!important;\n            }\n            .u-form .wpcf7 .ajax-loader {\n                margin-left: -24px;\n                margin-right: 0;\n            }\n        <\/style>\n\n<div class=\"wpcf7 no-js\" id=\"wpcf7-f3009-o1\" lang=\"en-US\" dir=\"ltr\" data-wpcf7-id=\"3009\">\n<div class=\"screen-reader-response\"><p role=\"status\" aria-live=\"polite\" aria-atomic=\"true\"><\/p> <ul><\/ul><\/div>\n<form style=\"padding: 10px;\" action=\"\/WordPress\/wp-json\/wp\/v2\/pages\/1478#wpcf7-f3009-o1\" method=\"post\" class=\"wpcf7-form init u-clearfix u-form-spacing-10 u-form-vertical u-inner-form u-form-custom-backend\" aria-label=\"Contact form\" novalidate=\"novalidate\" data-status=\"init\">\n<fieldset class=\"hidden-fields-container\"><input type=\"hidden\" name=\"_wpcf7\" value=\"3009\" \/><input type=\"hidden\" name=\"_wpcf7_version\" value=\"6.1.4\" \/><input type=\"hidden\" name=\"_wpcf7_locale\" value=\"en_US\" \/><input type=\"hidden\" name=\"_wpcf7_unit_tag\" value=\"wpcf7-f3009-o1\" \/><input type=\"hidden\" name=\"_wpcf7_container_post\" value=\"0\" \/><input type=\"hidden\" name=\"_wpcf7_posted_data_hash\" value=\"\" \/><input type=\"hidden\" name=\"_wpcf7_recaptcha_response\" value=\"\" \/>\n<\/fieldset>\n\n            <div class=\"u-form-group wpcf7-form-control-wrap u-form-name\">\n              <label class=\"u-label\">Nom<\/label>\n              <input type=\"text\" placeholder=\"Saisir votre nom\" id=\"name-adb0\" name=\"name1\" class=\"u-input wpcf7-form-control u-input-rectangle\" required=\"\">\n            <\/div>\n            <div class=\"u-form-email u-form-group wpcf7-form-control-wrap\">\n              <label class=\"u-label\">Email<\/label>\n              <input type=\"email\" placeholder=\"Saisir une adresse mail valide\" id=\"email-adb0\" name=\"email\" class=\"u-input wpcf7-form-control u-input-rectangle\" required=\"\">\n            <\/div>\n            <div class=\"u-form-group wpcf7-form-control-wrap u-form-group wpcf7-form-control-wrap-3\">\n              <label class=\"u-label\">Objet<\/label>\n              <input type=\"text\" placeholder=\"Saisir l'objet de votre message\" id=\"text-6ed1\" name=\"text\" class=\"u-input wpcf7-form-control u-input-rectangle\">\n            <\/div>\n            <div class=\"u-form-group wpcf7-form-control-wrap u-form-message\">\n              <label class=\"u-label\">Message<\/label>\n              <textarea placeholder=\"\u200bSaisir votre message\" id=\"message-adb0\" name=\"message\" class=\"u-input wpcf7-form-control u-input-rectangle\" required=\"\"><\/textarea>\n            <\/div>\n            <div class=\"u-form-checkbox u-form-group wpcf7-form-control-wrap u-form-group wpcf7-form-control-wrap-5\">\n              <input type=\"checkbox\" id=\"checkbox-dc18\" name=\"checkbox\" value=\"On\" class=\"u-field-input\" required=\"required\">\n              <label class=\"u-field-label\">Accepter l'utilisation des donn\u00e9es personnelles transmises - utilisation interne uniquement<\/label>\n            <\/div>\n            <div class=\"u-align-center u-form-group wpcf7-form-control-wrap u-form-submit wpcf7-form-control\">\n              <a href=\"#\" class=\"u-btn u-btn-submit wpcf7-submit u-button-style\">Soumettre<\/a>\n              <input type=\"submit\" value=\"submit\" class=\"u-form-control-hidden\">\n            <\/div>\n            <div class=\"u-form-send-message u-form-send-success\"> Merci ! Votre message a \u00e9t\u00e9 envoy\u00e9. <\/div>\n            <div class=\"u-form-send-error u-form-send-message\"> Impossible d'envoyer votre message. Merci de corriger les erreurs et r\u00e9essayer. <\/div>\n            <input type=\"hidden\" value=\"\" name=\"recaptchaResponse\">\n          <input type=\"hidden\" name=\"_contact7_backend\" value=\"1\"><div class=\"wpcf7-response-output\" aria-hidden=\"true\"><\/div>\n<\/form>\n<\/div>\n\n        <\/div>\n      <\/div>\n    <\/section>\n    <section class=\"u-clearfix u-section-4\" id=\"sec-6944\">\n      <div class=\"u-align-left u-clearfix u-sheet u-sheet-1\">\n        <div class=\"data-layout-selected u-clearfix u-expanded-width-sm u-expanded-width-xs u-layout-wrap u-layout-wrap-1\">\n          <div class=\"u-layout\">\n            <div class=\"u-layout-row\">\n              <div class=\"u-container-style u-layout-cell u-size-20 u-layout-cell-1\">\n                <div class=\"u-container-layout u-container-layout-1\">\n                  <img decoding=\"async\" class=\"u-image u-image-default u-preserve-proportions u-image-1\" src=\"https:\/\/amethyste.fr\/WordPress\/wp-content\/uploads\/orksoft250x250.jpg?_t=1639587534\" alt=\"Contact - orKsoft\" data-image-width=\"250\" data-image-height=\"250\">\n                <\/div>\n              <\/div>\n              <div class=\"u-container-style u-layout-cell u-size-20 u-layout-cell-2\">\n                <div class=\"u-container-layout u-container-layout-2\">\n                  <img decoding=\"async\" class=\"u-image u-image-default u-preserve-proportions u-image-2\" src=\"https:\/\/amethyste.fr\/WordPress\/wp-content\/uploads\/LogoVermarineLinkedincopie-150x150.jpg?_t=1639587537\" alt=\"Contact - Vermarine\" data-image-width=\"150\" data-image-height=\"150\">\n                <\/div>\n              <\/div>\n              <div class=\"u-container-style u-layout-cell u-size-20 u-layout-cell-3\">\n                <div class=\"u-container-layout u-valign-middle-lg u-valign-middle-md u-valign-middle-xl u-container-layout-3\">\n                  <img decoding=\"async\" class=\"u-image u-image-default u-image-3\" src=\"https:\/\/amethyste.fr\/WordPress\/wp-content\/uploads\/logoCyberquartz.png?_t=1639587708\" alt=\"New! - CyberQuartz\" data-image-width=\"1080\" data-image-height=\"884\">\n                <\/div>\n              <\/div>\n            <\/div>\n          <\/div>\n        <\/div>\n      <\/div>\n    <\/section>\n    <section class=\"u-clearfix u-section-5\" id=\"sec-f54e\">\n      <div class=\"u-clearfix u-sheet u-valign-middle u-sheet-1\">\n        <div class=\"u-clearfix u-expanded-width u-layout-wrap u-layout-wrap-1\">\n          <div class=\"u-layout\">\n            <div class=\"u-layout-row\">\n              <div class=\"u-container-style u-layout-cell u-size-30 u-layout-cell-1\">\n                <div class=\"u-container-layout u-container-layout-1\">\n                  <a href=\"https:\/\/amethyste.fr\/WordPress\/en\/amethyste-asset-integrity-management-software\/\" class=\"u-align-center u-btn u-button-style u-hover-palette-1-dark-1 u-palette-1-base u-btn-1\">Accueil<\/a>\n                <\/div>\n              <\/div>\n              <div class=\"u-container-style u-layout-cell u-size-30 u-layout-cell-2\">\n                <div class=\"u-container-layout u-valign-top u-container-layout-2\">\n                  <a href=\"https:\/\/amethyste.fr\/WordPress\/en\/about-amethyste-software\/\" class=\"u-align-center u-btn u-button-style u-hover-palette-1-dark-1 u-palette-1-base u-btn-2\">a propos<\/a>\n                <\/div>\n              <\/div>\n            <\/div>\n          <\/div>\n        <\/div>\n      <\/div>\n    <\/section>\n    <section class=\"u-clearfix u-section-6\" id=\"carousel_3f7e\">\n      <div class=\"u-clearfix u-sheet u-sheet-1\"><\/div>\n    <\/section>\n    \n    \n    \n    \n    \n    \n    \n    \n    \n    \n    \n    \n    \n    \n  \n","protected":false},"excerpt":{"rendered":"<p>Contact Nom Email Objet Message Accepter l&#8217;utilisation des donn\u00e9es personnelles transmises &#8211; utilisation interne uniquement Soumettre Merci ! Votre message a \u00e9t\u00e9 envoy\u00e9. Impossible d&#8217;envoyer votre message. Merci de corriger les erreurs et r\u00e9essayer. Accueil a propos<\/p>\n","protected":false},"author":1,"featured_media":0,"parent":0,"menu_order":2,"comment_status":"closed","ping_status":"closed","template":"","meta":{"footnotes":""},"categories":[1],"tags":[],"class_list":["post-1478","page","type-page","status-publish","hentry","category-uncategorized"],"yoast_head":"<!-- This site is optimized with the Yoast SEO plugin v26.9 - https:\/\/yoast.com\/product\/yoast-seo-wordpress\/ -->\n<title>Contact - Am\u00e9thyste<\/title>\n<meta name=\"description\" content=\"Get in contact with our teams anytime for more information about our products, services, solutions, technical support and training\" \/>\n<meta name=\"robots\" content=\"index, follow, max-snippet:-1, max-image-preview:large, max-video-preview:-1\" \/>\n<link rel=\"canonical\" href=\"https:\/\/amethyste.fr\/WordPress\/contact\/\" \/>\n<meta property=\"og:locale\" content=\"en_US\" \/>\n<meta property=\"og:type\" content=\"article\" \/>\n<meta property=\"og:title\" content=\"Contact - Am\u00e9thyste\" \/>\n<meta property=\"og:description\" content=\"Get in contact with our teams anytime for more information about our products, services, solutions, technical support and training\" \/>\n<meta property=\"og:url\" content=\"https:\/\/amethyste.fr\/WordPress\/contact\/\" \/>\n<meta property=\"og:site_name\" content=\"Am\u00e9thyste\" \/>\n<meta property=\"article:modified_time\" content=\"2026-01-19T09:08:32+00:00\" \/>\n<meta name=\"twitter:card\" content=\"summary_large_image\" \/>\n<script type=\"application\/ld+json\" class=\"yoast-schema-graph\">{\"@context\":\"https:\/\/schema.org\",\"@graph\":[{\"@type\":\"WebPage\",\"@id\":\"https:\/\/amethyste.fr\/WordPress\/contact\/\",\"url\":\"https:\/\/amethyste.fr\/WordPress\/contact\/\",\"name\":\"Contact - Am\u00e9thyste\",\"isPartOf\":{\"@id\":\"https:\/\/amethyste.fr\/WordPress\/en\/amethyste-asset-integrity-management-software\/#website\"},\"datePublished\":\"2021-02-08T10:09:14+00:00\",\"dateModified\":\"2026-01-19T09:08:32+00:00\",\"description\":\"Get in contact with our teams anytime for more information about our products, services, solutions, technical support and training\",\"breadcrumb\":{\"@id\":\"https:\/\/amethyste.fr\/WordPress\/contact\/#breadcrumb\"},\"inLanguage\":\"en-US\",\"potentialAction\":[{\"@type\":\"ReadAction\",\"target\":[\"https:\/\/amethyste.fr\/WordPress\/contact\/\"]}]},{\"@type\":\"BreadcrumbList\",\"@id\":\"https:\/\/amethyste.fr\/WordPress\/contact\/#breadcrumb\",\"itemListElement\":[{\"@type\":\"ListItem\",\"position\":1,\"name\":\"Home\",\"item\":\"https:\/\/amethyste.fr\/WordPress\/\"},{\"@type\":\"ListItem\",\"position\":2,\"name\":\"Contact\"}]},{\"@type\":\"WebSite\",\"@id\":\"https:\/\/amethyste.fr\/WordPress\/en\/amethyste-asset-integrity-management-software\/#website\",\"url\":\"https:\/\/amethyste.fr\/WordPress\/en\/amethyste-asset-integrity-management-software\/\",\"name\":\"Am\u00e9thyste\",\"description\":\"Asset Integrity Management software\",\"publisher\":{\"@id\":\"https:\/\/amethyste.fr\/WordPress\/en\/amethyste-asset-integrity-management-software\/#organization\"},\"potentialAction\":[{\"@type\":\"SearchAction\",\"target\":{\"@type\":\"EntryPoint\",\"urlTemplate\":\"https:\/\/amethyste.fr\/WordPress\/en\/amethyste-asset-integrity-management-software\/?s={search_term_string}\"},\"query-input\":{\"@type\":\"PropertyValueSpecification\",\"valueRequired\":true,\"valueName\":\"search_term_string\"}}],\"inLanguage\":\"en-US\"},{\"@type\":\"Organization\",\"@id\":\"https:\/\/amethyste.fr\/WordPress\/en\/amethyste-asset-integrity-management-software\/#organization\",\"name\":\"Am\u00e9thyste\",\"url\":\"https:\/\/amethyste.fr\/WordPress\/en\/amethyste-asset-integrity-management-software\/\",\"logo\":{\"@type\":\"ImageObject\",\"inLanguage\":\"en-US\",\"@id\":\"https:\/\/amethyste.fr\/WordPress\/en\/amethyste-asset-integrity-management-software\/#\/schema\/logo\/image\/\",\"url\":\"https:\/\/amethyste.fr\/WordPress\/wp-content\/uploads\/Amethyste-2020-80x80-1.png\",\"contentUrl\":\"https:\/\/amethyste.fr\/WordPress\/wp-content\/uploads\/Amethyste-2020-80x80-1.png\",\"width\":80,\"height\":80,\"caption\":\"Am\u00e9thyste\"},\"image\":{\"@id\":\"https:\/\/amethyste.fr\/WordPress\/en\/amethyste-asset-integrity-management-software\/#\/schema\/logo\/image\/\"}}]}<\/script>\n<!-- \/ Yoast SEO plugin. -->","yoast_head_json":{"title":"Contact - Am\u00e9thyste","description":"Get in contact with our teams anytime for more information about our products, services, solutions, technical support and training","robots":{"index":"index","follow":"follow","max-snippet":"max-snippet:-1","max-image-preview":"max-image-preview:large","max-video-preview":"max-video-preview:-1"},"canonical":"https:\/\/amethyste.fr\/WordPress\/contact\/","og_locale":"en_US","og_type":"article","og_title":"Contact - Am\u00e9thyste","og_description":"Get in contact with our teams anytime for more information about our products, services, solutions, technical support and training","og_url":"https:\/\/amethyste.fr\/WordPress\/contact\/","og_site_name":"Am\u00e9thyste","article_modified_time":"2026-01-19T09:08:32+00:00","twitter_card":"summary_large_image","schema":{"@context":"https:\/\/schema.org","@graph":[{"@type":"WebPage","@id":"https:\/\/amethyste.fr\/WordPress\/contact\/","url":"https:\/\/amethyste.fr\/WordPress\/contact\/","name":"Contact - Am\u00e9thyste","isPartOf":{"@id":"https:\/\/amethyste.fr\/WordPress\/en\/amethyste-asset-integrity-management-software\/#website"},"datePublished":"2021-02-08T10:09:14+00:00","dateModified":"2026-01-19T09:08:32+00:00","description":"Get in contact with our teams anytime for more information about our products, services, solutions, technical support and training","breadcrumb":{"@id":"https:\/\/amethyste.fr\/WordPress\/contact\/#breadcrumb"},"inLanguage":"en-US","potentialAction":[{"@type":"ReadAction","target":["https:\/\/amethyste.fr\/WordPress\/contact\/"]}]},{"@type":"BreadcrumbList","@id":"https:\/\/amethyste.fr\/WordPress\/contact\/#breadcrumb","itemListElement":[{"@type":"ListItem","position":1,"name":"Home","item":"https:\/\/amethyste.fr\/WordPress\/"},{"@type":"ListItem","position":2,"name":"Contact"}]},{"@type":"WebSite","@id":"https:\/\/amethyste.fr\/WordPress\/en\/amethyste-asset-integrity-management-software\/#website","url":"https:\/\/amethyste.fr\/WordPress\/en\/amethyste-asset-integrity-management-software\/","name":"Am\u00e9thyste","description":"Asset Integrity Management software","publisher":{"@id":"https:\/\/amethyste.fr\/WordPress\/en\/amethyste-asset-integrity-management-software\/#organization"},"potentialAction":[{"@type":"SearchAction","target":{"@type":"EntryPoint","urlTemplate":"https:\/\/amethyste.fr\/WordPress\/en\/amethyste-asset-integrity-management-software\/?s={search_term_string}"},"query-input":{"@type":"PropertyValueSpecification","valueRequired":true,"valueName":"search_term_string"}}],"inLanguage":"en-US"},{"@type":"Organization","@id":"https:\/\/amethyste.fr\/WordPress\/en\/amethyste-asset-integrity-management-software\/#organization","name":"Am\u00e9thyste","url":"https:\/\/amethyste.fr\/WordPress\/en\/amethyste-asset-integrity-management-software\/","logo":{"@type":"ImageObject","inLanguage":"en-US","@id":"https:\/\/amethyste.fr\/WordPress\/en\/amethyste-asset-integrity-management-software\/#\/schema\/logo\/image\/","url":"https:\/\/amethyste.fr\/WordPress\/wp-content\/uploads\/Amethyste-2020-80x80-1.png","contentUrl":"https:\/\/amethyste.fr\/WordPress\/wp-content\/uploads\/Amethyste-2020-80x80-1.png","width":80,"height":80,"caption":"Am\u00e9thyste"},"image":{"@id":"https:\/\/amethyste.fr\/WordPress\/en\/amethyste-asset-integrity-management-software\/#\/schema\/logo\/image\/"}}]}},"_links":{"self":[{"href":"https:\/\/amethyste.fr\/WordPress\/wp-json\/wp\/v2\/pages\/1478","targetHints":{"allow":["GET"]}}],"collection":[{"href":"https:\/\/amethyste.fr\/WordPress\/wp-json\/wp\/v2\/pages"}],"about":[{"href":"https:\/\/amethyste.fr\/WordPress\/wp-json\/wp\/v2\/types\/page"}],"author":[{"embeddable":true,"href":"https:\/\/amethyste.fr\/WordPress\/wp-json\/wp\/v2\/users\/1"}],"replies":[{"embeddable":true,"href":"https:\/\/amethyste.fr\/WordPress\/wp-json\/wp\/v2\/comments?post=1478"}],"version-history":[{"count":19,"href":"https:\/\/amethyste.fr\/WordPress\/wp-json\/wp\/v2\/pages\/1478\/revisions"}],"predecessor-version":[{"id":3012,"href":"https:\/\/amethyste.fr\/WordPress\/wp-json\/wp\/v2\/pages\/1478\/revisions\/3012"}],"wp:attachment":[{"href":"https:\/\/amethyste.fr\/WordPress\/wp-json\/wp\/v2\/media?parent=1478"}],"wp:term":[{"taxonomy":"category","embeddable":true,"href":"https:\/\/amethyste.fr\/WordPress\/wp-json\/wp\/v2\/categories?post=1478"},{"taxonomy":"post_tag","embeddable":true,"href":"https:\/\/amethyste.fr\/WordPress\/wp-json\/wp\/v2\/tags?post=1478"}],"curies":[{"name":"wp","href":"https:\/\/api.w.org\/{rel}","templated":true}]}}