{"id":1484,"date":"2021-02-08T10:09:20","date_gmt":"2021-02-08T10:09:20","guid":{"rendered":"http:\/\/amethyste.fr\/WordPress\/recruitment\/"},"modified":"2026-01-19T09:14:24","modified_gmt":"2026-01-19T09:14:24","slug":"recruitment","status":"publish","type":"page","link":"https:\/\/amethyste.fr\/WordPress\/recruitment\/","title":{"rendered":"Recruitment"},"content":{"rendered":"\n    \n    <section class=\"u-clearfix u-image u-section-2\" id=\"sec-f83c\" style=\"background-image: url(&quot;https:\/\/amethyste.fr\/WordPress\/wp-content\/uploads\/AdobeStock_331850238.jpeg&quot;);\">\n      <div class=\"u-clearfix u-sheet u-sheet-1\">\n        <h1 class=\"u-align-right u-text u-text-black u-text-1\">Recruitment<\/h1>\n      <\/div>\n    <\/section>\n    <section class=\"u-clearfix u-section-3\" id=\"sec-e85c\">\n      <div class=\"u-clearfix u-sheet u-valign-middle-xl u-sheet-1\">\n        <h2 class=\"u-align-center u-text u-text-default u-text-1\">Rejoignez notre \u00e9quipe!<\/h2>\n        <p class=\"u-align-center u-text u-text-2\">Vous souhaitez int\u00e9grer une&nbsp;structure  innovante au management&nbsp;collaboratif avec 15 ans d'exp\u00e9rience de t\u00e9l\u00e9travail pour d\u00e9velopper des solutions participant \u00e0 la performance et au d\u00e9veloppement de l'hydrog\u00e8ne &amp; des Energies Renouvelables Marines et aidant les industries \u00e0 g\u00e9rer leur risque cyber? <br>\n        <\/p>\n      <\/div>\n    <\/section>\n    <section class=\"u-clearfix u-section-4\" id=\"sec-8439\">\n      <div class=\"u-clearfix u-sheet u-valign-middle u-sheet-1\">\n        <a href=\"https:\/\/amethyste.fr\/WordPress\/a-propos-amethyste\/\" class=\"u-align-center u-btn u-button-style u-hover-palette-1-dark-1 u-palette-1-base u-btn-1\">a propos d'amethyste<\/a>\n      <\/div>\n    <\/section>\n    <section class=\"u-clearfix u-section-5\" id=\"sec-d6e6\">\n      <div class=\"u-clearfix u-sheet u-valign-middle u-sheet-1\">\n        <div class=\"u-expanded-width u-list u-list-1\">\n          <div class=\"u-repeater u-repeater-1\">\n            <div class=\"u-container-style u-list-item u-repeater-item\">\n              <div class=\"u-container-layout u-similar-container u-container-layout-1\">\n                <a href=\"#sec-720f\" class=\"u-align-center u-btn u-button-style u-hover-palette-1-dark-1 u-palette-1-base u-btn-1\">ing\u00e9nieur d\u00e9veloppement<\/a>\n              <\/div>\n            <\/div>\n            <div class=\"u-container-style u-list-item u-repeater-item\">\n              <div class=\"u-container-layout u-similar-container u-container-layout-2\">\n                <a href=\"#sec-034f\" class=\"u-align-center u-btn u-button-style u-hover-palette-1-dark-1 u-palette-1-base u-btn-2\">BUsiness analyste<\/a>\n              <\/div>\n            <\/div>\n          <\/div>\n        <\/div>\n      <\/div>\n    <\/section>\n    <section class=\"u-clearfix u-section-6\" id=\"sec-720f\">\n      <div class=\"u-clearfix u-sheet u-valign-middle u-sheet-1\">\n        <h3 class=\"u-align-center u-text u-text-1\">Development Engineer<br>\n        <\/h3>\n        <p class=\"u-align-left u-large-text u-text u-text-variant u-text-2\">Roles<\/p>\n        <ul class=\"u-align-left u-text u-text-3\">\n          <li>Participate to the development of our software, carry out unitary tests and ensure the integration and conformity of your developments<\/li>\n          <li>Write the appropriate documentation linked to your developments, including technical specifications<br>\n          <\/li>\n          <li>Evaluate your tasks and participate to the weekly and sprint definition meetings<br>\n          <\/li>\n          <li>Maintain your developments and deliver the corresponding level 3 support to our clients<br>\n          <\/li>\n        <\/ul>\n        <p class=\"u-align-left u-large-text u-text u-text-variant u-text-4\">Requirements<\/p>\n        <ul class=\"u-align-left u-text u-text-5\">\n          <li>All levels of experience<br>\n          <\/li>\n          <li>Engineering, Master or IT DUT diploma (minimum 2 years of school)<br>\n          <\/li>\n          <li>C#, .NET,&nbsp; UML, Android\/IOS (ideally Xamarin), SQL\/Server, Entity Framework, Agile Scrum methodology<\/li>\n          <li>B2 English level minimum<\/li>\n        <\/ul>\n        <p class=\"u-align-left u-text u-text-6\">Salary: 30 to 55k euros\/year based on experience<br>\n        <\/p>\n        <p class=\"u-align-left u-text u-text-7\">3 available positions<br>\n        <\/p>\n        <p class=\"u-align-left u-text u-text-8\">Position based in our headquarters in Trouville-sur-Mer (Normandy, France). Very occasionnal international trips.<br>\n        <\/p>\n      <\/div>\n    <\/section>\n    <section class=\"u-clearfix u-section-7\" id=\"sec-034f\">\n      <div class=\"u-clearfix u-sheet u-valign-middle u-sheet-1\">\n        <h3 class=\"u-text u-text-1\">Business Analyst<br>\n        <\/h3>\n        <p class=\"u-large-text u-text u-text-variant u-text-2\">Roles<\/p>\n        <ul class=\"u-text u-text-3\">\n          <li>Collaborate with our COO and our expert network to define the functionnal specifications of the new risk assessment modules and new functionnalities of our software<br>\n          <\/li>\n          <li>Assist our marketing manager in animating our social media and website ny providing the necessary details on new developments<br>\n          <\/li>\n          <li>Define testing plans and carry out testing<\/li>\n          <li>Participate to level 1 &amp; 2 support<\/li>\n          <li>Redact the functionnal and technical documentation, the user guide and the release notes, ensure the training material is up to date<\/li>\n          <li>Participate to the Research Tax Cedit and Innovation Tax Credit redaction<br>\n          <\/li>\n        <\/ul>\n        <p class=\"u-large-text u-text u-text-variant u-text-4\">Requirements<\/p>\n        <ul class=\"u-text u-text-5\">\n          <li>All levels of experience<br>\n          <\/li>\n          <li>Engineering diploma (ideally IT or Applied Mathematics)<br>\n          <\/li>\n          <li>Business process modeling, UML<br>\n          <\/li>\n        <\/ul>\n        <p class=\"u-text u-text-6\">Salary: based on experience<br>\n        <\/p>\n        <p class=\"u-text u-text-7\">2 available positions<br>\n        <\/p>\n        <p class=\"u-text u-text-8\">Position based in our headquarters in Trouville-sur-Mer (Normandy, France). Very occasionnal international trips.<br>\n        <\/p>\n      <\/div>\n    <\/section>\n    <section class=\"u-clearfix u-section-8\" id=\"sec-2c69\">\n      <div class=\"u-clearfix u-sheet u-sheet-1\"><\/div>\n    <\/section>\n    \n    \n    \n    \n    \n    \n    \n    \n    \n    \n    \n    \n    \n    \n  \n","protected":false},"excerpt":{"rendered":"<p>Recruitment Rejoignez notre \u00e9quipe! Vous souhaitez int\u00e9grer une&nbsp;structure innovante au management&nbsp;collaboratif avec 15 ans d&#8217;exp\u00e9rience de t\u00e9l\u00e9travail pour d\u00e9velopper des solutions participant \u00e0 la performance et au d\u00e9veloppement de l&#8217;hydrog\u00e8ne &amp; des Energies Renouvelables Marines et aidant les industries \u00e0 g\u00e9rer leur risque cyber? a propos d&#8217;amethyste ing\u00e9nieur d\u00e9veloppement BUsiness analyste Development Engineer Roles Participate &hellip; <a href=\"https:\/\/amethyste.fr\/WordPress\/recruitment\/\" class=\"more-link\">Continue reading<span class=\"screen-reader-text\"> &#8220;Recruitment&#8221;<\/span><\/a><\/p>\n","protected":false},"author":1,"featured_media":0,"parent":0,"menu_order":8,"comment_status":"closed","ping_status":"closed","template":"","meta":{"footnotes":""},"categories":[1],"tags":[],"class_list":["post-1484","page","type-page","status-publish","hentry","category-uncategorized"],"yoast_head":"<!-- This site is optimized with the Yoast SEO plugin v26.9 - https:\/\/yoast.com\/product\/yoast-seo-wordpress\/ -->\n<title>Recruitment - Am\u00e9thyste<\/title>\n<meta name=\"description\" content=\"Discover our varied recruitment offers based in Normandy, France - available positions Development Engineer, Project Manager, Business Analyst\" \/>\n<meta name=\"robots\" content=\"index, follow, max-snippet:-1, max-image-preview:large, max-video-preview:-1\" \/>\n<link rel=\"canonical\" href=\"https:\/\/amethyste.fr\/WordPress\/recruitment\/\" \/>\n<meta property=\"og:locale\" content=\"en_US\" \/>\n<meta property=\"og:type\" content=\"article\" \/>\n<meta property=\"og:title\" content=\"Recruitment - Am\u00e9thyste\" \/>\n<meta property=\"og:description\" content=\"Discover our varied recruitment offers based in Normandy, France - available positions Development Engineer, Project Manager, Business Analyst\" \/>\n<meta property=\"og:url\" content=\"https:\/\/amethyste.fr\/WordPress\/recruitment\/\" \/>\n<meta property=\"og:site_name\" content=\"Am\u00e9thyste\" \/>\n<meta property=\"article:modified_time\" content=\"2026-01-19T09:14:24+00:00\" \/>\n<meta name=\"twitter:card\" content=\"summary_large_image\" \/>\n<meta name=\"twitter:label1\" content=\"Est. reading time\" \/>\n\t<meta name=\"twitter:data1\" content=\"2 minutes\" \/>\n<script type=\"application\/ld+json\" class=\"yoast-schema-graph\">{\"@context\":\"https:\/\/schema.org\",\"@graph\":[{\"@type\":\"WebPage\",\"@id\":\"https:\/\/amethyste.fr\/WordPress\/recruitment\/\",\"url\":\"https:\/\/amethyste.fr\/WordPress\/recruitment\/\",\"name\":\"Recruitment - Am\u00e9thyste\",\"isPartOf\":{\"@id\":\"https:\/\/amethyste.fr\/WordPress\/en\/amethyste-asset-integrity-management-software\/#website\"},\"datePublished\":\"2021-02-08T10:09:20+00:00\",\"dateModified\":\"2026-01-19T09:14:24+00:00\",\"description\":\"Discover our varied recruitment offers based in Normandy, France - available positions Development Engineer, Project Manager, Business Analyst\",\"breadcrumb\":{\"@id\":\"https:\/\/amethyste.fr\/WordPress\/recruitment\/#breadcrumb\"},\"inLanguage\":\"en-US\",\"potentialAction\":[{\"@type\":\"ReadAction\",\"target\":[\"https:\/\/amethyste.fr\/WordPress\/recruitment\/\"]}]},{\"@type\":\"BreadcrumbList\",\"@id\":\"https:\/\/amethyste.fr\/WordPress\/recruitment\/#breadcrumb\",\"itemListElement\":[{\"@type\":\"ListItem\",\"position\":1,\"name\":\"Home\",\"item\":\"https:\/\/amethyste.fr\/WordPress\/\"},{\"@type\":\"ListItem\",\"position\":2,\"name\":\"Recruitment\"}]},{\"@type\":\"WebSite\",\"@id\":\"https:\/\/amethyste.fr\/WordPress\/en\/amethyste-asset-integrity-management-software\/#website\",\"url\":\"https:\/\/amethyste.fr\/WordPress\/en\/amethyste-asset-integrity-management-software\/\",\"name\":\"Am\u00e9thyste\",\"description\":\"Asset Integrity Management software\",\"publisher\":{\"@id\":\"https:\/\/amethyste.fr\/WordPress\/en\/amethyste-asset-integrity-management-software\/#organization\"},\"potentialAction\":[{\"@type\":\"SearchAction\",\"target\":{\"@type\":\"EntryPoint\",\"urlTemplate\":\"https:\/\/amethyste.fr\/WordPress\/en\/amethyste-asset-integrity-management-software\/?s={search_term_string}\"},\"query-input\":{\"@type\":\"PropertyValueSpecification\",\"valueRequired\":true,\"valueName\":\"search_term_string\"}}],\"inLanguage\":\"en-US\"},{\"@type\":\"Organization\",\"@id\":\"https:\/\/amethyste.fr\/WordPress\/en\/amethyste-asset-integrity-management-software\/#organization\",\"name\":\"Am\u00e9thyste\",\"url\":\"https:\/\/amethyste.fr\/WordPress\/en\/amethyste-asset-integrity-management-software\/\",\"logo\":{\"@type\":\"ImageObject\",\"inLanguage\":\"en-US\",\"@id\":\"https:\/\/amethyste.fr\/WordPress\/en\/amethyste-asset-integrity-management-software\/#\/schema\/logo\/image\/\",\"url\":\"https:\/\/amethyste.fr\/WordPress\/wp-content\/uploads\/Amethyste-2020-80x80-1.png\",\"contentUrl\":\"https:\/\/amethyste.fr\/WordPress\/wp-content\/uploads\/Amethyste-2020-80x80-1.png\",\"width\":80,\"height\":80,\"caption\":\"Am\u00e9thyste\"},\"image\":{\"@id\":\"https:\/\/amethyste.fr\/WordPress\/en\/amethyste-asset-integrity-management-software\/#\/schema\/logo\/image\/\"}}]}<\/script>\n<!-- \/ Yoast SEO plugin. -->","yoast_head_json":{"title":"Recruitment - Am\u00e9thyste","description":"Discover our varied recruitment offers based in Normandy, France - available positions Development Engineer, Project Manager, Business Analyst","robots":{"index":"index","follow":"follow","max-snippet":"max-snippet:-1","max-image-preview":"max-image-preview:large","max-video-preview":"max-video-preview:-1"},"canonical":"https:\/\/amethyste.fr\/WordPress\/recruitment\/","og_locale":"en_US","og_type":"article","og_title":"Recruitment - Am\u00e9thyste","og_description":"Discover our varied recruitment offers based in Normandy, France - available positions Development Engineer, Project Manager, Business Analyst","og_url":"https:\/\/amethyste.fr\/WordPress\/recruitment\/","og_site_name":"Am\u00e9thyste","article_modified_time":"2026-01-19T09:14:24+00:00","twitter_card":"summary_large_image","twitter_misc":{"Est. reading time":"2 minutes"},"schema":{"@context":"https:\/\/schema.org","@graph":[{"@type":"WebPage","@id":"https:\/\/amethyste.fr\/WordPress\/recruitment\/","url":"https:\/\/amethyste.fr\/WordPress\/recruitment\/","name":"Recruitment - Am\u00e9thyste","isPartOf":{"@id":"https:\/\/amethyste.fr\/WordPress\/en\/amethyste-asset-integrity-management-software\/#website"},"datePublished":"2021-02-08T10:09:20+00:00","dateModified":"2026-01-19T09:14:24+00:00","description":"Discover our varied recruitment offers based in Normandy, France - available positions Development Engineer, Project Manager, Business Analyst","breadcrumb":{"@id":"https:\/\/amethyste.fr\/WordPress\/recruitment\/#breadcrumb"},"inLanguage":"en-US","potentialAction":[{"@type":"ReadAction","target":["https:\/\/amethyste.fr\/WordPress\/recruitment\/"]}]},{"@type":"BreadcrumbList","@id":"https:\/\/amethyste.fr\/WordPress\/recruitment\/#breadcrumb","itemListElement":[{"@type":"ListItem","position":1,"name":"Home","item":"https:\/\/amethyste.fr\/WordPress\/"},{"@type":"ListItem","position":2,"name":"Recruitment"}]},{"@type":"WebSite","@id":"https:\/\/amethyste.fr\/WordPress\/en\/amethyste-asset-integrity-management-software\/#website","url":"https:\/\/amethyste.fr\/WordPress\/en\/amethyste-asset-integrity-management-software\/","name":"Am\u00e9thyste","description":"Asset Integrity Management software","publisher":{"@id":"https:\/\/amethyste.fr\/WordPress\/en\/amethyste-asset-integrity-management-software\/#organization"},"potentialAction":[{"@type":"SearchAction","target":{"@type":"EntryPoint","urlTemplate":"https:\/\/amethyste.fr\/WordPress\/en\/amethyste-asset-integrity-management-software\/?s={search_term_string}"},"query-input":{"@type":"PropertyValueSpecification","valueRequired":true,"valueName":"search_term_string"}}],"inLanguage":"en-US"},{"@type":"Organization","@id":"https:\/\/amethyste.fr\/WordPress\/en\/amethyste-asset-integrity-management-software\/#organization","name":"Am\u00e9thyste","url":"https:\/\/amethyste.fr\/WordPress\/en\/amethyste-asset-integrity-management-software\/","logo":{"@type":"ImageObject","inLanguage":"en-US","@id":"https:\/\/amethyste.fr\/WordPress\/en\/amethyste-asset-integrity-management-software\/#\/schema\/logo\/image\/","url":"https:\/\/amethyste.fr\/WordPress\/wp-content\/uploads\/Amethyste-2020-80x80-1.png","contentUrl":"https:\/\/amethyste.fr\/WordPress\/wp-content\/uploads\/Amethyste-2020-80x80-1.png","width":80,"height":80,"caption":"Am\u00e9thyste"},"image":{"@id":"https:\/\/amethyste.fr\/WordPress\/en\/amethyste-asset-integrity-management-software\/#\/schema\/logo\/image\/"}}]}},"_links":{"self":[{"href":"https:\/\/amethyste.fr\/WordPress\/wp-json\/wp\/v2\/pages\/1484","targetHints":{"allow":["GET"]}}],"collection":[{"href":"https:\/\/amethyste.fr\/WordPress\/wp-json\/wp\/v2\/pages"}],"about":[{"href":"https:\/\/amethyste.fr\/WordPress\/wp-json\/wp\/v2\/types\/page"}],"author":[{"embeddable":true,"href":"https:\/\/amethyste.fr\/WordPress\/wp-json\/wp\/v2\/users\/1"}],"replies":[{"embeddable":true,"href":"https:\/\/amethyste.fr\/WordPress\/wp-json\/wp\/v2\/comments?post=1484"}],"version-history":[{"count":16,"href":"https:\/\/amethyste.fr\/WordPress\/wp-json\/wp\/v2\/pages\/1484\/revisions"}],"predecessor-version":[{"id":3013,"href":"https:\/\/amethyste.fr\/WordPress\/wp-json\/wp\/v2\/pages\/1484\/revisions\/3013"}],"wp:attachment":[{"href":"https:\/\/amethyste.fr\/WordPress\/wp-json\/wp\/v2\/media?parent=1484"}],"wp:term":[{"taxonomy":"category","embeddable":true,"href":"https:\/\/amethyste.fr\/WordPress\/wp-json\/wp\/v2\/categories?post=1484"},{"taxonomy":"post_tag","embeddable":true,"href":"https:\/\/amethyste.fr\/WordPress\/wp-json\/wp\/v2\/tags?post=1484"}],"curies":[{"name":"wp","href":"https:\/\/api.w.org\/{rel}","templated":true}]}}