{"id":1498,"date":"2021-02-08T10:09:34","date_gmt":"2021-02-08T10:09:34","guid":{"rendered":"http:\/\/amethyste.fr\/WordPress\/sitemap\/"},"modified":"2021-10-18T13:06:08","modified_gmt":"2021-10-18T13:06:08","slug":"sitemap","status":"publish","type":"page","link":"https:\/\/amethyste.fr\/WordPress\/sitemap\/","title":{"rendered":"Sitemap"},"content":{"rendered":"\n  \n    <section class=\"u-clearfix u-image u-shading u-section-1\" id=\"sec-ef36\" data-image-width=\"964\" data-image-height=\"1080\">\n      <div class=\"u-clearfix u-sheet u-sheet-1\">\n        <h1 class=\"u-text u-text-1\">Sitemap<\/h1>\n      <\/div>\n    <\/section>\n    <section class=\"u-clearfix u-section-2\" id=\"sec-c4bc\">\n      <div class=\"u-clearfix u-sheet u-valign-middle u-sheet-1\">\n        <div class=\"u-expanded-width u-shortcode u-shortcode-1\"> <div class=\"wsp-container\"><h2 class=\"wsp-pages-title\">Pages<\/h2>\n<ul class=\"wsp-pages-list\">\n<li class=\"page_item page-item-2994\"><a href=\"https:\/\/amethyste.fr\/WordPress\/amethyste-hyvolution-2025\/\">Hyvolution 2025<\/a><\/li>\n<li class=\"page_item page-item-1478\"><a href=\"https:\/\/amethyste.fr\/WordPress\/contact\/\">Contact<\/a><\/li>\n<li class=\"page_item page-item-1659\"><a href=\"https:\/\/amethyste.fr\/WordPress\/downloads-prives\/\">Downloads Priv\u00e9s<\/a><\/li>\n<li class=\"page_item page-item-1660\"><a href=\"https:\/\/amethyste.fr\/WordPress\/references-client\/\">R\u00e9f\u00e9rences client<\/a><\/li>\n<li class=\"page_item page-item-1662\"><a href=\"https:\/\/amethyste.fr\/WordPress\/uploads-prives\/\">Uploads Priv\u00e9s<\/a><\/li>\n<li class=\"page_item page-item-1484\"><a href=\"https:\/\/amethyste.fr\/WordPress\/recruitment\/\">Recruitment<\/a><\/li>\n<li class=\"page_item page-item-1666\"><a href=\"https:\/\/amethyste.fr\/WordPress\/nos-partenaires\/\">Nos partenaires<\/a><\/li>\n<li class=\"page_item page-item-1488 page_item_has_children\"><a href=\"https:\/\/amethyste.fr\/WordPress\/latest-news\/\">Latest news<\/a>\n<ul class='children'>\n\t<li class=\"page_item page-item-1821\"><a href=\"https:\/\/amethyste.fr\/WordPress\/latest-news\/news-dashboard-builder\/\">News Dashboard Builder<\/a><\/li>\n<\/ul>\n<\/li>\n<li class=\"page_item page-item-1673\"><a href=\"https:\/\/amethyste.fr\/WordPress\/logiciel-asset-integrity-management-oilandgas\/\">Logiciel Asset Integrity Management Oil&#038;Gas<\/a><\/li>\n<li class=\"page_item page-item-1674\"><a href=\"https:\/\/amethyste.fr\/WordPress\/logiciel-asset-integrity-management-energies-renouvelables\/\">Logiciel Asset Integrity Management Energies Renouvelables<\/a><\/li>\n<li class=\"page_item page-item-1675\"><a href=\"https:\/\/amethyste.fr\/WordPress\/espace-client\/\">Espace Client<\/a><\/li>\n<li class=\"page_item page-item-1677\"><a href=\"https:\/\/amethyste.fr\/WordPress\/\">Am\u00e9thyste &#8211; Logiciels d&#8217;Asset Integrity Management<\/a><\/li>\n<li class=\"page_item page-item-1498\"><a href=\"https:\/\/amethyste.fr\/WordPress\/sitemap\/\">Sitemap<\/a><\/li>\n<li class=\"page_item page-item-1679 page_item_has_children\"><a href=\"https:\/\/amethyste.fr\/WordPress\/modules-asset-integrity-management\/\">Tous nos modules Asset Integrity Management<\/a>\n<ul class='children'>\n\t<li class=\"page_item page-item-1661\"><a href=\"https:\/\/amethyste.fr\/WordPress\/modules-asset-integrity-management\/integrity-operating-windows-api-584\/\">Integrity Operating Windows API 584<\/a><\/li>\n\t<li class=\"page_item page-item-1663\"><a href=\"https:\/\/amethyste.fr\/WordPress\/modules-asset-integrity-management\/module-corrosion-management\/\">Module Corrosion Management, CML et Vie R\u00e9siduelle<\/a><\/li>\n\t<li class=\"page_item page-item-1667\"><a href=\"https:\/\/amethyste.fr\/WordPress\/modules-asset-integrity-management\/rbi-pipeline\/\">Module RBI Pipeline<\/a><\/li>\n\t<li class=\"page_item page-item-2190\"><a href=\"https:\/\/amethyste.fr\/WordPress\/modules-asset-integrity-management\/cyberquartz-logiciel-gestion-risque-cyber\/\">Logiciel de Gestion du Risque Cyber &#8211; CyberQuartz<\/a><\/li>\n\t<li class=\"page_item page-item-1670\"><a href=\"https:\/\/amethyste.fr\/WordPress\/modules-asset-integrity-management\/hse-integrity-management-anomalies\/\">Module HSE &#038; Integrity &#8211; Gestion des Anomalies &#038; Audits<\/a><\/li>\n\t<li class=\"page_item page-item-1676\"><a href=\"https:\/\/amethyste.fr\/WordPress\/modules-asset-integrity-management\/rbi-api-581\/\">Modules RBI API 581<\/a><\/li>\n\t<li class=\"page_item page-item-1683\"><a href=\"https:\/\/amethyste.fr\/WordPress\/modules-asset-integrity-management\/module-rcm\/\">Module RCM &#8211; Maintenance Bas\u00e9e sur la Fiabilit\u00e9<\/a><\/li>\n<\/ul>\n<\/li>\n<li class=\"page_item page-item-1680\"><a href=\"https:\/\/amethyste.fr\/WordPress\/modules-techniques\/\">Modules Techniques<\/a><\/li>\n<li class=\"page_item page-item-1501\"><a href=\"https:\/\/amethyste.fr\/WordPress\/coming-soon\/\">Coming soon<\/a><\/li>\n<li class=\"page_item page-item-1682\"><a href=\"https:\/\/amethyste.fr\/WordPress\/services-associes\/\">Services associ\u00e9s complets pour l&#8217;utilisation de nos logiciels<\/a><\/li>\n<li class=\"page_item page-item-1504\"><a href=\"https:\/\/amethyste.fr\/WordPress\/legal-notice\/\">Legal Notice<\/a><\/li>\n<li class=\"page_item page-item-1685\"><a href=\"https:\/\/amethyste.fr\/WordPress\/a-propos-amethyste\/\">Am\u00e9thyste &#8211; Logiciels de Management Bas\u00e9 sur le Risque<\/a><\/li>\n<\/ul>\n<h2 class=\"wsp-posts-title\">Posts by category<\/h2>\n<ul class=\"wsp-posts-list\">\n\t<li><strong class=\"wsp-category-title\">Category: <a href=\"https:\/\/amethyste.fr\/WordPress\/category\/aim-modules\/\">Modules<\/a><\/strong>\n<\/li>\n\t<li><strong class=\"wsp-category-title\">Category: <a href=\"https:\/\/amethyste.fr\/WordPress\/category\/uncategorized\/\">Uncategorized<\/a><\/strong>\n<\/li>\n<\/ul>\n<h2 class=\"wsp-media_categorys-title\">Categories<\/h2>\n<ul class=\"wsp-media_categorys-list\">\n<li><a href=\"https:\/\/amethyste.fr\/WordPress\/media-category\/captures\/\">Captures<\/a><\/li>\n<li><a href=\"https:\/\/amethyste.fr\/WordPress\/media-category\/events\/\">Events<\/a><\/li>\n<li><a href=\"https:\/\/amethyste.fr\/WordPress\/media-category\/headers\/\">Headers<\/a><\/li>\n<li><a href=\"https:\/\/amethyste.fr\/WordPress\/media-category\/logos\/\">Logos<\/a><\/li>\n<li><a href=\"https:\/\/amethyste.fr\/WordPress\/media-category\/schemes\/\">Schemes<\/a><\/li>\n<\/ul>\n<\/div><\/div>\n      <\/div>\n    <\/section>\n    \n    \n    \n    \n    \n    \n    \n    \n    \n    \n    \n  \n","protected":false},"excerpt":{"rendered":"<p>Sitemap Pages Hyvolution 2025 Contact Downloads Priv\u00e9s R\u00e9f\u00e9rences client Uploads Priv\u00e9s Recruitment Nos partenaires Latest news News Dashboard Builder Logiciel Asset Integrity Management Oil&#038;Gas Logiciel Asset Integrity Management Energies Renouvelables Espace Client Am\u00e9thyste &#8211; Logiciels d&#8217;Asset Integrity Management Sitemap Tous nos modules Asset Integrity Management Integrity Operating Windows API 584 Module Corrosion Management, CML et &hellip; <a href=\"https:\/\/amethyste.fr\/WordPress\/sitemap\/\" class=\"more-link\">Continue reading<span class=\"screen-reader-text\"> &#8220;Sitemap&#8221;<\/span><\/a><\/p>\n","protected":false},"author":1,"featured_media":0,"parent":0,"menu_order":22,"comment_status":"closed","ping_status":"closed","template":"","meta":{"footnotes":""},"categories":[1],"tags":[],"class_list":["post-1498","page","type-page","status-publish","hentry","category-uncategorized"],"yoast_head":"<!-- This site is optimized with the Yoast SEO plugin v26.9 - https:\/\/yoast.com\/product\/yoast-seo-wordpress\/ -->\n<title>Sitemap - Am\u00e9thyste<\/title>\n<meta name=\"robots\" content=\"noindex, follow\" \/>\n<meta property=\"og:locale\" content=\"en_US\" \/>\n<meta property=\"og:type\" content=\"article\" \/>\n<meta property=\"og:title\" content=\"Sitemap - Am\u00e9thyste\" \/>\n<meta property=\"og:description\" content=\"Sitemap Pages Hyvolution 2025 Contact Downloads Priv\u00e9s R\u00e9f\u00e9rences client Uploads Priv\u00e9s Recruitment Nos partenaires Latest news News Dashboard Builder Logiciel Asset Integrity Management Oil&#038;Gas Logiciel Asset Integrity Management Energies Renouvelables Espace Client Am\u00e9thyste &#8211; Logiciels d&#8217;Asset Integrity Management Sitemap Tous nos modules Asset Integrity Management Integrity Operating Windows API 584 Module Corrosion Management, CML et &hellip; Continue reading &quot;Sitemap&quot;\" \/>\n<meta property=\"og:url\" content=\"https:\/\/amethyste.fr\/WordPress\/en\/sitemap\/\" \/>\n<meta property=\"og:site_name\" content=\"Am\u00e9thyste\" \/>\n<meta property=\"article:modified_time\" content=\"2021-10-18T13:06:08+00:00\" \/>\n<meta name=\"twitter:card\" content=\"summary_large_image\" \/>\n<script type=\"application\/ld+json\" class=\"yoast-schema-graph\">{\"@context\":\"https:\/\/schema.org\",\"@graph\":[{\"@type\":\"WebPage\",\"@id\":\"https:\/\/amethyste.fr\/WordPress\/en\/sitemap\/\",\"url\":\"https:\/\/amethyste.fr\/WordPress\/en\/sitemap\/\",\"name\":\"Sitemap - Am\u00e9thyste\",\"isPartOf\":{\"@id\":\"https:\/\/amethyste.fr\/WordPress\/en\/amethyste-asset-integrity-management-software\/#website\"},\"datePublished\":\"2021-02-08T10:09:34+00:00\",\"dateModified\":\"2021-10-18T13:06:08+00:00\",\"breadcrumb\":{\"@id\":\"https:\/\/amethyste.fr\/WordPress\/en\/sitemap\/#breadcrumb\"},\"inLanguage\":\"en-US\",\"potentialAction\":[{\"@type\":\"ReadAction\",\"target\":[\"https:\/\/amethyste.fr\/WordPress\/en\/sitemap\/\"]}]},{\"@type\":\"BreadcrumbList\",\"@id\":\"https:\/\/amethyste.fr\/WordPress\/en\/sitemap\/#breadcrumb\",\"itemListElement\":[{\"@type\":\"ListItem\",\"position\":1,\"name\":\"Home\",\"item\":\"https:\/\/amethyste.fr\/WordPress\/\"},{\"@type\":\"ListItem\",\"position\":2,\"name\":\"Sitemap\"}]},{\"@type\":\"WebSite\",\"@id\":\"https:\/\/amethyste.fr\/WordPress\/en\/amethyste-asset-integrity-management-software\/#website\",\"url\":\"https:\/\/amethyste.fr\/WordPress\/en\/amethyste-asset-integrity-management-software\/\",\"name\":\"Am\u00e9thyste\",\"description\":\"Asset Integrity Management software\",\"publisher\":{\"@id\":\"https:\/\/amethyste.fr\/WordPress\/en\/amethyste-asset-integrity-management-software\/#organization\"},\"potentialAction\":[{\"@type\":\"SearchAction\",\"target\":{\"@type\":\"EntryPoint\",\"urlTemplate\":\"https:\/\/amethyste.fr\/WordPress\/en\/amethyste-asset-integrity-management-software\/?s={search_term_string}\"},\"query-input\":{\"@type\":\"PropertyValueSpecification\",\"valueRequired\":true,\"valueName\":\"search_term_string\"}}],\"inLanguage\":\"en-US\"},{\"@type\":\"Organization\",\"@id\":\"https:\/\/amethyste.fr\/WordPress\/en\/amethyste-asset-integrity-management-software\/#organization\",\"name\":\"Am\u00e9thyste\",\"url\":\"https:\/\/amethyste.fr\/WordPress\/en\/amethyste-asset-integrity-management-software\/\",\"logo\":{\"@type\":\"ImageObject\",\"inLanguage\":\"en-US\",\"@id\":\"https:\/\/amethyste.fr\/WordPress\/en\/amethyste-asset-integrity-management-software\/#\/schema\/logo\/image\/\",\"url\":\"https:\/\/amethyste.fr\/WordPress\/wp-content\/uploads\/Amethyste-2020-80x80-1.png\",\"contentUrl\":\"https:\/\/amethyste.fr\/WordPress\/wp-content\/uploads\/Amethyste-2020-80x80-1.png\",\"width\":80,\"height\":80,\"caption\":\"Am\u00e9thyste\"},\"image\":{\"@id\":\"https:\/\/amethyste.fr\/WordPress\/en\/amethyste-asset-integrity-management-software\/#\/schema\/logo\/image\/\"}}]}<\/script>\n<!-- \/ Yoast SEO plugin. -->","yoast_head_json":{"title":"Sitemap - Am\u00e9thyste","robots":{"index":"noindex","follow":"follow"},"og_locale":"en_US","og_type":"article","og_title":"Sitemap - Am\u00e9thyste","og_description":"Sitemap Pages Hyvolution 2025 Contact Downloads Priv\u00e9s R\u00e9f\u00e9rences client Uploads Priv\u00e9s Recruitment Nos partenaires Latest news News Dashboard Builder Logiciel Asset Integrity Management Oil&#038;Gas Logiciel Asset Integrity Management Energies Renouvelables Espace Client Am\u00e9thyste &#8211; Logiciels d&#8217;Asset Integrity Management Sitemap Tous nos modules Asset Integrity Management Integrity Operating Windows API 584 Module Corrosion Management, CML et &hellip; Continue reading \"Sitemap\"","og_url":"https:\/\/amethyste.fr\/WordPress\/en\/sitemap\/","og_site_name":"Am\u00e9thyste","article_modified_time":"2021-10-18T13:06:08+00:00","twitter_card":"summary_large_image","schema":{"@context":"https:\/\/schema.org","@graph":[{"@type":"WebPage","@id":"https:\/\/amethyste.fr\/WordPress\/en\/sitemap\/","url":"https:\/\/amethyste.fr\/WordPress\/en\/sitemap\/","name":"Sitemap - Am\u00e9thyste","isPartOf":{"@id":"https:\/\/amethyste.fr\/WordPress\/en\/amethyste-asset-integrity-management-software\/#website"},"datePublished":"2021-02-08T10:09:34+00:00","dateModified":"2021-10-18T13:06:08+00:00","breadcrumb":{"@id":"https:\/\/amethyste.fr\/WordPress\/en\/sitemap\/#breadcrumb"},"inLanguage":"en-US","potentialAction":[{"@type":"ReadAction","target":["https:\/\/amethyste.fr\/WordPress\/en\/sitemap\/"]}]},{"@type":"BreadcrumbList","@id":"https:\/\/amethyste.fr\/WordPress\/en\/sitemap\/#breadcrumb","itemListElement":[{"@type":"ListItem","position":1,"name":"Home","item":"https:\/\/amethyste.fr\/WordPress\/"},{"@type":"ListItem","position":2,"name":"Sitemap"}]},{"@type":"WebSite","@id":"https:\/\/amethyste.fr\/WordPress\/en\/amethyste-asset-integrity-management-software\/#website","url":"https:\/\/amethyste.fr\/WordPress\/en\/amethyste-asset-integrity-management-software\/","name":"Am\u00e9thyste","description":"Asset Integrity Management software","publisher":{"@id":"https:\/\/amethyste.fr\/WordPress\/en\/amethyste-asset-integrity-management-software\/#organization"},"potentialAction":[{"@type":"SearchAction","target":{"@type":"EntryPoint","urlTemplate":"https:\/\/amethyste.fr\/WordPress\/en\/amethyste-asset-integrity-management-software\/?s={search_term_string}"},"query-input":{"@type":"PropertyValueSpecification","valueRequired":true,"valueName":"search_term_string"}}],"inLanguage":"en-US"},{"@type":"Organization","@id":"https:\/\/amethyste.fr\/WordPress\/en\/amethyste-asset-integrity-management-software\/#organization","name":"Am\u00e9thyste","url":"https:\/\/amethyste.fr\/WordPress\/en\/amethyste-asset-integrity-management-software\/","logo":{"@type":"ImageObject","inLanguage":"en-US","@id":"https:\/\/amethyste.fr\/WordPress\/en\/amethyste-asset-integrity-management-software\/#\/schema\/logo\/image\/","url":"https:\/\/amethyste.fr\/WordPress\/wp-content\/uploads\/Amethyste-2020-80x80-1.png","contentUrl":"https:\/\/amethyste.fr\/WordPress\/wp-content\/uploads\/Amethyste-2020-80x80-1.png","width":80,"height":80,"caption":"Am\u00e9thyste"},"image":{"@id":"https:\/\/amethyste.fr\/WordPress\/en\/amethyste-asset-integrity-management-software\/#\/schema\/logo\/image\/"}}]}},"_links":{"self":[{"href":"https:\/\/amethyste.fr\/WordPress\/wp-json\/wp\/v2\/pages\/1498","targetHints":{"allow":["GET"]}}],"collection":[{"href":"https:\/\/amethyste.fr\/WordPress\/wp-json\/wp\/v2\/pages"}],"about":[{"href":"https:\/\/amethyste.fr\/WordPress\/wp-json\/wp\/v2\/types\/page"}],"author":[{"embeddable":true,"href":"https:\/\/amethyste.fr\/WordPress\/wp-json\/wp\/v2\/users\/1"}],"replies":[{"embeddable":true,"href":"https:\/\/amethyste.fr\/WordPress\/wp-json\/wp\/v2\/comments?post=1498"}],"version-history":[{"count":2,"href":"https:\/\/amethyste.fr\/WordPress\/wp-json\/wp\/v2\/pages\/1498\/revisions"}],"predecessor-version":[{"id":1584,"href":"https:\/\/amethyste.fr\/WordPress\/wp-json\/wp\/v2\/pages\/1498\/revisions\/1584"}],"wp:attachment":[{"href":"https:\/\/amethyste.fr\/WordPress\/wp-json\/wp\/v2\/media?parent=1498"}],"wp:term":[{"taxonomy":"category","embeddable":true,"href":"https:\/\/amethyste.fr\/WordPress\/wp-json\/wp\/v2\/categories?post=1498"},{"taxonomy":"post_tag","embeddable":true,"href":"https:\/\/amethyste.fr\/WordPress\/wp-json\/wp\/v2\/tags?post=1498"}],"curies":[{"name":"wp","href":"https:\/\/api.w.org\/{rel}","templated":true}]}}