{"id":1504,"date":"2021-02-08T10:09:40","date_gmt":"2021-02-08T10:09:40","guid":{"rendered":"http:\/\/amethyste.fr\/WordPress\/legal-notice\/"},"modified":"2022-03-01T07:35:48","modified_gmt":"2022-03-01T07:35:48","slug":"legal-notice","status":"publish","type":"page","link":"https:\/\/amethyste.fr\/WordPress\/legal-notice\/","title":{"rendered":"Legal Notice"},"content":{"rendered":"\n    \n    <section class=\"u-clearfix u-image u-section-2\" id=\"sec-8029\" data-image-width=\"964\" data-image-height=\"1080\" style=\"background-image: url(&quot;https:\/\/amethyste.fr\/WordPress\/wp-content\/uploads\/1567161031_sitemap-mob_2.jpg&quot;);\">\n      <div class=\"u-clearfix u-sheet u-sheet-1\"><\/div>\n    <\/section>\n    <section class=\"u-clearfix u-section-3\" id=\"sec-61ef\">\n      <div class=\"u-clearfix u-sheet u-sheet-1\">\n        <h1 class=\"u-align-center u-text u-text-1\">Legal Notice<\/h1>\n      <\/div>\n    <\/section>\n    <section class=\"u-clearfix u-section-4\" id=\"sec-f195\">\n      <div class=\"u-clearfix u-sheet u-valign-middle u-sheet-1\">\n        <h3 class=\"u-text u-text-default u-text-1\">Editor &amp; Host<\/h3>\n        <p class=\"u-text u-text-2\">The website's Publications Director (as defined below) is the company:<br><b>Am\u00e9thyste<\/b>\n          <br> Trade Register of <b>Paris (Siret) Number 379 167 786 00043<\/b>\n          <br> Whose headquarters are at <b>1 chemin des Fr\u00e9monts, 14360 Trouville-sur-Mer, France<\/b>&nbsp;<br>\n          <br>The host for this website is: <b>OVH<br> 2, rue Kellermann<br> 59100 Roubaix<br> France<\/b>\n        <\/p>\n      <\/div>\n    <\/section>\n    <section class=\"u-clearfix u-section-5\" id=\"carousel_5c5d\">\n      <div class=\"u-clearfix u-sheet u-valign-middle u-sheet-1\">\n        <h3 class=\"u-text u-text-default u-text-1\">Terms and conditions<\/h3>\n        <p class=\"u-text u-text-2\">By accessing the Am\u00e9thyste website whose homepage is at\n the address http:\/\/www.amethyste.fr and all of its tree structure \n(hereinafter called overall the \"Website\"), you accept this legal notice\n and in particular these terms and conditions of use. Therefore any \nbrowsing and\/or use of on the Website confirms acceptance of these terms\n and conditions.<br> If these terms and conditions are not accepted, any browsing and\/or use of the Website must cease.<br>\n        <\/p>\n      <\/div>\n    <\/section>\n    <section class=\"u-clearfix u-section-6\" id=\"carousel_7c77\">\n      <div class=\"u-clearfix u-sheet u-sheet-1\">\n        <h3 class=\"u-text u-text-default u-text-1\">Warning<\/h3>\n        <p class=\"u-text u-text-2\">The Website and its content, including that relating to products is only\n provided for illustrative purposes and does not, in any case, \nconstitute an offer. This information may be amended without notice and \nat any time at the sole discretion of Publications Director. \nAccordingly, and in any event, the Publications Director cannot be bound\n by any contractual obligation in respect of the information, \nparticularly concerning the products presented. You are expressly \nreminded that the Publications Director cannot be held responsible for \nthe use of content from independent websites whose links may appear on \nhttp:\/\/www.amethyste.fr\/<br>\n        <\/p>\n      <\/div>\n    <\/section>\n    <section class=\"u-clearfix u-section-7\" id=\"carousel_e82b\">\n      <div class=\"u-clearfix u-sheet u-valign-middle u-sheet-1\">\n        <h3 class=\"u-text u-text-default u-text-1\">Intellectual Property Rights<\/h3>\n        <p class=\"u-text u-text-2\">The entire website is subject to the French and international copyright and intellectual property legislation.<br> All rights of reproduction and dissemination are reserved, including \ndownloadable documents, animations, photos and iconographic \nrepresentations.<br> The reproduction and\/or whole or partial dissemination of the Website \nusing networks or on any medium, electronic or not, is formally \nprohibited unless express permission is granted by the Publications \nDirector.<br> Therefore, as a non-exhaustive example, the use of the Am\u00e9thyste name or Am\u00e9thyste\n logo especially as an Internet link either to the address \nhttp:\/\/www.amethyste.fr\/ or to any other website is prohibited, without \nprior written permission from the Publications Director.&nbsp;<br>\n          <br>It is specified that:<br>\n        <\/p>\n        <ul class=\"u-text u-text-3\">\n          <li style=\"\"> &nbsp;linking to the Website may not be performed without permission from the Publications Director, <\/li>\n          <li style=\"\"> The use of the Website, in whole or in part, by means of framing is formally prohibited.<br>\n          <\/li>\n        <\/ul>\n        <p class=\"u-text u-text-4\">The word \"Am\u00e9thyste\" indicates a Network of independent companies offering services or making similar products based on licenses.<\/p>\n      <\/div>\n    <\/section>\n    <section class=\"u-clearfix u-section-8\" id=\"carousel_362b\">\n      <div class=\"u-clearfix u-sheet u-valign-middle u-sheet-1\">\n        <h3 class=\"u-text u-text-default u-text-1\">Informatics and data freedom<\/h3>\n        <p class=\"u-text u-text-2\">You can contact the Publications Director on the Website by completing an electronic form.<br> The Publications Director may therefore ask you for personal, mandatory \nand\/or optional information to complete forms, such as, your name, \nphysical address and email address, etc.\nNot completing the available fields will not have any consequences \napart from giving the Publications Director the opportunity to reply to \nyou.<br> The Publications Director shall then use this information solely to \nreply to you by their chosen means, i.e., as a non-exhaustive example, \nby post, telephone or email.\nIn any event, The Publications Director undertakes to respect the \nconfidentiality of the information provided by visitors to the Website. \nSimilarly, the Publications Director shall not trade information from \nvisitors to third parties.<br> In order to respond to your requests the Publications Director may \ntransfer your personal data to its local companies who will be bound to \ncomply with the French \"Informatics and Freedoms\" act of 6 January 1978 \nand European directive 97\/66\/EC.<br> Moreover, in accordance with Articles 27 and 34 of the \"Informatics and \nFreedoms\" act of 6 January 1978, you have the right to access, amend and\n correct any data relating to you by contacting the Publications \nDirector .<br>\n        <\/p>\n      <\/div>\n    <\/section>\n    <section class=\"u-clearfix u-section-9\" id=\"carousel_d17e\">\n      <div class=\"u-clearfix u-sheet u-sheet-1\">\n        <h3 class=\"u-text u-text-default u-text-1\">Collecting statistical data<\/h3>\n        <p class=\"u-text u-text-2\">It is specified that the Publications Director may measure, by way of\n an illustrative and non-exhaustive example, the number of pages viewed,\n the number of visits and browsing by visitors on the Website with the \naim of improving the Website's performance.\nThe Publications Director shall use the log files issued by and stored on its server to do this.\nThe log files - kept for one year - trace the IP address of the Internet user and their navigation path.<br> The Publications Director shall analyse visitors to the Website by using\n these connection data to find out their IP addresses. This information \nis not kept beyond a year.<br>\n        <\/p>\n      <\/div>\n    <\/section>\n    <section class=\"u-clearfix u-section-10\" id=\"sec-401a\">\n      <div class=\"u-clearfix u-sheet u-sheet-1\"><\/div>\n    <\/section>\n    \n    \n    \n    \n    \n    \n    \n    \n    \n    \n    \n    \n    \n  \n","protected":false},"excerpt":{"rendered":"<p>Legal Notice Editor &amp; Host The website&rsquo;s Publications Director (as defined below) is the company:Am\u00e9thyste Trade Register of Paris (Siret) Number 379 167 786 00043 Whose headquarters are at 1 chemin des Fr\u00e9monts, 14360 Trouville-sur-Mer, France&nbsp; The host for this website is: OVH 2, rue Kellermann 59100 Roubaix France Terms and conditions By accessing the &hellip; <a href=\"https:\/\/amethyste.fr\/WordPress\/legal-notice\/\" class=\"more-link\">Continue reading<span class=\"screen-reader-text\"> \u00ab\u00a0Legal Notice\u00a0\u00bb<\/span><\/a><\/p>\n","protected":false},"author":1,"featured_media":0,"parent":0,"menu_order":28,"comment_status":"closed","ping_status":"closed","template":"","meta":{"footnotes":""},"categories":[1],"tags":[],"class_list":["post-1504","page","type-page","status-publish","hentry","category-uncategorized"],"yoast_head":"<!-- This site is optimized with the Yoast SEO plugin v26.9 - https:\/\/yoast.com\/product\/yoast-seo-wordpress\/ -->\n<title>Legal Notice - Am\u00e9thyste<\/title>\n<meta name=\"robots\" content=\"noindex, follow\" \/>\n<meta property=\"og:locale\" content=\"fr_FR\" \/>\n<meta property=\"og:type\" content=\"article\" \/>\n<meta property=\"og:title\" content=\"Legal Notice - Am\u00e9thyste\" \/>\n<meta property=\"og:description\" content=\"Legal Notice Editor &amp; Host The website&#039;s Publications Director (as defined below) is the company:Am\u00e9thyste Trade Register of Paris (Siret) Number 379 167 786 00043 Whose headquarters are at 1 chemin des Fr\u00e9monts, 14360 Trouville-sur-Mer, France&nbsp; The host for this website is: OVH 2, rue Kellermann 59100 Roubaix France Terms and conditions By accessing the &hellip; Continue reading &quot;Legal Notice&quot;\" \/>\n<meta property=\"og:url\" content=\"https:\/\/amethyste.fr\/WordPress\/en\/legal-notice\/\" \/>\n<meta property=\"og:site_name\" content=\"Am\u00e9thyste\" \/>\n<meta property=\"article:modified_time\" content=\"2022-03-01T07:35:48+00:00\" \/>\n<meta name=\"twitter:card\" content=\"summary_large_image\" \/>\n<meta name=\"twitter:label1\" content=\"Dur\u00e9e de lecture estim\u00e9e\" \/>\n\t<meta name=\"twitter:data1\" content=\"3 minutes\" \/>\n<script type=\"application\/ld+json\" class=\"yoast-schema-graph\">{\"@context\":\"https:\/\/schema.org\",\"@graph\":[{\"@type\":\"WebPage\",\"@id\":\"https:\/\/amethyste.fr\/WordPress\/en\/legal-notice\/\",\"url\":\"https:\/\/amethyste.fr\/WordPress\/en\/legal-notice\/\",\"name\":\"Legal Notice - Am\u00e9thyste\",\"isPartOf\":{\"@id\":\"https:\/\/amethyste.fr\/WordPress\/en\/amethyste-asset-integrity-management-software\/#website\"},\"datePublished\":\"2021-02-08T10:09:40+00:00\",\"dateModified\":\"2022-03-01T07:35:48+00:00\",\"breadcrumb\":{\"@id\":\"https:\/\/amethyste.fr\/WordPress\/en\/legal-notice\/#breadcrumb\"},\"inLanguage\":\"fr-FR\",\"potentialAction\":[{\"@type\":\"ReadAction\",\"target\":[\"https:\/\/amethyste.fr\/WordPress\/en\/legal-notice\/\"]}]},{\"@type\":\"BreadcrumbList\",\"@id\":\"https:\/\/amethyste.fr\/WordPress\/en\/legal-notice\/#breadcrumb\",\"itemListElement\":[{\"@type\":\"ListItem\",\"position\":1,\"name\":\"Home\",\"item\":\"https:\/\/amethyste.fr\/WordPress\/\"},{\"@type\":\"ListItem\",\"position\":2,\"name\":\"Legal Notice\"}]},{\"@type\":\"WebSite\",\"@id\":\"https:\/\/amethyste.fr\/WordPress\/en\/amethyste-asset-integrity-management-software\/#website\",\"url\":\"https:\/\/amethyste.fr\/WordPress\/en\/amethyste-asset-integrity-management-software\/\",\"name\":\"Am\u00e9thyste\",\"description\":\"Asset Integrity Management software\",\"publisher\":{\"@id\":\"https:\/\/amethyste.fr\/WordPress\/en\/amethyste-asset-integrity-management-software\/#organization\"},\"potentialAction\":[{\"@type\":\"SearchAction\",\"target\":{\"@type\":\"EntryPoint\",\"urlTemplate\":\"https:\/\/amethyste.fr\/WordPress\/en\/amethyste-asset-integrity-management-software\/?s={search_term_string}\"},\"query-input\":{\"@type\":\"PropertyValueSpecification\",\"valueRequired\":true,\"valueName\":\"search_term_string\"}}],\"inLanguage\":\"fr-FR\"},{\"@type\":\"Organization\",\"@id\":\"https:\/\/amethyste.fr\/WordPress\/en\/amethyste-asset-integrity-management-software\/#organization\",\"name\":\"Am\u00e9thyste\",\"url\":\"https:\/\/amethyste.fr\/WordPress\/en\/amethyste-asset-integrity-management-software\/\",\"logo\":{\"@type\":\"ImageObject\",\"inLanguage\":\"fr-FR\",\"@id\":\"https:\/\/amethyste.fr\/WordPress\/en\/amethyste-asset-integrity-management-software\/#\/schema\/logo\/image\/\",\"url\":\"https:\/\/amethyste.fr\/WordPress\/wp-content\/uploads\/Amethyste-2020-80x80-1.png\",\"contentUrl\":\"https:\/\/amethyste.fr\/WordPress\/wp-content\/uploads\/Amethyste-2020-80x80-1.png\",\"width\":80,\"height\":80,\"caption\":\"Am\u00e9thyste\"},\"image\":{\"@id\":\"https:\/\/amethyste.fr\/WordPress\/en\/amethyste-asset-integrity-management-software\/#\/schema\/logo\/image\/\"}}]}<\/script>\n<!-- \/ Yoast SEO plugin. -->","yoast_head_json":{"title":"Legal Notice - Am\u00e9thyste","robots":{"index":"noindex","follow":"follow"},"og_locale":"fr_FR","og_type":"article","og_title":"Legal Notice - Am\u00e9thyste","og_description":"Legal Notice Editor &amp; Host The website's Publications Director (as defined below) is the company:Am\u00e9thyste Trade Register of Paris (Siret) Number 379 167 786 00043 Whose headquarters are at 1 chemin des Fr\u00e9monts, 14360 Trouville-sur-Mer, France&nbsp; The host for this website is: OVH 2, rue Kellermann 59100 Roubaix France Terms and conditions By accessing the &hellip; Continue reading \"Legal Notice\"","og_url":"https:\/\/amethyste.fr\/WordPress\/en\/legal-notice\/","og_site_name":"Am\u00e9thyste","article_modified_time":"2022-03-01T07:35:48+00:00","twitter_card":"summary_large_image","twitter_misc":{"Dur\u00e9e de lecture estim\u00e9e":"3 minutes"},"schema":{"@context":"https:\/\/schema.org","@graph":[{"@type":"WebPage","@id":"https:\/\/amethyste.fr\/WordPress\/en\/legal-notice\/","url":"https:\/\/amethyste.fr\/WordPress\/en\/legal-notice\/","name":"Legal Notice - Am\u00e9thyste","isPartOf":{"@id":"https:\/\/amethyste.fr\/WordPress\/en\/amethyste-asset-integrity-management-software\/#website"},"datePublished":"2021-02-08T10:09:40+00:00","dateModified":"2022-03-01T07:35:48+00:00","breadcrumb":{"@id":"https:\/\/amethyste.fr\/WordPress\/en\/legal-notice\/#breadcrumb"},"inLanguage":"fr-FR","potentialAction":[{"@type":"ReadAction","target":["https:\/\/amethyste.fr\/WordPress\/en\/legal-notice\/"]}]},{"@type":"BreadcrumbList","@id":"https:\/\/amethyste.fr\/WordPress\/en\/legal-notice\/#breadcrumb","itemListElement":[{"@type":"ListItem","position":1,"name":"Home","item":"https:\/\/amethyste.fr\/WordPress\/"},{"@type":"ListItem","position":2,"name":"Legal Notice"}]},{"@type":"WebSite","@id":"https:\/\/amethyste.fr\/WordPress\/en\/amethyste-asset-integrity-management-software\/#website","url":"https:\/\/amethyste.fr\/WordPress\/en\/amethyste-asset-integrity-management-software\/","name":"Am\u00e9thyste","description":"Asset Integrity Management software","publisher":{"@id":"https:\/\/amethyste.fr\/WordPress\/en\/amethyste-asset-integrity-management-software\/#organization"},"potentialAction":[{"@type":"SearchAction","target":{"@type":"EntryPoint","urlTemplate":"https:\/\/amethyste.fr\/WordPress\/en\/amethyste-asset-integrity-management-software\/?s={search_term_string}"},"query-input":{"@type":"PropertyValueSpecification","valueRequired":true,"valueName":"search_term_string"}}],"inLanguage":"fr-FR"},{"@type":"Organization","@id":"https:\/\/amethyste.fr\/WordPress\/en\/amethyste-asset-integrity-management-software\/#organization","name":"Am\u00e9thyste","url":"https:\/\/amethyste.fr\/WordPress\/en\/amethyste-asset-integrity-management-software\/","logo":{"@type":"ImageObject","inLanguage":"fr-FR","@id":"https:\/\/amethyste.fr\/WordPress\/en\/amethyste-asset-integrity-management-software\/#\/schema\/logo\/image\/","url":"https:\/\/amethyste.fr\/WordPress\/wp-content\/uploads\/Amethyste-2020-80x80-1.png","contentUrl":"https:\/\/amethyste.fr\/WordPress\/wp-content\/uploads\/Amethyste-2020-80x80-1.png","width":80,"height":80,"caption":"Am\u00e9thyste"},"image":{"@id":"https:\/\/amethyste.fr\/WordPress\/en\/amethyste-asset-integrity-management-software\/#\/schema\/logo\/image\/"}}]}},"_links":{"self":[{"href":"https:\/\/amethyste.fr\/WordPress\/wp-json\/wp\/v2\/pages\/1504","targetHints":{"allow":["GET"]}}],"collection":[{"href":"https:\/\/amethyste.fr\/WordPress\/wp-json\/wp\/v2\/pages"}],"about":[{"href":"https:\/\/amethyste.fr\/WordPress\/wp-json\/wp\/v2\/types\/page"}],"author":[{"embeddable":true,"href":"https:\/\/amethyste.fr\/WordPress\/wp-json\/wp\/v2\/users\/1"}],"replies":[{"embeddable":true,"href":"https:\/\/amethyste.fr\/WordPress\/wp-json\/wp\/v2\/comments?post=1504"}],"version-history":[{"count":3,"href":"https:\/\/amethyste.fr\/WordPress\/wp-json\/wp\/v2\/pages\/1504\/revisions"}],"predecessor-version":[{"id":2452,"href":"https:\/\/amethyste.fr\/WordPress\/wp-json\/wp\/v2\/pages\/1504\/revisions\/2452"}],"wp:attachment":[{"href":"https:\/\/amethyste.fr\/WordPress\/wp-json\/wp\/v2\/media?parent=1504"}],"wp:term":[{"taxonomy":"category","embeddable":true,"href":"https:\/\/amethyste.fr\/WordPress\/wp-json\/wp\/v2\/categories?post=1504"},{"taxonomy":"post_tag","embeddable":true,"href":"https:\/\/amethyste.fr\/WordPress\/wp-json\/wp\/v2\/tags?post=1504"}],"curies":[{"name":"wp","href":"https:\/\/api.w.org\/{rel}","templated":true}]}}