{"id":1660,"date":"2021-02-17T16:06:56","date_gmt":"2021-02-17T16:06:56","guid":{"rendered":"http:\/\/amethyste.fr\/WordPress\/?page_id=1660"},"modified":"2023-10-25T12:26:04","modified_gmt":"2023-10-25T12:26:04","slug":"references-client","status":"publish","type":"page","link":"https:\/\/amethyste.fr\/WordPress\/references-client\/","title":{"rendered":"R\u00e9f\u00e9rences client"},"content":{"rendered":"\n    \n    <section class=\"u-clearfix u-image u-section-2\" id=\"sec-9636\" data-image-width=\"1280\" data-image-height=\"634\" style=\"background-image: url(&quot;https:\/\/amethyste.fr\/WordPress\/wp-content\/uploads\/55e8d3454c52a514f6da8c7dda793678153bdee757596c48732e7bd7904bc25bb8_1280.jpg&quot;);\">\n      <div class=\"u-clearfix u-sheet u-sheet-1\">\n        <h1 class=\"u-text u-text-body-alt-color u-text-1\" data-lang-fr=\"R\u00e9f\u00e9rences<br>\n        \" data-lang-en=\"References<br>\n        \">R\u00e9f\u00e9rences<br>\n        <\/h1>\n      <\/div>\n    <\/section>\n    <section class=\"u-clearfix u-section-3\" id=\"sec-6925\">\n      <div class=\"u-clearfix u-sheet u-valign-middle u-sheet-1\">\n        <img decoding=\"async\" src=\"https:\/\/amethyste.fr\/WordPress\/wp-content\/uploads\/rfrences.png?_t=1634624588\" alt=\"Toutes nos r\u00e9f\u00e9rences client\" class=\"u-expanded-width u-image u-image-default u-image-1\" data-image-width=\"1847\" data-image-height=\"857\" data-lang-fr=\"Toutes nos r\u00e9f\u00e9rences client\" data-lang-en=\"Toutes nos r\u00e9f\u00e9rences client\">\n      <\/div>\n    <\/section>\n    <section class=\"u-clearfix u-section-4\" id=\"sec-27df\">\n      <div class=\"u-align-left u-clearfix u-sheet u-valign-middle u-sheet-1\">\n        <div class=\"data-layout-selected u-clearfix u-expanded-width u-layout-wrap u-layout-wrap-1\">\n          <div class=\"u-layout\">\n            <div class=\"u-layout-row\">\n              <div class=\"u-align-center-sm u-align-center-xs u-container-style u-layout-cell u-size-20 u-layout-cell-1\">\n                <div class=\"u-container-layout u-container-layout-1\">\n                  <a href=\"https:\/\/amethyste.fr\/WordPress\/logiciel-asset-integrity-management-oilandgas\/\" class=\"u-align-center-lg u-align-center-xl u-align-left-md u-align-left-sm u-align-left-xs u-btn u-button-style u-hover-palette-1-dark-1 u-palette-1-base u-btn-1\" data-lang-fr=\"{&quot;content&quot;:&quot;d\u00e9couvrez orksoft\u00ae\\n&quot;,&quot;href&quot;:&quot;https:\/\/amethyste.fr\/WordPress\/logiciel-asset-integrity-management-oilandgas\/&quot;}\" data-lang-en=\"{&quot;content&quot;:&quot;discover orksoft\u00ae\\n&quot;,&quot;href&quot;:&quot;https:\/\/amethyste.fr\/WordPress\/logiciel-asset-integrity-management-oilandgas\/&quot;}\">d\u00e9couvrez orksoft\u00ae <\/a>\n                <\/div>\n              <\/div>\n              <div class=\"u-container-style u-layout-cell u-size-20 u-layout-cell-2\">\n                <div class=\"u-container-layout u-container-layout-2\">\n                  <a href=\"https:\/\/amethyste.fr\/WordPress\/logiciel-asset-integrity-management-energies-renouvelables\/\" class=\"u-align-center u-btn u-button-style u-hover-palette-1-dark-1 u-palette-1-base u-btn-2\" data-lang-fr=\"{&quot;content&quot;:&quot;d\u00e9couvrez vermarine\u00ae&quot;,&quot;href&quot;:&quot;https:\/\/amethyste.fr\/WordPress\/logiciel-asset-integrity-management-energies-renouvelables\/&quot;}\" data-lang-en=\"{&quot;content&quot;:&quot;discover vermarine\u00ae&quot;,&quot;href&quot;:&quot;https:\/\/amethyste.fr\/WordPress\/logiciel-asset-integrity-management-energies-renouvelables\/&quot;}\">d\u00e9couvrez vermarine\u00ae<\/a>\n                <\/div>\n              <\/div>\n              <div class=\"u-container-style u-layout-cell u-size-20 u-layout-cell-3\">\n                <div class=\"u-container-layout u-container-layout-3\">\n                  <a href=\"https:\/\/amethyste.fr\/WordPress\/fr\/services-associes\/\" class=\"u-align-center-lg u-align-center-sm u-align-center-xl u-align-center-xs u-align-right-md u-btn u-button-style u-hover-palette-1-dark-1 u-palette-1-base u-btn-3\" data-lang-fr=\"{&quot;content&quot;:&quot;nos services&quot;,&quot;href&quot;:&quot;https:\/\/amethyste.fr\/WordPress\/fr\/services-associes\/&quot;}\" data-lang-en=\"{&quot;content&quot;:&quot;our services&quot;,&quot;href&quot;:&quot;https:\/\/amethyste.fr\/WordPress\/fr\/services-associes\/&quot;}\">nos services<\/a>\n                <\/div>\n              <\/div>\n            <\/div>\n          <\/div>\n        <\/div>\n      <\/div>\n    <\/section>\n    <section class=\"u-clearfix u-section-5\" id=\"sec-11b4\">\n      <div class=\"u-clearfix u-sheet u-sheet-1\"><\/div>\n    <\/section>\n    \n    \n    \n    \n    \n    \n    \n    \n    \n    \n    \n    \n    \n    \n  \n","protected":false},"excerpt":{"rendered":"<p>R\u00e9f\u00e9rences d\u00e9couvrez orksoft\u00ae d\u00e9couvrez vermarine\u00ae nos services<\/p>\n","protected":false},"author":1,"featured_media":0,"parent":0,"menu_order":4,"comment_status":"closed","ping_status":"closed","template":"","meta":{"footnotes":""},"categories":[1],"tags":[],"class_list":["post-1660","page","type-page","status-publish","hentry","category-uncategorized"],"yoast_head":"<!-- This site is optimized with the Yoast SEO plugin v26.9 - https:\/\/yoast.com\/product\/yoast-seo-wordpress\/ -->\n<title>R\u00e9f\u00e9rences client - Am\u00e9thyste<\/title>\n<meta name=\"description\" content=\"30 ans d&#039;exp\u00e9rience en d\u00e9veloppement de logiciels d&#039;AIM et RBI grace \u00e0 nos r\u00e9f\u00e9rences client en Oil&amp;Gas et Energies Nouvelles\" \/>\n<meta name=\"robots\" content=\"index, follow, max-snippet:-1, max-image-preview:large, max-video-preview:-1\" \/>\n<link rel=\"canonical\" href=\"https:\/\/amethyste.fr\/WordPress\/references-client\/\" \/>\n<meta property=\"og:locale\" content=\"en_US\" \/>\n<meta property=\"og:type\" content=\"article\" \/>\n<meta property=\"og:title\" content=\"R\u00e9f\u00e9rences client - Am\u00e9thyste\" \/>\n<meta property=\"og:description\" content=\"30 ans d&#039;exp\u00e9rience en d\u00e9veloppement de logiciels d&#039;AIM et RBI grace \u00e0 nos r\u00e9f\u00e9rences client en Oil&amp;Gas et Energies Nouvelles\" \/>\n<meta property=\"og:url\" content=\"https:\/\/amethyste.fr\/WordPress\/references-client\/\" \/>\n<meta property=\"og:site_name\" content=\"Am\u00e9thyste\" \/>\n<meta property=\"article:modified_time\" content=\"2023-10-25T12:26:04+00:00\" \/>\n<meta name=\"twitter:card\" content=\"summary_large_image\" \/>\n<script type=\"application\/ld+json\" class=\"yoast-schema-graph\">{\"@context\":\"https:\/\/schema.org\",\"@graph\":[{\"@type\":\"WebPage\",\"@id\":\"https:\/\/amethyste.fr\/WordPress\/references-client\/\",\"url\":\"https:\/\/amethyste.fr\/WordPress\/references-client\/\",\"name\":\"R\u00e9f\u00e9rences client - Am\u00e9thyste\",\"isPartOf\":{\"@id\":\"https:\/\/amethyste.fr\/WordPress\/en\/amethyste-asset-integrity-management-software\/#website\"},\"datePublished\":\"2021-02-17T16:06:56+00:00\",\"dateModified\":\"2023-10-25T12:26:04+00:00\",\"description\":\"30 ans d'exp\u00e9rience en d\u00e9veloppement de logiciels d'AIM et RBI grace \u00e0 nos r\u00e9f\u00e9rences client en Oil&Gas et Energies Nouvelles\",\"breadcrumb\":{\"@id\":\"https:\/\/amethyste.fr\/WordPress\/references-client\/#breadcrumb\"},\"inLanguage\":\"en-US\",\"potentialAction\":[{\"@type\":\"ReadAction\",\"target\":[\"https:\/\/amethyste.fr\/WordPress\/references-client\/\"]}]},{\"@type\":\"BreadcrumbList\",\"@id\":\"https:\/\/amethyste.fr\/WordPress\/references-client\/#breadcrumb\",\"itemListElement\":[{\"@type\":\"ListItem\",\"position\":1,\"name\":\"Home\",\"item\":\"https:\/\/amethyste.fr\/WordPress\/\"},{\"@type\":\"ListItem\",\"position\":2,\"name\":\"R\u00e9f\u00e9rences client\"}]},{\"@type\":\"WebSite\",\"@id\":\"https:\/\/amethyste.fr\/WordPress\/en\/amethyste-asset-integrity-management-software\/#website\",\"url\":\"https:\/\/amethyste.fr\/WordPress\/en\/amethyste-asset-integrity-management-software\/\",\"name\":\"Am\u00e9thyste\",\"description\":\"Asset Integrity Management software\",\"publisher\":{\"@id\":\"https:\/\/amethyste.fr\/WordPress\/en\/amethyste-asset-integrity-management-software\/#organization\"},\"potentialAction\":[{\"@type\":\"SearchAction\",\"target\":{\"@type\":\"EntryPoint\",\"urlTemplate\":\"https:\/\/amethyste.fr\/WordPress\/en\/amethyste-asset-integrity-management-software\/?s={search_term_string}\"},\"query-input\":{\"@type\":\"PropertyValueSpecification\",\"valueRequired\":true,\"valueName\":\"search_term_string\"}}],\"inLanguage\":\"en-US\"},{\"@type\":\"Organization\",\"@id\":\"https:\/\/amethyste.fr\/WordPress\/en\/amethyste-asset-integrity-management-software\/#organization\",\"name\":\"Am\u00e9thyste\",\"url\":\"https:\/\/amethyste.fr\/WordPress\/en\/amethyste-asset-integrity-management-software\/\",\"logo\":{\"@type\":\"ImageObject\",\"inLanguage\":\"en-US\",\"@id\":\"https:\/\/amethyste.fr\/WordPress\/en\/amethyste-asset-integrity-management-software\/#\/schema\/logo\/image\/\",\"url\":\"https:\/\/amethyste.fr\/WordPress\/wp-content\/uploads\/Amethyste-2020-80x80-1.png\",\"contentUrl\":\"https:\/\/amethyste.fr\/WordPress\/wp-content\/uploads\/Amethyste-2020-80x80-1.png\",\"width\":80,\"height\":80,\"caption\":\"Am\u00e9thyste\"},\"image\":{\"@id\":\"https:\/\/amethyste.fr\/WordPress\/en\/amethyste-asset-integrity-management-software\/#\/schema\/logo\/image\/\"}}]}<\/script>\n<!-- \/ Yoast SEO plugin. -->","yoast_head_json":{"title":"R\u00e9f\u00e9rences client - Am\u00e9thyste","description":"30 ans d'exp\u00e9rience en d\u00e9veloppement de logiciels d'AIM et RBI grace \u00e0 nos r\u00e9f\u00e9rences client en Oil&Gas et Energies Nouvelles","robots":{"index":"index","follow":"follow","max-snippet":"max-snippet:-1","max-image-preview":"max-image-preview:large","max-video-preview":"max-video-preview:-1"},"canonical":"https:\/\/amethyste.fr\/WordPress\/references-client\/","og_locale":"en_US","og_type":"article","og_title":"R\u00e9f\u00e9rences client - Am\u00e9thyste","og_description":"30 ans d'exp\u00e9rience en d\u00e9veloppement de logiciels d'AIM et RBI grace \u00e0 nos r\u00e9f\u00e9rences client en Oil&Gas et Energies Nouvelles","og_url":"https:\/\/amethyste.fr\/WordPress\/references-client\/","og_site_name":"Am\u00e9thyste","article_modified_time":"2023-10-25T12:26:04+00:00","twitter_card":"summary_large_image","schema":{"@context":"https:\/\/schema.org","@graph":[{"@type":"WebPage","@id":"https:\/\/amethyste.fr\/WordPress\/references-client\/","url":"https:\/\/amethyste.fr\/WordPress\/references-client\/","name":"R\u00e9f\u00e9rences client - Am\u00e9thyste","isPartOf":{"@id":"https:\/\/amethyste.fr\/WordPress\/en\/amethyste-asset-integrity-management-software\/#website"},"datePublished":"2021-02-17T16:06:56+00:00","dateModified":"2023-10-25T12:26:04+00:00","description":"30 ans d'exp\u00e9rience en d\u00e9veloppement de logiciels d'AIM et RBI grace \u00e0 nos r\u00e9f\u00e9rences client en Oil&Gas et Energies Nouvelles","breadcrumb":{"@id":"https:\/\/amethyste.fr\/WordPress\/references-client\/#breadcrumb"},"inLanguage":"en-US","potentialAction":[{"@type":"ReadAction","target":["https:\/\/amethyste.fr\/WordPress\/references-client\/"]}]},{"@type":"BreadcrumbList","@id":"https:\/\/amethyste.fr\/WordPress\/references-client\/#breadcrumb","itemListElement":[{"@type":"ListItem","position":1,"name":"Home","item":"https:\/\/amethyste.fr\/WordPress\/"},{"@type":"ListItem","position":2,"name":"R\u00e9f\u00e9rences client"}]},{"@type":"WebSite","@id":"https:\/\/amethyste.fr\/WordPress\/en\/amethyste-asset-integrity-management-software\/#website","url":"https:\/\/amethyste.fr\/WordPress\/en\/amethyste-asset-integrity-management-software\/","name":"Am\u00e9thyste","description":"Asset Integrity Management software","publisher":{"@id":"https:\/\/amethyste.fr\/WordPress\/en\/amethyste-asset-integrity-management-software\/#organization"},"potentialAction":[{"@type":"SearchAction","target":{"@type":"EntryPoint","urlTemplate":"https:\/\/amethyste.fr\/WordPress\/en\/amethyste-asset-integrity-management-software\/?s={search_term_string}"},"query-input":{"@type":"PropertyValueSpecification","valueRequired":true,"valueName":"search_term_string"}}],"inLanguage":"en-US"},{"@type":"Organization","@id":"https:\/\/amethyste.fr\/WordPress\/en\/amethyste-asset-integrity-management-software\/#organization","name":"Am\u00e9thyste","url":"https:\/\/amethyste.fr\/WordPress\/en\/amethyste-asset-integrity-management-software\/","logo":{"@type":"ImageObject","inLanguage":"en-US","@id":"https:\/\/amethyste.fr\/WordPress\/en\/amethyste-asset-integrity-management-software\/#\/schema\/logo\/image\/","url":"https:\/\/amethyste.fr\/WordPress\/wp-content\/uploads\/Amethyste-2020-80x80-1.png","contentUrl":"https:\/\/amethyste.fr\/WordPress\/wp-content\/uploads\/Amethyste-2020-80x80-1.png","width":80,"height":80,"caption":"Am\u00e9thyste"},"image":{"@id":"https:\/\/amethyste.fr\/WordPress\/en\/amethyste-asset-integrity-management-software\/#\/schema\/logo\/image\/"}}]}},"_links":{"self":[{"href":"https:\/\/amethyste.fr\/WordPress\/wp-json\/wp\/v2\/pages\/1660","targetHints":{"allow":["GET"]}}],"collection":[{"href":"https:\/\/amethyste.fr\/WordPress\/wp-json\/wp\/v2\/pages"}],"about":[{"href":"https:\/\/amethyste.fr\/WordPress\/wp-json\/wp\/v2\/types\/page"}],"author":[{"embeddable":true,"href":"https:\/\/amethyste.fr\/WordPress\/wp-json\/wp\/v2\/users\/1"}],"replies":[{"embeddable":true,"href":"https:\/\/amethyste.fr\/WordPress\/wp-json\/wp\/v2\/comments?post=1660"}],"version-history":[{"count":12,"href":"https:\/\/amethyste.fr\/WordPress\/wp-json\/wp\/v2\/pages\/1660\/revisions"}],"predecessor-version":[{"id":2559,"href":"https:\/\/amethyste.fr\/WordPress\/wp-json\/wp\/v2\/pages\/1660\/revisions\/2559"}],"wp:attachment":[{"href":"https:\/\/amethyste.fr\/WordPress\/wp-json\/wp\/v2\/media?parent=1660"}],"wp:term":[{"taxonomy":"category","embeddable":true,"href":"https:\/\/amethyste.fr\/WordPress\/wp-json\/wp\/v2\/categories?post=1660"},{"taxonomy":"post_tag","embeddable":true,"href":"https:\/\/amethyste.fr\/WordPress\/wp-json\/wp\/v2\/tags?post=1660"}],"curies":[{"name":"wp","href":"https:\/\/api.w.org\/{rel}","templated":true}]}}