{"id":1661,"date":"2021-02-16T16:55:28","date_gmt":"2021-02-16T16:55:28","guid":{"rendered":"http:\/\/amethyste.fr\/WordPress\/?page_id=1661"},"modified":"2023-07-21T13:24:39","modified_gmt":"2023-07-21T13:24:39","slug":"integrity-operating-windows-api-584","status":"publish","type":"page","link":"https:\/\/amethyste.fr\/WordPress\/modules-asset-integrity-management\/integrity-operating-windows-api-584\/","title":{"rendered":"Integrity Operating Windows API 584"},"content":{"rendered":"\n    \n    <section class=\"u-align-left u-clearfix u-image u-section-2\" src=\"\" id=\"sec-4ccf\" style=\"background-image: url(&quot;https:\/\/amethyste.fr\/WordPress\/wp-content\/uploads\/AdobeStock_303170938.jpg&quot;);\">\n      <div class=\"u-clearfix u-sheet u-sheet-1\">\n        <h1 class=\"u-align-right u-text u-text-body-alt-color u-text-1\" data-lang-fr=\"Integrity Operating Windows\" data-lang-en=\"Integrity Operating Windows\">Integrity Operating Windows<\/h1>\n      <\/div>\n    <\/section>\n    <section class=\"u-clearfix u-section-3\" id=\"sec-7096\">\n      <div class=\"u-clearfix u-sheet u-sheet-1\">\n        <h2 class=\"u-text u-text-1\" data-lang-fr=\"\nSuivi des Param\u00e8tres d\u2019Int\u00e9grit\u00e9\n\" data-lang-en=\"\n\u200bTracking Integrity Parameters\"> Suivi des Param\u00e8tres d\u2019Int\u00e9grit\u00e9 <\/h2>\n      <\/div>\n    <\/section>\n    <section class=\"u-clearfix u-section-4\" id=\"sec-64df\">\n      <div class=\"u-clearfix u-sheet u-valign-middle u-sheet-1\">\n        <div class=\"u-clearfix u-expanded-width u-layout-wrap u-layout-wrap-1\">\n          <div class=\"u-layout\">\n            <div class=\"u-layout-row\">\n              <div class=\"u-container-style u-layout-cell u-size-47 u-layout-cell-1\">\n                <div class=\"u-container-layout u-container-layout-1\">\n                  <p class=\"u-text u-text-1\" data-lang-fr=\"Le\nmodule <b>Integrity Operating Windows<\/b>, bas\u00e9 sur l\u2019<a href=&quot;https:\/\/www.apiwebstore.org\/search\/search.html?query=584&quot; class=&quot;u-active-none u-border-none u-btn u-button-link u-button-style u-custom-font u-hover-none u-none u-text-custom-color-1 u-btn-1 u-block-control&quot; target=&quot;_blank&quot; style=&quot;background-image: none; font-family: Montserrat, sans-serif; text-decoration: underline !important; padding-top: 0; padding-bottom: 0; padding-left: 0; padding-right: 0&quot; data-block=&quot;29&quot;>API 584<\/a> Recommended Practice,\npermet une vue <b>int\u00e9gr\u00e9e<\/b> et le suivi des <b>param\u00e8tres cl\u00e9s<\/b><b> de l\u2019int\u00e9grit\u00e9\n<\/b>de l\u2019infrastructure. Pour la France, ce concept est habituellement rattach\u00e9\naux Conditions Op\u00e9ratoires Critiques Limites (COCL).<br><!--[if !supportLineBreakNewLine]-->\n                    <br><!--[endif]-->\n                  \" data-lang-en=\"\u200bThe <b>Integrity Operating Windows<\/b> module, based on <a href=&quot;https:\/\/www.apiwebstore.org\/search\/search.html?query=584&quot; class=&quot;u-btn u-button-style u-block-control u-custom-font u-border-no-top u-border-no-right u-border-no-left u-button-link u-hover-none u-active-none u-none u-border-2 u-border-palette-1-base u-border-hover-palette-2-base u-border-active-palette-2-dark-1 u-text-palette-1-base u-text-hover-palette-2-base u-btn-1&quot; data-block=&quot;55&quot; style=&quot;font-family: Montserrat, sans-serif; padding: 0px; border-style: solid;&quot; data-block-type=&quot;Button,TextButton&quot;>API 584<\/a>&amp;nbsp; Recommended Practice,\nprovides an <b>integrated<\/b> view and monitoring of <b>key integrity\nparameters<\/b> of the infrastructure. <br><!--[if !supportLineBreakNewLine]-->\n                    <br><!--[endif]-->\n                  \">Le\nmodule <b>Integrity Operating Windows<\/b>, bas\u00e9 sur l\u2019<a href=\"https:\/\/www.apiwebstore.org\/search\/search.html?query=584\" class=\"u-active-none u-border-none u-btn u-button-link u-button-style u-custom-font u-hover-none u-none u-text-custom-color-1 u-btn-1\" target=\"_blank\">API 584<\/a> Recommended Practice,\npermet une vue <b>int\u00e9gr\u00e9e<\/b> et le suivi des <b>param\u00e8tres cl\u00e9s<\/b><b> de l\u2019int\u00e9grit\u00e9 <\/b>de l\u2019infrastructure. Pour la France, ce concept est habituellement rattach\u00e9\naux Conditions Op\u00e9ratoires Critiques Limites (COCL).<br><!--[if !supportLineBreakNewLine]-->\n                    <br><!--[endif]-->\n                  <\/p>\n                <\/div>\n              <\/div>\n              <div class=\"u-align-center u-container-style u-layout-cell u-size-13 u-layout-cell-2\">\n                <div class=\"u-container-layout u-container-layout-2\">\n                  <a href=\"https:\/\/amethyste.fr\/WordPress\/en\/contact\/\" class=\"u-align-center u-btn u-button-style u-palette-1-base u-text-body-alt-color u-btn-2\" data-lang-fr=\"{&quot;content&quot;:&quot;demandez une demo&quot;,&quot;href&quot;:&quot;https:\/\/amethyste.fr\/WordPress\/en\/contact\/&quot;}\" data-lang-en=\"{&quot;content&quot;:&quot;ask for a demo&quot;,&quot;href&quot;:&quot;https:\/\/amethyste.fr\/WordPress\/en\/contact\/&quot;}\">demandez une demo<\/a>\n                  <a href=\"https:\/\/amethyste.fr\/WordPress\/fr\/modules-asset-integrity-management\/\" class=\"u-align-center u-btn u-button-style u-hover-palette-1-dark-1 u-palette-1-base u-btn-3\" data-lang-fr=\"{&quot;content&quot;:&quot;tous nos modules&quot;,&quot;href&quot;:&quot;https:\/\/amethyste.fr\/WordPress\/fr\/modules-asset-integrity-management\/&quot;}\" data-lang-en=\"{&quot;content&quot;:&quot;all our modules&quot;,&quot;href&quot;:&quot;https:\/\/amethyste.fr\/WordPress\/fr\/modules-asset-integrity-management\/&quot;}\">tous nos modules<\/a>\n                <\/div>\n              <\/div>\n            <\/div>\n          <\/div>\n        <\/div>\n      <\/div>\n    <\/section>\n    <section class=\"u-clearfix u-section-5\" id=\"sec-96a9\">\n      <div class=\"u-clearfix u-sheet u-valign-middle u-sheet-1\">\n        <div class=\"u-clearfix u-expanded-width u-layout-wrap u-layout-wrap-1\">\n          <div class=\"u-layout\">\n            <div class=\"u-layout-row\">\n              <div class=\"u-container-style u-layout-cell u-size-30 u-layout-cell-1\">\n                <div class=\"u-container-layout u-container-layout-1\">\n                  <p class=\"u-text u-text-1\" data-lang-fr=\"Ce\nmodule s\u2019interface avec le Process Historian pour peupler automatiquement le\nlogiciel avec les r\u00e9sultats des capteurs. Ces r\u00e9sultats sont ensuite trait\u00e9s\npar une analyse simple, calcul\u00e9e ou combin\u00e9e pour : \" data-lang-en=\"\u200bThe\nmodule interfaces with the Process Historian to automatically populate the\nsoftware with the sensor results. Those results are then treated either under a\nsimple, calculated or combined analysis to:&amp;nbsp;\n                  \n                    <br>\">Ce\nmodule s\u2019interface avec le Process Historian pour peupler automatiquement le\nlogiciel avec les r\u00e9sultats des capteurs. Ces r\u00e9sultats sont ensuite trait\u00e9s\npar une analyse simple, calcul\u00e9e ou combin\u00e9e pour : <\/p>\n                  <ul class=\"u-text u-text-2\" data-lang-fr=\"\n                    <li style=&quot;&quot;><div class=&quot;hidden u-list-icon u-block-65a8-16&quot; style=&quot;&quot;><\/div>\n                      <div class=&quot;hidden u-list-icon u-block-65a8-15&quot; style=&quot;&quot;><\/div>Suivre les\n     param\u00e8tres d\u2019int\u00e9grit\u00e9 et leur \u00e9volution dans l\u2019IOW<\/li><li style=&quot;&quot;><div class=&quot;hidden u-list-icon u-block-65a8-17&quot; style=&quot;&quot;><\/div>G\u00e9n\u00e9rer\n     des alertes quand les param\u00e8tres d\u2019int\u00e9grit\u00e9 \u00e9voluent en dehors de leur\n     IOW<\/li><li style=&quot;&quot;>Identifier\n     de potentiels nouveaux M\u00e9canismes de D\u00e9gradation (en lien avec les modules\n     RBI)<div class=&quot;hidden u-list-icon u-block-65a8-12&quot; style=&quot;&quot;><\/div>\n                    <\/li>\n                  \" data-lang-en=\"\n                    <li style=&quot;&quot;><div class=&quot;hidden u-list-icon u-block-65a8-16&quot; style=&quot;&quot;><\/div>\n                      <div class=&quot;hidden u-list-icon u-block-65a8-15&quot; style=&quot;&quot;><\/div>\u200bFollow defined integrity parameters and their evolution\n     within the IOW&amp;nbsp;<\/li><li style=&quot;&quot;><div class=&quot;u-list-icon hidden u-block-65a8-17&quot;><\/div>Generate alerts when integrity parameters evolve\n     outside of their IOW&amp;nbsp;<\/li><li style=&quot;&quot;><div class=&quot;u-list-icon hidden u-block-65a8-18&quot;><\/div>Identify potential new Damage Mechanisms (related to\n     RBI modules)\n                    <div class=&quot;hidden u-list-icon u-block-65a8-12&quot; style=&quot;&quot;><\/div><\/li>\n                  \">\n                    <li style=\"\"> Suivre les\n     param\u00e8tres d\u2019int\u00e9grit\u00e9 et leur \u00e9volution dans l\u2019IOW<\/li>\n                    <li style=\"\">G\u00e9n\u00e9rer\n     des alertes quand les param\u00e8tres d\u2019int\u00e9grit\u00e9 \u00e9voluent en dehors de leur\n     IOW<\/li>\n                    <li style=\"\">Identifier\n     de potentiels nouveaux M\u00e9canismes de D\u00e9gradation (en lien avec les modules\n     RBI) <\/li>\n                  <\/ul>\n                <\/div>\n              <\/div>\n              <div class=\"u-align-center-sm u-align-center-xs u-container-style u-layout-cell u-size-30 u-layout-cell-2\">\n                <div class=\"u-container-layout u-valign-top u-container-layout-2\">\n                  <img decoding=\"async\" src=\"https:\/\/amethyste.fr\/WordPress\/wp-content\/uploads\/IOW-1.jpg?_t=1628241107\" alt=\"Integrity Operating Windows API 584: vue globale\" class=\"u-expanded-width u-image u-image-default u-image-1\" data-image-width=\"510\" data-image-height=\"360\" data-lang-fr=\"Integrity Operating Windows API 584: vue globale\" data-lang-en=\"Integrity Operating Windows API 584: vue globale\">\n                <\/div>\n              <\/div>\n            <\/div>\n          <\/div>\n        <\/div>\n      <\/div>\n    <\/section>\n    <section class=\"u-clearfix u-section-6\" id=\"sec-799d\">\n      <div class=\"u-clearfix u-sheet u-valign-middle u-sheet-1\">\n        <img decoding=\"async\" src=\"https:\/\/amethyste.fr\/WordPress\/wp-content\/uploads\/IOW-2.jpg?_t=1628241107\" alt=\"Integrity Operating Window: vue Digital Twin 3D \" class=\"u-image u-image-default u-image-1\" data-image-width=\"920\" data-image-height=\"275\" data-lang-fr=\"Integrity Operating Window: vue Digital Twin 3D \" data-lang-en=\"Integrity Operating Window: vue Digital Twin 3D \">\n      <\/div>\n    <\/section>\n    <section class=\"u-clearfix u-section-7\" id=\"sec-5694\">\n      <div class=\"u-clearfix u-sheet u-sheet-1\">\n        <div class=\"u-clearfix u-expanded-width u-gutter-10 u-layout-wrap u-layout-wrap-1\">\n          <div class=\"u-layout\">\n            <div class=\"u-layout-row\">\n              <div class=\"u-container-style u-layout-cell u-size-30 u-layout-cell-1\">\n                <div class=\"u-container-layout u-container-layout-1\">\n                  <a href=\"https:\/\/amethyste.fr\/WordPress\/fr\/services-associes\/\" class=\"u-align-center u-btn u-button-style u-hover-palette-1-dark-1 u-palette-1-base u-btn-1\" data-lang-fr=\"{&quot;content&quot;:&quot;d\u00e9couvrez nos services&quot;,&quot;href&quot;:&quot;https:\/\/amethyste.fr\/WordPress\/fr\/services-associes\/&quot;}\" data-lang-en=\"{&quot;content&quot;:&quot;discover our services&quot;,&quot;href&quot;:&quot;https:\/\/amethyste.fr\/WordPress\/fr\/services-associes\/&quot;}\">d\u00e9couvrez nos services<\/a>\n                <\/div>\n              <\/div>\n              <div class=\"u-container-style u-layout-cell u-size-30 u-layout-cell-2\">\n                <div class=\"u-container-layout u-container-layout-2\">\n                  <a href=\"https:\/\/amethyste.fr\/WordPress\/fr\/criteres-techniques\/\" class=\"u-align-center u-btn u-button-style u-file-link u-hover-palette-1-dark-1 u-palette-1-base u-btn-2\" data-lang-fr=\"{&quot;content&quot;:&quot;crit\u00e8res techniques&quot;,&quot;href&quot;:&quot;https:\/\/amethyste.fr\/WordPress\/fr\/criteres-techniques\/&quot;}\" target=\"_blank\" data-lang-en=\"{&quot;content&quot;:&quot;technical requirements&quot;,&quot;href&quot;:&quot;https:\/\/extranet.amethyste.fr\/documents\/orKsoft_System_Requirements.pdf&quot;}\">crit\u00e8res techniques<\/a>\n                <\/div>\n              <\/div>\n            <\/div>\n          <\/div>\n        <\/div>\n      <\/div>\n    <\/section>\n    <section class=\"u-clearfix u-section-8\" id=\"sec-1370\">\n      <div class=\"u-clearfix u-sheet u-sheet-1\"><\/div>\n    <\/section>\n    \n    \n    \n    \n    \n    \n    \n    \n    \n    \n    \n    \n    \n  \n","protected":false},"excerpt":{"rendered":"<p>Integrity Operating Windows Suivi des Param\u00e8tres d\u2019Int\u00e9grit\u00e9<\/p>\n","protected":false},"author":1,"featured_media":0,"parent":1679,"menu_order":5,"comment_status":"closed","ping_status":"closed","template":"","meta":{"footnotes":""},"categories":[101,1],"tags":[],"class_list":["post-1661","page","type-page","status-publish","hentry","category-aim-modules","category-uncategorized"],"yoast_head":"<!-- This site is optimized with the Yoast SEO plugin v26.9 - https:\/\/yoast.com\/product\/yoast-seo-wordpress\/ -->\n<title>Integrity Operating Windows API 584 - Am\u00e9thyste<\/title>\n<meta name=\"description\" content=\"Suivi API 584 d&#039;Integrity Operating Windows pour une vue globale des Param\u00e8tres Cl\u00e9s d&#039;Int\u00e9grit\u00e9: Identification et suivi de d\u00e9viations\" \/>\n<meta name=\"robots\" content=\"index, follow, max-snippet:-1, max-image-preview:large, max-video-preview:-1\" \/>\n<link rel=\"canonical\" href=\"https:\/\/amethyste.fr\/WordPress\/modules-asset-integrity-management\/integrity-operating-windows-api-584\/\" \/>\n<meta property=\"og:locale\" content=\"en_US\" \/>\n<meta property=\"og:type\" content=\"article\" \/>\n<meta property=\"og:title\" content=\"Integrity Operating Windows API 584 - Am\u00e9thyste\" \/>\n<meta property=\"og:description\" content=\"Suivi API 584 d&#039;Integrity Operating Windows pour une vue globale des Param\u00e8tres Cl\u00e9s d&#039;Int\u00e9grit\u00e9: Identification et suivi de d\u00e9viations\" \/>\n<meta property=\"og:url\" content=\"https:\/\/amethyste.fr\/WordPress\/modules-asset-integrity-management\/integrity-operating-windows-api-584\/\" \/>\n<meta property=\"og:site_name\" content=\"Am\u00e9thyste\" \/>\n<meta property=\"article:modified_time\" content=\"2023-07-21T13:24:39+00:00\" \/>\n<meta name=\"twitter:card\" content=\"summary_large_image\" \/>\n<script type=\"application\/ld+json\" class=\"yoast-schema-graph\">{\"@context\":\"https:\/\/schema.org\",\"@graph\":[{\"@type\":\"WebPage\",\"@id\":\"https:\/\/amethyste.fr\/WordPress\/modules-asset-integrity-management\/integrity-operating-windows-api-584\/\",\"url\":\"https:\/\/amethyste.fr\/WordPress\/modules-asset-integrity-management\/integrity-operating-windows-api-584\/\",\"name\":\"Integrity Operating Windows API 584 - Am\u00e9thyste\",\"isPartOf\":{\"@id\":\"https:\/\/amethyste.fr\/WordPress\/en\/amethyste-asset-integrity-management-software\/#website\"},\"datePublished\":\"2021-02-16T16:55:28+00:00\",\"dateModified\":\"2023-07-21T13:24:39+00:00\",\"description\":\"Suivi API 584 d'Integrity Operating Windows pour une vue globale des Param\u00e8tres Cl\u00e9s d'Int\u00e9grit\u00e9: Identification et suivi de d\u00e9viations\",\"breadcrumb\":{\"@id\":\"https:\/\/amethyste.fr\/WordPress\/modules-asset-integrity-management\/integrity-operating-windows-api-584\/#breadcrumb\"},\"inLanguage\":\"en-US\",\"potentialAction\":[{\"@type\":\"ReadAction\",\"target\":[\"https:\/\/amethyste.fr\/WordPress\/modules-asset-integrity-management\/integrity-operating-windows-api-584\/\"]}]},{\"@type\":\"BreadcrumbList\",\"@id\":\"https:\/\/amethyste.fr\/WordPress\/modules-asset-integrity-management\/integrity-operating-windows-api-584\/#breadcrumb\",\"itemListElement\":[{\"@type\":\"ListItem\",\"position\":1,\"name\":\"Home\",\"item\":\"https:\/\/amethyste.fr\/WordPress\/\"},{\"@type\":\"ListItem\",\"position\":2,\"name\":\"Tous nos modules Asset Integrity Management\",\"item\":\"https:\/\/amethyste.fr\/WordPress\/modules-asset-integrity-management\/\"},{\"@type\":\"ListItem\",\"position\":3,\"name\":\"Integrity Operating Windows API 584\"}]},{\"@type\":\"WebSite\",\"@id\":\"https:\/\/amethyste.fr\/WordPress\/en\/amethyste-asset-integrity-management-software\/#website\",\"url\":\"https:\/\/amethyste.fr\/WordPress\/en\/amethyste-asset-integrity-management-software\/\",\"name\":\"Am\u00e9thyste\",\"description\":\"Asset Integrity Management software\",\"publisher\":{\"@id\":\"https:\/\/amethyste.fr\/WordPress\/en\/amethyste-asset-integrity-management-software\/#organization\"},\"potentialAction\":[{\"@type\":\"SearchAction\",\"target\":{\"@type\":\"EntryPoint\",\"urlTemplate\":\"https:\/\/amethyste.fr\/WordPress\/en\/amethyste-asset-integrity-management-software\/?s={search_term_string}\"},\"query-input\":{\"@type\":\"PropertyValueSpecification\",\"valueRequired\":true,\"valueName\":\"search_term_string\"}}],\"inLanguage\":\"en-US\"},{\"@type\":\"Organization\",\"@id\":\"https:\/\/amethyste.fr\/WordPress\/en\/amethyste-asset-integrity-management-software\/#organization\",\"name\":\"Am\u00e9thyste\",\"url\":\"https:\/\/amethyste.fr\/WordPress\/en\/amethyste-asset-integrity-management-software\/\",\"logo\":{\"@type\":\"ImageObject\",\"inLanguage\":\"en-US\",\"@id\":\"https:\/\/amethyste.fr\/WordPress\/en\/amethyste-asset-integrity-management-software\/#\/schema\/logo\/image\/\",\"url\":\"https:\/\/amethyste.fr\/WordPress\/wp-content\/uploads\/Amethyste-2020-80x80-1.png\",\"contentUrl\":\"https:\/\/amethyste.fr\/WordPress\/wp-content\/uploads\/Amethyste-2020-80x80-1.png\",\"width\":80,\"height\":80,\"caption\":\"Am\u00e9thyste\"},\"image\":{\"@id\":\"https:\/\/amethyste.fr\/WordPress\/en\/amethyste-asset-integrity-management-software\/#\/schema\/logo\/image\/\"}}]}<\/script>\n<!-- \/ Yoast SEO plugin. -->","yoast_head_json":{"title":"Integrity Operating Windows API 584 - Am\u00e9thyste","description":"Suivi API 584 d'Integrity Operating Windows pour une vue globale des Param\u00e8tres Cl\u00e9s d'Int\u00e9grit\u00e9: Identification et suivi de d\u00e9viations","robots":{"index":"index","follow":"follow","max-snippet":"max-snippet:-1","max-image-preview":"max-image-preview:large","max-video-preview":"max-video-preview:-1"},"canonical":"https:\/\/amethyste.fr\/WordPress\/modules-asset-integrity-management\/integrity-operating-windows-api-584\/","og_locale":"en_US","og_type":"article","og_title":"Integrity Operating Windows API 584 - Am\u00e9thyste","og_description":"Suivi API 584 d'Integrity Operating Windows pour une vue globale des Param\u00e8tres Cl\u00e9s d'Int\u00e9grit\u00e9: Identification et suivi de d\u00e9viations","og_url":"https:\/\/amethyste.fr\/WordPress\/modules-asset-integrity-management\/integrity-operating-windows-api-584\/","og_site_name":"Am\u00e9thyste","article_modified_time":"2023-07-21T13:24:39+00:00","twitter_card":"summary_large_image","schema":{"@context":"https:\/\/schema.org","@graph":[{"@type":"WebPage","@id":"https:\/\/amethyste.fr\/WordPress\/modules-asset-integrity-management\/integrity-operating-windows-api-584\/","url":"https:\/\/amethyste.fr\/WordPress\/modules-asset-integrity-management\/integrity-operating-windows-api-584\/","name":"Integrity Operating Windows API 584 - Am\u00e9thyste","isPartOf":{"@id":"https:\/\/amethyste.fr\/WordPress\/en\/amethyste-asset-integrity-management-software\/#website"},"datePublished":"2021-02-16T16:55:28+00:00","dateModified":"2023-07-21T13:24:39+00:00","description":"Suivi API 584 d'Integrity Operating Windows pour une vue globale des Param\u00e8tres Cl\u00e9s d'Int\u00e9grit\u00e9: Identification et suivi de d\u00e9viations","breadcrumb":{"@id":"https:\/\/amethyste.fr\/WordPress\/modules-asset-integrity-management\/integrity-operating-windows-api-584\/#breadcrumb"},"inLanguage":"en-US","potentialAction":[{"@type":"ReadAction","target":["https:\/\/amethyste.fr\/WordPress\/modules-asset-integrity-management\/integrity-operating-windows-api-584\/"]}]},{"@type":"BreadcrumbList","@id":"https:\/\/amethyste.fr\/WordPress\/modules-asset-integrity-management\/integrity-operating-windows-api-584\/#breadcrumb","itemListElement":[{"@type":"ListItem","position":1,"name":"Home","item":"https:\/\/amethyste.fr\/WordPress\/"},{"@type":"ListItem","position":2,"name":"Tous nos modules Asset Integrity Management","item":"https:\/\/amethyste.fr\/WordPress\/modules-asset-integrity-management\/"},{"@type":"ListItem","position":3,"name":"Integrity Operating Windows API 584"}]},{"@type":"WebSite","@id":"https:\/\/amethyste.fr\/WordPress\/en\/amethyste-asset-integrity-management-software\/#website","url":"https:\/\/amethyste.fr\/WordPress\/en\/amethyste-asset-integrity-management-software\/","name":"Am\u00e9thyste","description":"Asset Integrity Management software","publisher":{"@id":"https:\/\/amethyste.fr\/WordPress\/en\/amethyste-asset-integrity-management-software\/#organization"},"potentialAction":[{"@type":"SearchAction","target":{"@type":"EntryPoint","urlTemplate":"https:\/\/amethyste.fr\/WordPress\/en\/amethyste-asset-integrity-management-software\/?s={search_term_string}"},"query-input":{"@type":"PropertyValueSpecification","valueRequired":true,"valueName":"search_term_string"}}],"inLanguage":"en-US"},{"@type":"Organization","@id":"https:\/\/amethyste.fr\/WordPress\/en\/amethyste-asset-integrity-management-software\/#organization","name":"Am\u00e9thyste","url":"https:\/\/amethyste.fr\/WordPress\/en\/amethyste-asset-integrity-management-software\/","logo":{"@type":"ImageObject","inLanguage":"en-US","@id":"https:\/\/amethyste.fr\/WordPress\/en\/amethyste-asset-integrity-management-software\/#\/schema\/logo\/image\/","url":"https:\/\/amethyste.fr\/WordPress\/wp-content\/uploads\/Amethyste-2020-80x80-1.png","contentUrl":"https:\/\/amethyste.fr\/WordPress\/wp-content\/uploads\/Amethyste-2020-80x80-1.png","width":80,"height":80,"caption":"Am\u00e9thyste"},"image":{"@id":"https:\/\/amethyste.fr\/WordPress\/en\/amethyste-asset-integrity-management-software\/#\/schema\/logo\/image\/"}}]}},"_links":{"self":[{"href":"https:\/\/amethyste.fr\/WordPress\/wp-json\/wp\/v2\/pages\/1661","targetHints":{"allow":["GET"]}}],"collection":[{"href":"https:\/\/amethyste.fr\/WordPress\/wp-json\/wp\/v2\/pages"}],"about":[{"href":"https:\/\/amethyste.fr\/WordPress\/wp-json\/wp\/v2\/types\/page"}],"author":[{"embeddable":true,"href":"https:\/\/amethyste.fr\/WordPress\/wp-json\/wp\/v2\/users\/1"}],"replies":[{"embeddable":true,"href":"https:\/\/amethyste.fr\/WordPress\/wp-json\/wp\/v2\/comments?post=1661"}],"version-history":[{"count":12,"href":"https:\/\/amethyste.fr\/WordPress\/wp-json\/wp\/v2\/pages\/1661\/revisions"}],"predecessor-version":[{"id":2605,"href":"https:\/\/amethyste.fr\/WordPress\/wp-json\/wp\/v2\/pages\/1661\/revisions\/2605"}],"up":[{"embeddable":true,"href":"https:\/\/amethyste.fr\/WordPress\/wp-json\/wp\/v2\/pages\/1679"}],"wp:attachment":[{"href":"https:\/\/amethyste.fr\/WordPress\/wp-json\/wp\/v2\/media?parent=1661"}],"wp:term":[{"taxonomy":"category","embeddable":true,"href":"https:\/\/amethyste.fr\/WordPress\/wp-json\/wp\/v2\/categories?post=1661"},{"taxonomy":"post_tag","embeddable":true,"href":"https:\/\/amethyste.fr\/WordPress\/wp-json\/wp\/v2\/tags?post=1661"}],"curies":[{"name":"wp","href":"https:\/\/api.w.org\/{rel}","templated":true}]}}