{"id":1663,"date":"2021-02-17T14:04:20","date_gmt":"2021-02-17T14:04:20","guid":{"rendered":"http:\/\/amethyste.fr\/WordPress\/?page_id=1663"},"modified":"2023-07-21T13:28:11","modified_gmt":"2023-07-21T13:28:11","slug":"module-corrosion-management","status":"publish","type":"page","link":"https:\/\/amethyste.fr\/WordPress\/modules-asset-integrity-management\/module-corrosion-management\/","title":{"rendered":"Module Corrosion Management, CML et Vie R\u00e9siduelle"},"content":{"rendered":"\n    \n    <section class=\"u-align-left u-clearfix u-image u-section-2\" src=\"\" id=\"sec-4ccf\" data-image-width=\"1600\" data-image-height=\"1071\" style=\"background-image: url(&quot;https:\/\/amethyste.fr\/WordPress\/wp-content\/uploads\/Corrosion.jpg&quot;);\">\n      <div class=\"u-clearfix u-sheet u-sheet-1\">\n        <h1 class=\"u-align-left u-text u-text-body-alt-color u-text-1\" data-lang-fr=\"Corrosion Management\" data-lang-en=\"Corrosion Management\">Corrosion Management<\/h1>\n      <\/div>\n    <\/section>\n    <section class=\"u-clearfix u-section-3\" id=\"sec-7096\">\n      <div class=\"u-clearfix u-sheet u-sheet-1\">\n        <h2 class=\"u-text u-text-1\" data-lang-fr=\"\nManagement de Points de Contr\u00f4le\net Calcul de Dur\u00e9e de Vie R\u00e9siduelle\n\" data-lang-en=\"\n\u200bCML Management and Remaining Life Calculation\"> Management de Points de Contr\u00f4le\net Calcul de Dur\u00e9e de Vie R\u00e9siduelle <\/h2>\n      <\/div>\n    <\/section>\n    <section class=\"u-clearfix u-section-4\" id=\"sec-64df\">\n      <div class=\"u-clearfix u-sheet u-valign-middle u-sheet-1\">\n        <div class=\"u-clearfix u-expanded-width u-layout-wrap u-layout-wrap-1\">\n          <div class=\"u-layout\">\n            <div class=\"u-layout-row\">\n              <div class=\"u-container-style u-layout-cell u-size-47 u-layout-cell-1\">\n                <div class=\"u-container-layout u-container-layout-1\">\n                  <p class=\"u-text u-text-1\" data-lang-fr=\"\nLe module <b>Corrosion\nManagement<\/b> permet le suivi des r\u00e9sultats d\u2019inspection des Corrosion\nMonitoring Location et le calcul de la dur\u00e9e de vie r\u00e9siduelle. \n\" data-lang-en=\"\n\u200bThe <b>Corrosion Management<\/b> module enables tracking of Corrosion Monitoring Location inspection results and\nremaining life calculations.&amp;nbsp; \n                  \"> Le module <b>Corrosion\nManagement<\/b> permet le suivi des r\u00e9sultats d\u2019inspection des Corrosion\nMonitoring Location et le calcul de la dur\u00e9e de vie r\u00e9siduelle. \n                  <\/p>\n                <\/div>\n              <\/div>\n              <div class=\"u-align-center u-container-style u-layout-cell u-size-13 u-layout-cell-2\">\n                <div class=\"u-container-layout u-container-layout-2\">\n                  <a href=\"https:\/\/amethyste.fr\/WordPress\/en\/contact\/\" class=\"u-align-center u-btn u-button-style u-palette-1-base u-text-body-alt-color u-btn-1\" data-lang-fr=\"{&quot;content&quot;:&quot;demandez une demo&quot;,&quot;href&quot;:&quot;https:\/\/amethyste.fr\/WordPress\/en\/contact\/&quot;}\" data-lang-en=\"{&quot;content&quot;:&quot;ask for a&amp;nbsp; demo&quot;,&quot;href&quot;:&quot;https:\/\/amethyste.fr\/WordPress\/en\/contact\/&quot;}\">demandez une demo<\/a>\n                  <a href=\"https:\/\/amethyste.fr\/WordPress\/fr\/modules-asset-integrity-management\/\" class=\"u-align-center u-btn u-button-style u-hover-palette-1-dark-1 u-palette-1-base u-btn-2\" data-lang-fr=\"{&quot;content&quot;:&quot;tous nos modules&quot;,&quot;href&quot;:&quot;https:\/\/amethyste.fr\/WordPress\/fr\/modules-asset-integrity-management\/&quot;}\" data-lang-en=\"{&quot;content&quot;:&quot;all our modules&quot;,&quot;href&quot;:&quot;https:\/\/amethyste.fr\/WordPress\/fr\/modules-asset-integrity-management\/&quot;}\">tous nos modules<\/a>\n                <\/div>\n              <\/div>\n            <\/div>\n          <\/div>\n        <\/div>\n      <\/div>\n    <\/section>\n    <section class=\"u-clearfix u-section-5\" id=\"sec-96a9\">\n      <div class=\"u-clearfix u-sheet u-sheet-1\">\n        <div class=\"u-clearfix u-expanded-width u-layout-wrap u-layout-wrap-1\">\n          <div class=\"u-layout\">\n            <div class=\"u-layout-row\">\n              <div class=\"u-container-style u-layout-cell u-size-30 u-layout-cell-1\">\n                <div class=\"u-container-layout u-container-layout-1\">\n                  <p class=\"u-text u-text-1\" data-lang-fr=\"\nEnregistrement\ndes r\u00e9sultats d\u2019inspection depuis le CIMMS embarqu\u00e9 ou le module Mass Upload\n<br><br>Calcul automatique\nde la Vitesse corrosion avec la m\u00e9thode des moindres carr\u00e9s pour d\u00e9terminer la\ndur\u00e9e de vie r\u00e9siduelle <br><br>\nLes vitesses de\ncorrosion peuvent \u00eatre utilis\u00e9es comme contribution aux \u00e9valuations de risque\nRBI d\u2019autres modules \n\" data-lang-en=\"\n\u200bInspection results recording from embedded\nCIMMS or Excel Mass Upload module<br>\n                    <br>Automatic calculation of corrosion\nrates using the method of least squares to determine remaining life<br>\n                    <br>Corrosion rates can be used as an\ninput in other modules\u2019 RBI assessments \n                  \"> Enregistrement\ndes r\u00e9sultats d\u2019inspection depuis le CIMMS embarqu\u00e9 ou le module Mass Upload <br>\n                    <br>Calcul automatique\nde la Vitesse corrosion avec la m\u00e9thode des moindres carr\u00e9s pour d\u00e9terminer la\ndur\u00e9e de vie r\u00e9siduelle <br>\n                    <br> Les vitesses de\ncorrosion peuvent \u00eatre utilis\u00e9es comme contribution aux \u00e9valuations de risque\nRBI d\u2019autres modules \n                  <\/p>\n                <\/div>\n              <\/div>\n              <div class=\"u-align-center-sm u-align-center-xs u-container-style u-layout-cell u-size-30 u-layout-cell-2\">\n                <div class=\"u-container-layout u-valign-top u-container-layout-2\">\n                  <img decoding=\"async\" src=\"https:\/\/amethyste.fr\/WordPress\/wp-content\/uploads\/CorrosionManagement-1.jpg?_t=1628242748\" alt=\"Module Corrosion Management: Calcul de vitesse de corrosion\" class=\"u-expanded-width-lg u-expanded-width-md u-expanded-width-xl u-image u-image-default u-image-1\" data-image-width=\"510\" data-image-height=\"380\" data-lang-fr=\"Module Corrosion Management: Calcul de vitesse de corrosion\" data-lang-en=\"Module Corrosion Management: Calcul de vitesse de corrosion\">\n                <\/div>\n              <\/div>\n            <\/div>\n          <\/div>\n        <\/div>\n      <\/div>\n    <\/section>\n    <section class=\"u-clearfix u-section-6\" id=\"sec-5694\">\n      <div class=\"u-clearfix u-sheet u-sheet-1\">\n        <div class=\"u-clearfix u-expanded-width u-gutter-10 u-layout-wrap u-layout-wrap-1\">\n          <div class=\"u-layout\">\n            <div class=\"u-layout-row\">\n              <div class=\"u-container-style u-layout-cell u-size-30 u-layout-cell-1\">\n                <div class=\"u-container-layout u-container-layout-1\">\n                  <a href=\"https:\/\/amethyste.fr\/WordPress\/services-fr\/\" class=\"u-align-center u-btn u-button-style u-hover-palette-1-dark-1 u-palette-1-base u-btn-1\" data-lang-fr=\"{&quot;content&quot;:&quot;d\u00e9couvrez nos services&quot;,&quot;href&quot;:&quot;https:\/\/amethyste.fr\/WordPress\/services-fr\/&quot;}\" data-lang-en=\"{&quot;content&quot;:&quot;discover our services&quot;,&quot;href&quot;:&quot;https:\/\/amethyste.fr\/WordPress\/services-fr\/&quot;}\">d\u00e9couvrez nos services<\/a>\n                <\/div>\n              <\/div>\n              <div class=\"u-container-style u-layout-cell u-size-30 u-layout-cell-2\">\n                <div class=\"u-container-layout u-container-layout-2\">\n                  <a href=\"https:\/\/amethyste.fr\/WordPress\/technical-requirements-fr\/\" class=\"u-align-center u-btn u-button-style u-file-link u-hover-palette-1-dark-1 u-palette-1-base u-btn-2\" data-lang-fr=\"{&quot;content&quot;:&quot;crit\u00e8res techniques&quot;,&quot;href&quot;:&quot;https:\/\/amethyste.fr\/WordPress\/technical-requirements-fr\/&quot;}\" target=\"_blank\" data-lang-en=\"{&quot;content&quot;:&quot;technical requirements&quot;,&quot;href&quot;:&quot;https:\/\/extranet.amethyste.fr\/documents\/orKsoft_System_Requirements.pdf&quot;}\">crit\u00e8res techniques<\/a>\n                <\/div>\n              <\/div>\n            <\/div>\n          <\/div>\n        <\/div>\n      <\/div>\n    <\/section>\n    <section class=\"u-clearfix u-section-7\" id=\"sec-1370\">\n      <div class=\"u-clearfix u-sheet u-sheet-1\"><\/div>\n    <\/section>\n    \n    \n    \n    \n    \n    \n    \n    \n    \n    \n    \n    \n    \n  \n","protected":false},"excerpt":{"rendered":"<p>Corrosion Management Management de Points de Contr\u00f4le et Calcul de Dur\u00e9e de Vie R\u00e9siduelle Le module Corrosion Management permet le suivi des r\u00e9sultats d\u2019inspection des Corrosion Monitoring Location et le calcul de la dur\u00e9e de vie r\u00e9siduelle. demandez une demo tous nos modules Enregistrement des r\u00e9sultats d\u2019inspection depuis le CIMMS embarqu\u00e9 ou le module Mass &hellip; <a href=\"https:\/\/amethyste.fr\/WordPress\/modules-asset-integrity-management\/module-corrosion-management\/\" class=\"more-link\">Continue reading<span class=\"screen-reader-text\"> &#8220;Module Corrosion Management, CML et Vie R\u00e9siduelle&#8221;<\/span><\/a><\/p>\n","protected":false},"author":1,"featured_media":0,"parent":1679,"menu_order":7,"comment_status":"closed","ping_status":"closed","template":"","meta":{"footnotes":""},"categories":[101,1],"tags":[],"class_list":["post-1663","page","type-page","status-publish","hentry","category-aim-modules","category-uncategorized"],"yoast_head":"<!-- This site is optimized with the Yoast SEO plugin v26.9 - https:\/\/yoast.com\/product\/yoast-seo-wordpress\/ -->\n<title>Module Corrosion Management, CML et Vie R\u00e9siduelle - Am\u00e9thyste<\/title>\n<meta name=\"description\" content=\"Module Corrosion Management - CML et Gestion de Vie R\u00e9siduelle: Suivi des r\u00e9sultats d&#039;inspection, calcul des vitesses de corrosion\" \/>\n<meta name=\"robots\" content=\"index, follow, max-snippet:-1, max-image-preview:large, max-video-preview:-1\" \/>\n<link rel=\"canonical\" href=\"https:\/\/amethyste.fr\/WordPress\/modules-asset-integrity-management\/module-corrosion-management\/\" \/>\n<meta property=\"og:locale\" content=\"en_US\" \/>\n<meta property=\"og:type\" content=\"article\" \/>\n<meta property=\"og:title\" content=\"Module Corrosion Management, CML et Vie R\u00e9siduelle - Am\u00e9thyste\" \/>\n<meta property=\"og:description\" content=\"Module Corrosion Management - CML et Gestion de Vie R\u00e9siduelle: Suivi des r\u00e9sultats d&#039;inspection, calcul des vitesses de corrosion\" \/>\n<meta property=\"og:url\" content=\"https:\/\/amethyste.fr\/WordPress\/modules-asset-integrity-management\/module-corrosion-management\/\" \/>\n<meta property=\"og:site_name\" content=\"Am\u00e9thyste\" \/>\n<meta property=\"article:modified_time\" content=\"2023-07-21T13:28:11+00:00\" \/>\n<meta name=\"twitter:card\" content=\"summary_large_image\" \/>\n<meta name=\"twitter:label1\" content=\"Est. reading time\" \/>\n\t<meta name=\"twitter:data1\" content=\"1 minute\" \/>\n<script type=\"application\/ld+json\" class=\"yoast-schema-graph\">{\"@context\":\"https:\/\/schema.org\",\"@graph\":[{\"@type\":\"WebPage\",\"@id\":\"https:\/\/amethyste.fr\/WordPress\/modules-asset-integrity-management\/module-corrosion-management\/\",\"url\":\"https:\/\/amethyste.fr\/WordPress\/modules-asset-integrity-management\/module-corrosion-management\/\",\"name\":\"Module Corrosion Management, CML et Vie R\u00e9siduelle - Am\u00e9thyste\",\"isPartOf\":{\"@id\":\"https:\/\/amethyste.fr\/WordPress\/en\/amethyste-asset-integrity-management-software\/#website\"},\"datePublished\":\"2021-02-17T14:04:20+00:00\",\"dateModified\":\"2023-07-21T13:28:11+00:00\",\"description\":\"Module Corrosion Management - CML et Gestion de Vie R\u00e9siduelle: Suivi des r\u00e9sultats d'inspection, calcul des vitesses de corrosion\",\"breadcrumb\":{\"@id\":\"https:\/\/amethyste.fr\/WordPress\/modules-asset-integrity-management\/module-corrosion-management\/#breadcrumb\"},\"inLanguage\":\"en-US\",\"potentialAction\":[{\"@type\":\"ReadAction\",\"target\":[\"https:\/\/amethyste.fr\/WordPress\/modules-asset-integrity-management\/module-corrosion-management\/\"]}]},{\"@type\":\"BreadcrumbList\",\"@id\":\"https:\/\/amethyste.fr\/WordPress\/modules-asset-integrity-management\/module-corrosion-management\/#breadcrumb\",\"itemListElement\":[{\"@type\":\"ListItem\",\"position\":1,\"name\":\"Home\",\"item\":\"https:\/\/amethyste.fr\/WordPress\/\"},{\"@type\":\"ListItem\",\"position\":2,\"name\":\"Tous nos modules Asset Integrity Management\",\"item\":\"https:\/\/amethyste.fr\/WordPress\/modules-asset-integrity-management\/\"},{\"@type\":\"ListItem\",\"position\":3,\"name\":\"Module Corrosion Management, CML et Vie R\u00e9siduelle\"}]},{\"@type\":\"WebSite\",\"@id\":\"https:\/\/amethyste.fr\/WordPress\/en\/amethyste-asset-integrity-management-software\/#website\",\"url\":\"https:\/\/amethyste.fr\/WordPress\/en\/amethyste-asset-integrity-management-software\/\",\"name\":\"Am\u00e9thyste\",\"description\":\"Asset Integrity Management software\",\"publisher\":{\"@id\":\"https:\/\/amethyste.fr\/WordPress\/en\/amethyste-asset-integrity-management-software\/#organization\"},\"potentialAction\":[{\"@type\":\"SearchAction\",\"target\":{\"@type\":\"EntryPoint\",\"urlTemplate\":\"https:\/\/amethyste.fr\/WordPress\/en\/amethyste-asset-integrity-management-software\/?s={search_term_string}\"},\"query-input\":{\"@type\":\"PropertyValueSpecification\",\"valueRequired\":true,\"valueName\":\"search_term_string\"}}],\"inLanguage\":\"en-US\"},{\"@type\":\"Organization\",\"@id\":\"https:\/\/amethyste.fr\/WordPress\/en\/amethyste-asset-integrity-management-software\/#organization\",\"name\":\"Am\u00e9thyste\",\"url\":\"https:\/\/amethyste.fr\/WordPress\/en\/amethyste-asset-integrity-management-software\/\",\"logo\":{\"@type\":\"ImageObject\",\"inLanguage\":\"en-US\",\"@id\":\"https:\/\/amethyste.fr\/WordPress\/en\/amethyste-asset-integrity-management-software\/#\/schema\/logo\/image\/\",\"url\":\"https:\/\/amethyste.fr\/WordPress\/wp-content\/uploads\/Amethyste-2020-80x80-1.png\",\"contentUrl\":\"https:\/\/amethyste.fr\/WordPress\/wp-content\/uploads\/Amethyste-2020-80x80-1.png\",\"width\":80,\"height\":80,\"caption\":\"Am\u00e9thyste\"},\"image\":{\"@id\":\"https:\/\/amethyste.fr\/WordPress\/en\/amethyste-asset-integrity-management-software\/#\/schema\/logo\/image\/\"}}]}<\/script>\n<!-- \/ Yoast SEO plugin. -->","yoast_head_json":{"title":"Module Corrosion Management, CML et Vie R\u00e9siduelle - Am\u00e9thyste","description":"Module Corrosion Management - CML et Gestion de Vie R\u00e9siduelle: Suivi des r\u00e9sultats d'inspection, calcul des vitesses de corrosion","robots":{"index":"index","follow":"follow","max-snippet":"max-snippet:-1","max-image-preview":"max-image-preview:large","max-video-preview":"max-video-preview:-1"},"canonical":"https:\/\/amethyste.fr\/WordPress\/modules-asset-integrity-management\/module-corrosion-management\/","og_locale":"en_US","og_type":"article","og_title":"Module Corrosion Management, CML et Vie R\u00e9siduelle - Am\u00e9thyste","og_description":"Module Corrosion Management - CML et Gestion de Vie R\u00e9siduelle: Suivi des r\u00e9sultats d'inspection, calcul des vitesses de corrosion","og_url":"https:\/\/amethyste.fr\/WordPress\/modules-asset-integrity-management\/module-corrosion-management\/","og_site_name":"Am\u00e9thyste","article_modified_time":"2023-07-21T13:28:11+00:00","twitter_card":"summary_large_image","twitter_misc":{"Est. reading time":"1 minute"},"schema":{"@context":"https:\/\/schema.org","@graph":[{"@type":"WebPage","@id":"https:\/\/amethyste.fr\/WordPress\/modules-asset-integrity-management\/module-corrosion-management\/","url":"https:\/\/amethyste.fr\/WordPress\/modules-asset-integrity-management\/module-corrosion-management\/","name":"Module Corrosion Management, CML et Vie R\u00e9siduelle - Am\u00e9thyste","isPartOf":{"@id":"https:\/\/amethyste.fr\/WordPress\/en\/amethyste-asset-integrity-management-software\/#website"},"datePublished":"2021-02-17T14:04:20+00:00","dateModified":"2023-07-21T13:28:11+00:00","description":"Module Corrosion Management - CML et Gestion de Vie R\u00e9siduelle: Suivi des r\u00e9sultats d'inspection, calcul des vitesses de corrosion","breadcrumb":{"@id":"https:\/\/amethyste.fr\/WordPress\/modules-asset-integrity-management\/module-corrosion-management\/#breadcrumb"},"inLanguage":"en-US","potentialAction":[{"@type":"ReadAction","target":["https:\/\/amethyste.fr\/WordPress\/modules-asset-integrity-management\/module-corrosion-management\/"]}]},{"@type":"BreadcrumbList","@id":"https:\/\/amethyste.fr\/WordPress\/modules-asset-integrity-management\/module-corrosion-management\/#breadcrumb","itemListElement":[{"@type":"ListItem","position":1,"name":"Home","item":"https:\/\/amethyste.fr\/WordPress\/"},{"@type":"ListItem","position":2,"name":"Tous nos modules Asset Integrity Management","item":"https:\/\/amethyste.fr\/WordPress\/modules-asset-integrity-management\/"},{"@type":"ListItem","position":3,"name":"Module Corrosion Management, CML et Vie R\u00e9siduelle"}]},{"@type":"WebSite","@id":"https:\/\/amethyste.fr\/WordPress\/en\/amethyste-asset-integrity-management-software\/#website","url":"https:\/\/amethyste.fr\/WordPress\/en\/amethyste-asset-integrity-management-software\/","name":"Am\u00e9thyste","description":"Asset Integrity Management software","publisher":{"@id":"https:\/\/amethyste.fr\/WordPress\/en\/amethyste-asset-integrity-management-software\/#organization"},"potentialAction":[{"@type":"SearchAction","target":{"@type":"EntryPoint","urlTemplate":"https:\/\/amethyste.fr\/WordPress\/en\/amethyste-asset-integrity-management-software\/?s={search_term_string}"},"query-input":{"@type":"PropertyValueSpecification","valueRequired":true,"valueName":"search_term_string"}}],"inLanguage":"en-US"},{"@type":"Organization","@id":"https:\/\/amethyste.fr\/WordPress\/en\/amethyste-asset-integrity-management-software\/#organization","name":"Am\u00e9thyste","url":"https:\/\/amethyste.fr\/WordPress\/en\/amethyste-asset-integrity-management-software\/","logo":{"@type":"ImageObject","inLanguage":"en-US","@id":"https:\/\/amethyste.fr\/WordPress\/en\/amethyste-asset-integrity-management-software\/#\/schema\/logo\/image\/","url":"https:\/\/amethyste.fr\/WordPress\/wp-content\/uploads\/Amethyste-2020-80x80-1.png","contentUrl":"https:\/\/amethyste.fr\/WordPress\/wp-content\/uploads\/Amethyste-2020-80x80-1.png","width":80,"height":80,"caption":"Am\u00e9thyste"},"image":{"@id":"https:\/\/amethyste.fr\/WordPress\/en\/amethyste-asset-integrity-management-software\/#\/schema\/logo\/image\/"}}]}},"_links":{"self":[{"href":"https:\/\/amethyste.fr\/WordPress\/wp-json\/wp\/v2\/pages\/1663","targetHints":{"allow":["GET"]}}],"collection":[{"href":"https:\/\/amethyste.fr\/WordPress\/wp-json\/wp\/v2\/pages"}],"about":[{"href":"https:\/\/amethyste.fr\/WordPress\/wp-json\/wp\/v2\/types\/page"}],"author":[{"embeddable":true,"href":"https:\/\/amethyste.fr\/WordPress\/wp-json\/wp\/v2\/users\/1"}],"replies":[{"embeddable":true,"href":"https:\/\/amethyste.fr\/WordPress\/wp-json\/wp\/v2\/comments?post=1663"}],"version-history":[{"count":8,"href":"https:\/\/amethyste.fr\/WordPress\/wp-json\/wp\/v2\/pages\/1663\/revisions"}],"predecessor-version":[{"id":2336,"href":"https:\/\/amethyste.fr\/WordPress\/wp-json\/wp\/v2\/pages\/1663\/revisions\/2336"}],"up":[{"embeddable":true,"href":"https:\/\/amethyste.fr\/WordPress\/wp-json\/wp\/v2\/pages\/1679"}],"wp:attachment":[{"href":"https:\/\/amethyste.fr\/WordPress\/wp-json\/wp\/v2\/media?parent=1663"}],"wp:term":[{"taxonomy":"category","embeddable":true,"href":"https:\/\/amethyste.fr\/WordPress\/wp-json\/wp\/v2\/categories?post=1663"},{"taxonomy":"post_tag","embeddable":true,"href":"https:\/\/amethyste.fr\/WordPress\/wp-json\/wp\/v2\/tags?post=1663"}],"curies":[{"name":"wp","href":"https:\/\/api.w.org\/{rel}","templated":true}]}}