{"id":1666,"date":"2021-02-17T16:07:36","date_gmt":"2021-02-17T16:07:36","guid":{"rendered":"http:\/\/amethyste.fr\/WordPress\/?page_id=1666"},"modified":"2024-01-18T16:02:32","modified_gmt":"2024-01-18T16:02:32","slug":"nos-partenaires","status":"publish","type":"page","link":"https:\/\/amethyste.fr\/WordPress\/nos-partenaires\/","title":{"rendered":"Nos partenaires"},"content":{"rendered":"\n    \n    <section class=\"u-clearfix u-image u-section-2\" id=\"sec-7c12\" style=\"background-image: url(&quot;https:\/\/amethyste.fr\/WordPress\/wp-content\/uploads\/Partners.jpg&quot;);\">\n      <div class=\"u-clearfix u-sheet u-sheet-1\">\n        <h1 class=\"u-text u-text-body-alt-color u-text-1\">Partenaires<\/h1>\n      <\/div>\n    <\/section>\n    <section class=\"u-clearfix u-section-3\" id=\"sec-976e\">\n      <div class=\"u-clearfix u-sheet u-valign-middle u-sheet-1\">\n        <h2 class=\"u-align-center u-text u-text-1\">Partenaires commerciaux<br>\n        <\/h2>\n      <\/div>\n    <\/section>\n    <section class=\"u-clearfix u-section-4\" id=\"carousel_56bc\">\n      <div class=\"u-clearfix u-sheet u-valign-middle u-sheet-1\">\n        <div class=\"u-clearfix u-expanded-width u-layout-wrap u-layout-wrap-1\">\n          <div class=\"u-layout\">\n            <div class=\"u-layout-row\">\n              <div class=\"u-container-style u-layout-cell u-size-30 u-layout-cell-1\">\n                <div class=\"u-container-layout u-container-layout-1\">\n                  <img decoding=\"async\" src=\"https:\/\/amethyste.fr\/WordPress\/wp-content\/uploads\/Logo-AVEVA.jpg?_t=1628157489\" alt=\"Partenaires: AVEVA\" class=\"u-align-center u-image u-image-default u-image-1\" data-image-width=\"160\" data-image-height=\"160\" data-href=\"https:\/\/www.aveva.com\/\" data-target=\"_blank\">\n                <\/div>\n              <\/div>\n              <div class=\"u-container-style u-layout-cell u-size-30 u-layout-cell-2\">\n                <div class=\"u-container-layout u-container-layout-2\">\n                  <img decoding=\"async\" class=\"u-align-center u-image u-image-default u-image-2\" src=\"https:\/\/amethyste.fr\/WordPress\/wp-content\/uploads\/logo-SGS.jpeg?_t=1638171128\" alt=\"Partenaires: SGS\" data-image-width=\"590\" data-image-height=\"300\" data-href=\"https:\/\/www.sgs.com\/?wt_mc_id=gCORP03001c&amp;utm_source=Google&amp;utm_medium=PPC_Search_Text_Ads&amp;utm_campaign=Global+Brand+Awareness-Branded+Keywords_BA_Global_GSN&amp;gclid=Cj0KCQiA7oyNBhDiARIsADtGRZaI1tjhfjlgT1tvC97U7lbCGKs6ThLGf6wq_1epTmmEeQaNja3VT0UaAk8wEALw_wcB\" data-target=\"_blank\">\n                <\/div>\n              <\/div>\n            <\/div>\n          <\/div>\n        <\/div>\n      <\/div>\n    <\/section>\n    <section class=\"u-clearfix u-section-5\" id=\"carousel_8ba4\">\n      <div class=\"u-clearfix u-sheet u-valign-middle u-sheet-1\">\n        <div class=\"u-clearfix u-expanded-width u-layout-wrap u-layout-wrap-1\">\n          <div class=\"u-layout\">\n            <div class=\"u-layout-row\">\n              <div class=\"u-container-style u-layout-cell u-size-30 u-layout-cell-1\">\n                <div class=\"u-container-layout u-container-layout-1\">\n                  <img decoding=\"async\" src=\"https:\/\/amethyste.fr\/WordPress\/wp-content\/uploads\/Logo-ISQ.jpg\" alt=\"Partenaires: ISQ\" class=\"u-align-center u-image u-image-default u-image-1\" data-image-width=\"190\" data-image-height=\"181\" data-href=\"https:\/\/isq.pt\/en\/\" data-target=\"_blank\">\n                <\/div>\n              <\/div>\n              <div class=\"u-container-style u-layout-cell u-size-30 u-layout-cell-2\">\n                <div class=\"u-container-layout u-valign-middle u-container-layout-2\">\n                  <img decoding=\"async\" src=\"https:\/\/amethyste.fr\/WordPress\/wp-content\/uploads\/logo-sofresid.jpg?_t=1637930603\" alt=\"Partenaires: SOFRESID\" class=\"u-align-center u-image u-image-default u-image-2\" data-image-width=\"738\" data-image-height=\"207\" data-href=\"https:\/\/sofresid-engineering.com\/\" data-target=\"_blank\">\n                <\/div>\n              <\/div>\n            <\/div>\n          <\/div>\n        <\/div>\n      <\/div>\n    <\/section>\n    <section class=\"u-clearfix u-grey-10 u-section-6\" id=\"sec-30a1\">\n      <div class=\"u-clearfix u-sheet u-sheet-1\"><\/div>\n    <\/section>\n    <section class=\"u-clearfix u-section-7\" id=\"carousel_8407\">\n      <div class=\"u-clearfix u-sheet u-valign-middle u-sheet-1\">\n        <h2 class=\"u-align-center u-text u-text-1\">Partenaires financiers<br>\n        <\/h2>\n      <\/div>\n    <\/section>\n    <section class=\"u-clearfix u-section-8\" id=\"carousel_e56b\">\n      <div class=\"u-clearfix u-sheet u-valign-middle u-sheet-1\">\n        <div class=\"u-clearfix u-expanded-width u-layout-wrap u-layout-wrap-1\">\n          <div class=\"u-layout\">\n            <div class=\"u-layout-row\">\n              <div class=\"u-container-style u-layout-cell u-size-30 u-layout-cell-1\">\n                <div class=\"u-container-layout u-container-layout-1\">\n                  <img decoding=\"async\" src=\"https:\/\/amethyste.fr\/WordPress\/wp-content\/uploads\/Logo-Region-Normandie.jpg?_t=1628157489\" alt=\"Logo de la r\u00e9gion Normandie, soutien financier d&amp;apos;Am\u00e9thyste\" class=\"u-image u-image-default u-image-1\" data-image-width=\"250\" data-image-height=\"60\" data-href=\"https:\/\/www.normandie.fr\/\" data-target=\"_blank\">\n                <\/div>\n              <\/div>\n              <div class=\"u-align-center u-container-style u-layout-cell u-size-30 u-layout-cell-2\">\n                <div class=\"u-container-layout u-container-layout-2\">\n                  <p class=\"u-large-text u-text u-text-variant u-text-1\">Soutien financier de la r\u00e9gion Normandie<br>\n                  <\/p>\n                <\/div>\n              <\/div>\n            <\/div>\n          <\/div>\n        <\/div>\n      <\/div>\n    <\/section>\n    <section class=\"u-clearfix u-section-9\" id=\"carousel_23b1\">\n      <div class=\"u-clearfix u-sheet u-sheet-1\">\n        <div class=\"u-clearfix u-expanded-width u-layout-wrap u-layout-wrap-1\">\n          <div class=\"u-gutter-0 u-layout\">\n            <div class=\"u-layout-row\">\n              <div class=\"u-container-style u-layout-cell u-size-30 u-layout-cell-1\">\n                <div class=\"u-container-layout u-container-layout-1\">\n                  <img decoding=\"async\" src=\"https:\/\/amethyste.fr\/WordPress\/wp-content\/uploads\/BPIFrance-logo.png?_t=1637922993\" alt=\"Logo de notre soutien financier BPIFrance\" class=\"u-image u-image-default u-image-1\" data-image-width=\"1200\" data-image-height=\"1200\" data-href=\"https:\/\/www.bpifrance.fr\/\" data-target=\"_blank\">\n                <\/div>\n              <\/div>\n              <div class=\"u-container-style u-layout-cell u-size-30 u-layout-cell-2\">\n                <div class=\"u-container-layout u-container-layout-2\">\n                  <img decoding=\"async\" class=\"u-align-center u-image u-image-default u-preserve-proportions u-image-2\" src=\"https:\/\/amethyste.fr\/WordPress\/wp-content\/uploads\/Ex-Logo-AD-2018-Quadri-fond-blanc-1.png?_t=1638171193\" alt=\"Logo de notre soutien financier ADNormandie\" data-image-width=\"883\" data-image-height=\"822\" data-href=\"https:\/\/adnormandie.fr\/\" data-target=\"_blank\">\n                <\/div>\n              <\/div>\n            <\/div>\n          <\/div>\n        <\/div>\n      <\/div>\n    <\/section>\n    <section class=\"u-clearfix u-grey-10 u-section-10\" id=\"sec-f718\">\n      <div class=\"u-clearfix u-sheet u-sheet-1\"><\/div>\n    <\/section>\n    <section class=\"u-clearfix u-section-11\" id=\"carousel_fb84\">\n      <div class=\"u-align-left u-clearfix u-sheet u-valign-middle u-sheet-1\">\n        <h2 class=\"u-align-center u-text u-text-1\">Organismes<\/h2>\n      <\/div>\n    <\/section>\n    <section class=\"u-clearfix u-section-12\" id=\"carousel_f265\">\n      <div class=\"u-clearfix u-sheet u-valign-middle u-sheet-1\">\n        <div class=\"u-clearfix u-expanded-width u-layout-wrap u-layout-wrap-1\">\n          <div class=\"u-gutter-0 u-layout\">\n            <div class=\"u-layout-row\">\n              <div class=\"u-container-style u-layout-cell u-size-20 u-layout-cell-1\">\n                <div class=\"u-container-layout u-valign-top u-container-layout-1\">\n                  <img decoding=\"async\" class=\"u-align-center u-image u-image-default u-image-1\" src=\"https:\/\/amethyste.fr\/WordPress\/wp-content\/uploads\/logonormandigital.jpg?_t=1638171349\" alt=\"Am\u00e9thyste, membre de Normandigital\" data-image-width=\"200\" data-image-height=\"200\" data-href=\"https:\/\/www.normandigital.fr\/\" data-target=\"_blank\">\n                <\/div>\n              <\/div>\n              <div class=\"u-container-style u-layout-cell u-size-20 u-layout-cell-2\">\n                <div class=\"u-container-layout u-container-layout-2\">\n                  <img decoding=\"async\" src=\"https:\/\/amethyste.fr\/WordPress\/wp-content\/uploads\/Logo-Pole-Avenia.jpg?_t=1628157489\" alt=\"Am\u00e9thyste, membre du P\u00f4le de Comp\u00e9titivit\u00e9 AVENIA\" class=\"u-align-center u-image u-image-default u-image-2\" data-image-width=\"250\" data-image-height=\"61\" data-href=\"https:\/\/www.pole-avenia.com\/fr\" data-target=\"_blank\">\n                <\/div>\n              <\/div>\n              <div class=\"u-container-style u-layout-cell u-size-20 u-layout-cell-3\">\n                <div class=\"u-container-layout u-valign-middle u-container-layout-3\">\n                  <img decoding=\"async\" src=\"https:\/\/amethyste.fr\/WordPress\/wp-content\/uploads\/logonormandiemaritime.jpg?_t=1638171487\" alt=\"Am\u00e9thyste, membre de Normandie Maritime\" class=\"u-align-center u-image u-image-default u-image-3\" data-image-width=\"800\" data-image-height=\"600\" data-href=\"https:\/\/www.normandie-maritime.fr\/\" data-target=\"_blank\">\n                <\/div>\n              <\/div>\n            <\/div>\n          <\/div>\n        <\/div>\n      <\/div>\n    <\/section>\n    <section class=\"u-clearfix u-section-13\" id=\"carousel_f544\">\n      <div class=\"u-clearfix u-sheet u-valign-middle u-sheet-1\">\n        <div class=\"u-clearfix u-expanded-width u-layout-wrap u-layout-wrap-1\">\n          <div class=\"u-gutter-0 u-layout\">\n            <div class=\"u-layout-row\">\n              <div class=\"u-container-style u-layout-cell u-size-20 u-layout-cell-1\">\n                <div class=\"u-container-layout u-container-layout-1\">\n                  <img decoding=\"async\" class=\"u-image u-image-default u-image-1\" src=\"https:\/\/amethyste.fr\/WordPress\/wp-content\/uploads\/FranceHydrogene.jpg?_t=1646379718\" alt=\"Am\u00e9thyste, membre de France Hydrog\u00e8ne\" data-image-width=\"779\" data-image-height=\"336\" data-href=\"https:\/\/www.france-hydrogene.org\/\" data-target=\"_blank\">\n                <\/div>\n              <\/div>\n              <div class=\"u-container-style u-layout-cell u-size-20 u-layout-cell-2\">\n                <div class=\"u-container-layout u-container-layout-2\">\n                  <img decoding=\"async\" class=\"u-align-center u-image u-image-default u-image-2\" src=\"https:\/\/amethyste.fr\/WordPress\/wp-content\/uploads\/logonormandieenergie.jpg?_t=1638171499\" alt=\"Am\u00e9thyste, membre de Normandie Energies\" data-image-width=\"713\" data-image-height=\"225\" data-href=\"https:\/\/www.normandie-energies.com\/\" data-target=\"_blank\">\n                <\/div>\n              <\/div>\n              <div class=\"u-container-style u-layout-cell u-size-20 u-layout-cell-3\">\n                <div class=\"u-container-layout u-container-layout-3\">\n                  <img decoding=\"async\" src=\"https:\/\/amethyste.fr\/WordPress\/wp-content\/uploads\/Logo-Cluster-Maritime-Francais.jpg?_t=1628157489\" alt=\"Am\u00e9thyste, membre du Cluster Maritime Fran\u00e7ais\" class=\"u-align-center u-image u-image-default u-image-3\" data-image-width=\"360\" data-image-height=\"149\" data-href=\"https:\/\/www.cluster-maritime.fr\/\" data-target=\"_blank\">\n                <\/div>\n              <\/div>\n            <\/div>\n          <\/div>\n        <\/div>\n      <\/div>\n    <\/section>\n    <section class=\"u-clearfix u-section-14\" id=\"carousel_d345\">\n      <div class=\"u-clearfix u-sheet u-valign-middle u-sheet-1\">\n        <div class=\"u-clearfix u-expanded-width u-layout-wrap u-layout-wrap-1\">\n          <div class=\"u-gutter-0 u-layout\">\n            <div class=\"u-layout-row\">\n              <div class=\"u-container-style u-layout-cell u-size-30 u-layout-cell-1\">\n                <div class=\"u-container-layout u-container-layout-1\">\n                  <img decoding=\"async\" class=\"u-align-center u-image u-image-default u-image-1\" src=\"https:\/\/amethyste.fr\/WordPress\/wp-content\/uploads\/synerzip.png?_t=1647506886\" alt=\"Am\u00e9thyste, membre de Synerzip Le Havre\" data-image-width=\"733\" data-image-height=\"296\" data-href=\"https:\/\/www.synerzip-lh.fr\/\" data-target=\"_blank\">\n                <\/div>\n              <\/div>\n              <div class=\"u-container-style u-layout-cell u-size-30 u-layout-cell-2\">\n                <div class=\"u-container-layout u-container-layout-2\">\n                  <img decoding=\"async\" class=\"u-align-center u-image u-image-default u-image-2\" src=\"https:\/\/amethyste.fr\/WordPress\/wp-content\/uploads\/MEDEFI-scaled.jpg?_t=1647506886\" alt=\"Am\u00e9thyste, membre du MEDEF International\" data-image-width=\"2560\" data-image-height=\"716\" data-href=\"https:\/\/www.medefinternational.fr\/\" data-target=\"_blank\">\n                <\/div>\n              <\/div>\n            <\/div>\n          <\/div>\n        <\/div>\n      <\/div>\n    <\/section>\n    <section class=\"u-clearfix u-section-15\" id=\"sec-840d\">\n      <div class=\"u-clearfix u-sheet u-sheet-1\">\n        <a href=\"https:\/\/amethyste.fr\/WordPress\/fr\/amethyste-logiciels-asset-integrity-management\/\" class=\"u-align-center u-btn u-button-style u-hover-palette-1-dark-1 u-palette-1-base u-btn-1\" target=\"_blank\">accueil<\/a>\n      <\/div>\n    <\/section>\n    \n    \n    \n    \n    \n    \n    \n    \n    \n    \n    \n    \n    \n    \n  \n","protected":false},"excerpt":{"rendered":"<p>Partenaires Partenaires commerciaux Partenaires financiers Soutien financier de la r\u00e9gion Normandie Organismes accueil<\/p>\n","protected":false},"author":1,"featured_media":0,"parent":0,"menu_order":10,"comment_status":"closed","ping_status":"closed","template":"","meta":{"footnotes":""},"categories":[1],"tags":[],"class_list":["post-1666","page","type-page","status-publish","hentry","category-uncategorized"],"yoast_head":"<!-- This site is optimized with the Yoast SEO plugin v26.9 - https:\/\/yoast.com\/product\/yoast-seo-wordpress\/ -->\n<title>Nos partenaires - Am\u00e9thyste<\/title>\n<meta name=\"description\" content=\"Notre \u00e9cosyst\u00e8me de partenaires financiers, commerciaux et scientifiques, ainsi que les organismes dont nous sommes membres\" \/>\n<meta name=\"robots\" content=\"index, follow, max-snippet:-1, max-image-preview:large, max-video-preview:-1\" \/>\n<link rel=\"canonical\" href=\"https:\/\/amethyste.fr\/WordPress\/nos-partenaires\/\" \/>\n<meta property=\"og:locale\" content=\"en_US\" \/>\n<meta property=\"og:type\" content=\"article\" \/>\n<meta property=\"og:title\" content=\"Nos partenaires - Am\u00e9thyste\" \/>\n<meta property=\"og:description\" content=\"Notre \u00e9cosyst\u00e8me de partenaires financiers, commerciaux et scientifiques, ainsi que les organismes dont nous sommes membres\" \/>\n<meta property=\"og:url\" content=\"https:\/\/amethyste.fr\/WordPress\/nos-partenaires\/\" \/>\n<meta property=\"og:site_name\" content=\"Am\u00e9thyste\" \/>\n<meta property=\"article:modified_time\" content=\"2024-01-18T16:02:32+00:00\" \/>\n<meta name=\"twitter:card\" content=\"summary_large_image\" \/>\n<meta name=\"twitter:label1\" content=\"Est. reading time\" \/>\n\t<meta name=\"twitter:data1\" content=\"1 minute\" \/>\n<script type=\"application\/ld+json\" class=\"yoast-schema-graph\">{\"@context\":\"https:\/\/schema.org\",\"@graph\":[{\"@type\":\"WebPage\",\"@id\":\"https:\/\/amethyste.fr\/WordPress\/nos-partenaires\/\",\"url\":\"https:\/\/amethyste.fr\/WordPress\/nos-partenaires\/\",\"name\":\"Nos partenaires - Am\u00e9thyste\",\"isPartOf\":{\"@id\":\"https:\/\/amethyste.fr\/WordPress\/en\/amethyste-asset-integrity-management-software\/#website\"},\"datePublished\":\"2021-02-17T16:07:36+00:00\",\"dateModified\":\"2024-01-18T16:02:32+00:00\",\"description\":\"Notre \u00e9cosyst\u00e8me de partenaires financiers, commerciaux et scientifiques, ainsi que les organismes dont nous sommes membres\",\"breadcrumb\":{\"@id\":\"https:\/\/amethyste.fr\/WordPress\/nos-partenaires\/#breadcrumb\"},\"inLanguage\":\"en-US\",\"potentialAction\":[{\"@type\":\"ReadAction\",\"target\":[\"https:\/\/amethyste.fr\/WordPress\/nos-partenaires\/\"]}]},{\"@type\":\"BreadcrumbList\",\"@id\":\"https:\/\/amethyste.fr\/WordPress\/nos-partenaires\/#breadcrumb\",\"itemListElement\":[{\"@type\":\"ListItem\",\"position\":1,\"name\":\"Home\",\"item\":\"https:\/\/amethyste.fr\/WordPress\/\"},{\"@type\":\"ListItem\",\"position\":2,\"name\":\"Nos partenaires\"}]},{\"@type\":\"WebSite\",\"@id\":\"https:\/\/amethyste.fr\/WordPress\/en\/amethyste-asset-integrity-management-software\/#website\",\"url\":\"https:\/\/amethyste.fr\/WordPress\/en\/amethyste-asset-integrity-management-software\/\",\"name\":\"Am\u00e9thyste\",\"description\":\"Asset Integrity Management software\",\"publisher\":{\"@id\":\"https:\/\/amethyste.fr\/WordPress\/en\/amethyste-asset-integrity-management-software\/#organization\"},\"potentialAction\":[{\"@type\":\"SearchAction\",\"target\":{\"@type\":\"EntryPoint\",\"urlTemplate\":\"https:\/\/amethyste.fr\/WordPress\/en\/amethyste-asset-integrity-management-software\/?s={search_term_string}\"},\"query-input\":{\"@type\":\"PropertyValueSpecification\",\"valueRequired\":true,\"valueName\":\"search_term_string\"}}],\"inLanguage\":\"en-US\"},{\"@type\":\"Organization\",\"@id\":\"https:\/\/amethyste.fr\/WordPress\/en\/amethyste-asset-integrity-management-software\/#organization\",\"name\":\"Am\u00e9thyste\",\"url\":\"https:\/\/amethyste.fr\/WordPress\/en\/amethyste-asset-integrity-management-software\/\",\"logo\":{\"@type\":\"ImageObject\",\"inLanguage\":\"en-US\",\"@id\":\"https:\/\/amethyste.fr\/WordPress\/en\/amethyste-asset-integrity-management-software\/#\/schema\/logo\/image\/\",\"url\":\"https:\/\/amethyste.fr\/WordPress\/wp-content\/uploads\/Amethyste-2020-80x80-1.png\",\"contentUrl\":\"https:\/\/amethyste.fr\/WordPress\/wp-content\/uploads\/Amethyste-2020-80x80-1.png\",\"width\":80,\"height\":80,\"caption\":\"Am\u00e9thyste\"},\"image\":{\"@id\":\"https:\/\/amethyste.fr\/WordPress\/en\/amethyste-asset-integrity-management-software\/#\/schema\/logo\/image\/\"}}]}<\/script>\n<!-- \/ Yoast SEO plugin. -->","yoast_head_json":{"title":"Nos partenaires - Am\u00e9thyste","description":"Notre \u00e9cosyst\u00e8me de partenaires financiers, commerciaux et scientifiques, ainsi que les organismes dont nous sommes membres","robots":{"index":"index","follow":"follow","max-snippet":"max-snippet:-1","max-image-preview":"max-image-preview:large","max-video-preview":"max-video-preview:-1"},"canonical":"https:\/\/amethyste.fr\/WordPress\/nos-partenaires\/","og_locale":"en_US","og_type":"article","og_title":"Nos partenaires - Am\u00e9thyste","og_description":"Notre \u00e9cosyst\u00e8me de partenaires financiers, commerciaux et scientifiques, ainsi que les organismes dont nous sommes membres","og_url":"https:\/\/amethyste.fr\/WordPress\/nos-partenaires\/","og_site_name":"Am\u00e9thyste","article_modified_time":"2024-01-18T16:02:32+00:00","twitter_card":"summary_large_image","twitter_misc":{"Est. reading time":"1 minute"},"schema":{"@context":"https:\/\/schema.org","@graph":[{"@type":"WebPage","@id":"https:\/\/amethyste.fr\/WordPress\/nos-partenaires\/","url":"https:\/\/amethyste.fr\/WordPress\/nos-partenaires\/","name":"Nos partenaires - Am\u00e9thyste","isPartOf":{"@id":"https:\/\/amethyste.fr\/WordPress\/en\/amethyste-asset-integrity-management-software\/#website"},"datePublished":"2021-02-17T16:07:36+00:00","dateModified":"2024-01-18T16:02:32+00:00","description":"Notre \u00e9cosyst\u00e8me de partenaires financiers, commerciaux et scientifiques, ainsi que les organismes dont nous sommes membres","breadcrumb":{"@id":"https:\/\/amethyste.fr\/WordPress\/nos-partenaires\/#breadcrumb"},"inLanguage":"en-US","potentialAction":[{"@type":"ReadAction","target":["https:\/\/amethyste.fr\/WordPress\/nos-partenaires\/"]}]},{"@type":"BreadcrumbList","@id":"https:\/\/amethyste.fr\/WordPress\/nos-partenaires\/#breadcrumb","itemListElement":[{"@type":"ListItem","position":1,"name":"Home","item":"https:\/\/amethyste.fr\/WordPress\/"},{"@type":"ListItem","position":2,"name":"Nos partenaires"}]},{"@type":"WebSite","@id":"https:\/\/amethyste.fr\/WordPress\/en\/amethyste-asset-integrity-management-software\/#website","url":"https:\/\/amethyste.fr\/WordPress\/en\/amethyste-asset-integrity-management-software\/","name":"Am\u00e9thyste","description":"Asset Integrity Management software","publisher":{"@id":"https:\/\/amethyste.fr\/WordPress\/en\/amethyste-asset-integrity-management-software\/#organization"},"potentialAction":[{"@type":"SearchAction","target":{"@type":"EntryPoint","urlTemplate":"https:\/\/amethyste.fr\/WordPress\/en\/amethyste-asset-integrity-management-software\/?s={search_term_string}"},"query-input":{"@type":"PropertyValueSpecification","valueRequired":true,"valueName":"search_term_string"}}],"inLanguage":"en-US"},{"@type":"Organization","@id":"https:\/\/amethyste.fr\/WordPress\/en\/amethyste-asset-integrity-management-software\/#organization","name":"Am\u00e9thyste","url":"https:\/\/amethyste.fr\/WordPress\/en\/amethyste-asset-integrity-management-software\/","logo":{"@type":"ImageObject","inLanguage":"en-US","@id":"https:\/\/amethyste.fr\/WordPress\/en\/amethyste-asset-integrity-management-software\/#\/schema\/logo\/image\/","url":"https:\/\/amethyste.fr\/WordPress\/wp-content\/uploads\/Amethyste-2020-80x80-1.png","contentUrl":"https:\/\/amethyste.fr\/WordPress\/wp-content\/uploads\/Amethyste-2020-80x80-1.png","width":80,"height":80,"caption":"Am\u00e9thyste"},"image":{"@id":"https:\/\/amethyste.fr\/WordPress\/en\/amethyste-asset-integrity-management-software\/#\/schema\/logo\/image\/"}}]}},"_links":{"self":[{"href":"https:\/\/amethyste.fr\/WordPress\/wp-json\/wp\/v2\/pages\/1666","targetHints":{"allow":["GET"]}}],"collection":[{"href":"https:\/\/amethyste.fr\/WordPress\/wp-json\/wp\/v2\/pages"}],"about":[{"href":"https:\/\/amethyste.fr\/WordPress\/wp-json\/wp\/v2\/types\/page"}],"author":[{"embeddable":true,"href":"https:\/\/amethyste.fr\/WordPress\/wp-json\/wp\/v2\/users\/1"}],"replies":[{"embeddable":true,"href":"https:\/\/amethyste.fr\/WordPress\/wp-json\/wp\/v2\/comments?post=1666"}],"version-history":[{"count":19,"href":"https:\/\/amethyste.fr\/WordPress\/wp-json\/wp\/v2\/pages\/1666\/revisions"}],"predecessor-version":[{"id":2560,"href":"https:\/\/amethyste.fr\/WordPress\/wp-json\/wp\/v2\/pages\/1666\/revisions\/2560"}],"wp:attachment":[{"href":"https:\/\/amethyste.fr\/WordPress\/wp-json\/wp\/v2\/media?parent=1666"}],"wp:term":[{"taxonomy":"category","embeddable":true,"href":"https:\/\/amethyste.fr\/WordPress\/wp-json\/wp\/v2\/categories?post=1666"},{"taxonomy":"post_tag","embeddable":true,"href":"https:\/\/amethyste.fr\/WordPress\/wp-json\/wp\/v2\/tags?post=1666"}],"curies":[{"name":"wp","href":"https:\/\/api.w.org\/{rel}","templated":true}]}}