{"id":1673,"date":"2021-02-17T14:26:10","date_gmt":"2021-02-17T14:26:10","guid":{"rendered":"http:\/\/amethyste.fr\/WordPress\/?page_id=1673"},"modified":"2024-06-20T08:46:56","modified_gmt":"2024-06-20T08:46:56","slug":"logiciel-asset-integrity-management-oilandgas","status":"publish","type":"page","link":"https:\/\/amethyste.fr\/WordPress\/logiciel-asset-integrity-management-oilandgas\/","title":{"rendered":"Logiciel Asset Integrity Management Oil&#038;Gas"},"content":{"rendered":"\n    \n    <section class=\"u-align-left u-clearfix u-image u-section-2\" id=\"sec-95ef\" data-image-width=\"1589\" data-image-height=\"554\" style=\"background-image: url(&quot;https:\/\/amethyste.fr\/WordPress\/wp-content\/uploads\/Header-orksoft-2022.jpg?_t=1647448067&quot;);\">\n      <div class=\"u-clearfix u-sheet u-sheet-1\"><\/div>\n    <\/section>\n    <section class=\"u-clearfix u-section-3\" id=\"sec-04e0\">\n      <div class=\"u-clearfix u-sheet u-sheet-1\">\n        <h1 class=\"u-align-center u-text u-text-1\"> Haut niveau de s\u00e9curit\u00e9 et de disponibilit\u00e9\nde production <br> Extension du cycle de vie des assets \n        <\/h1>\n        <div class=\"u-clearfix u-expanded-width u-layout-wrap u-layout-wrap-1\">\n          <div class=\"u-layout\">\n            <div class=\"u-layout-row\">\n              <div class=\"u-container-style u-layout-cell u-size-41 u-layout-cell-1\">\n                <div class=\"u-container-layout u-valign-top u-container-layout-1\">\n                  <p class=\"u-text u-text-black u-text-2\">\n                    <a name=\"_Hlk63777316\"><b>orKsoft\u00ae<\/b>\n                    <\/a> est le logiciel <b>d\u2019Am\u00e9thyste<\/b> d\u00e9di\u00e9 \u00e0 l<b>\u2019Asset Integrity<\/b><b>Management<\/b> pour les <b>\u00e9nergies fossiles<\/b>. \n                  <\/p>\n                  <p class=\"u-text u-text-3\"> Combinant les Recommended Practices les plus reconnues de l\u2019industrie, des\ntechnologies de pointe, l\u2019expertise terrain de nos partenaires et 21 ans de\nretour d\u2019exp\u00e9rience client, orKsoft\u00ae permet une approche bas\u00e9e sur la gestion\ndu risque proactive du design au d\u00e9mant\u00e8lement de n\u2019importe quel asset. <\/p>\n                  <p class=\"u-large-text u-text u-text-variant u-text-4\"> Am\u00e9liorer la S\u00e9curit\u00e9 en\ndiminuant les co\u00fbts op\u00e9rationnels <\/p>\n                  <p class=\"u-text u-text-5\"><b><b>Identification pr\u00e9coce des menaces et suivi<\/b>\n                      <br><b>Disponibilit\u00e9 accrue<\/b> permettant\nune diminution des pertes de production <br><b>Diminution des co\u00fbts d\u2019inspection et de maintenance <\/b>par l\u2019optimisation de\nla strat\u00e9gie d\u2019inspection <\/b>\n                  <\/p>\n                <\/div>\n              <\/div>\n              <div class=\"u-container-style u-layout-cell u-size-19 u-layout-cell-2\">\n                <div class=\"u-container-layout u-valign-top u-container-layout-2\">\n                  <div class=\"u-align-center u-container-style u-expanded-width-lg u-expanded-width-md u-expanded-width-xl u-group u-palette-1-light-3 u-group-1\">\n                    <div class=\"u-container-layout u-container-layout-3\">\n                      <p class=\"u-large-text u-text u-text-variant u-text-6\">Industries Applicables<br>\n                      <\/p>\n                      <p class=\"u-large-text u-text u-text-variant u-text-7\">Upstream &amp; Downstream Oil&amp;Gas<br>Centrale Thermique<br>P\u00e9trochimie<br>Activit\u00e9 Mini\u00e8re<br>\n                      <\/p>\n                    <\/div>\n                  <\/div>\n                  <a href=\"https:\/\/amethyste.fr\/WordPress\/en\/contact\/\" class=\"u-btn u-button-style u-hover-palette-1-dark-1 u-palette-1-base u-btn-1\">demandez une demo<\/a>\n                <\/div>\n              <\/div>\n            <\/div>\n          <\/div>\n        <\/div>\n      <\/div>\n    <\/section>\n    <section class=\"u-align-left u-clearfix u-section-4\" id=\"sec-2132\">\n      <div class=\"u-clearfix u-sheet u-sheet-1\">\n        <img decoding=\"async\" src=\"https:\/\/amethyste.fr\/WordPress\/wp-content\/uploads\/2022-plateforme-Amethyste.png?_t=1669037085\" alt=\"Sch\u00e9ma pr\u00e9sentant l&amp;apos;architecture de notre produit orKsoft\u00ae\" class=\"u-image u-image-default u-image-1\" data-image-width=\"4339\" data-image-height=\"2371\">\n      <\/div>\n    <\/section>\n    <section class=\"u-clearfix u-section-5\" id=\"sec-5a00\">\n      <div class=\"u-clearfix u-sheet u-sheet-1\">\n        <h2 class=\"u-align-center u-text u-text-1\">AMETHYSTE AI Digital Platform\u00ae<\/h2>\n        <p class=\"u-align-left u-text u-text-2\"> L\u2019<b>Am\u00e9thyste\nAI Digital Platform\u00ae<\/b> est la premi\u00e8re \u00e9tape et la colonne vert\u00e9brale de\nl\u2019impl\u00e9mentation de notre logiciel. Elle fournit l\u2019interface utilisateur commune\n\u00e0 tous les modules embarqu\u00e9s ainsi qu\u2019\u00e0 toutes les fonctions transversales attendues\nd\u2019un logiciel d\u2019AIM. \n        <\/p>\n        <p class=\"u-align-left u-text u-text-3\"><b>Asset Register<\/b>\n        <\/p>\n        <ul class=\"u-align-left u-text u-text-4\">\n          <li> D\u00e9composition\n     de l\u2019arborescence sans limitation de niveau (de la soci\u00e9t\u00e9 aux Points de\n     Contr\u00f4le)<\/li>\n          <li>Description Fonctionnelle&nbsp;<\/li>\n          <li>Description\n     physicochimique des fluides et des gaz<\/li>\n        <\/ul>\n        <p class=\"u-align-left u-text u-text-5\"><b>Resource\nRegister<\/b> \u2013 personnes,\ncomp\u00e9tences, gestion des organisations \n        <\/p>\n        <p class=\"u-align-left u-text u-text-6\">Gestion\ndes <b>El\u00e9ments Importants Pour la S\u00e9curit\u00e9<\/b> (EIPS) \n        <\/p>\n        <p class=\"u-align-left u-text u-text-7\">Gestion\ndes <b>routes d'inspection<\/b><b><\/b>et des <b>Points de Contr\u00f4le&nbsp; <\/b>\n          <br>\n        <\/p>\n        <p class=\"u-align-left u-text u-text-8\"><b>Computerized Inspection and\nMaintenance Management System<\/b> (GMAO) \n        <\/p>\n        <ul class=\"u-align-left u-text u-text-9\">\n          <li style=\"\"> Plans d\u2019inspection\n     et de maintenance&nbsp;<\/li>\n          <li style=\"\">Plans d\u2019action de suivi d\u2019anomalie&nbsp;<\/li>\n          <li style=\"\">Planning d\u00e9taill\u00e9 des arr\u00eats<\/li>\n          <li style=\"\">G\u00e9n\u00e9ration\n     des rapports et actions post-inspection&nbsp;<\/li>\n          <li style=\"\">Gestion des t\u00e2ches<\/li>\n        <\/ul>\n        <p class=\"u-align-left u-text u-text-10\"><b><b>Gestion\ndes alertes <\/b>\n            <br><!--[if !supportLineBreakNewLine]--><!--[endif]--><\/b>\n        <\/p>\n        <p class=\"u-align-left u-text u-text-11\"><b>Gestion\nElectronique de Documents<\/b> (interface avec une GED externe possible)\n        <\/p>\n        <p class=\"u-align-left u-text u-text-12\">Syst\u00e8mes\nde navigation <b>2D et 3D <\/b>avec \u00e9valuation de risque bas\u00e9e sur le temps,\naffichage des IOWs et Points de Contr\u00f4le\n        <\/p>\n      <\/div>\n    <\/section>\n    <section class=\"u-clearfix u-grey-10 u-section-6\" id=\"sec-eb20\">\n      <div class=\"u-clearfix u-sheet u-valign-middle u-sheet-1\">\n        <h2 class=\"u-align-center u-text u-text-1\">Choisissez vos Modules<\/h2>\n        <div class=\"u-align-center u-clearfix u-expanded-width u-gutter-10 u-layout-wrap u-layout-wrap-1\">\n          <div class=\"u-gutter-0 u-layout\">\n            <div class=\"u-layout-row\">\n              <div class=\"u-align-center u-container-style u-layout-cell u-size-20 u-white u-layout-cell-1\">\n                <div class=\"u-container-layout u-valign-top u-container-layout-1\">\n                  <img decoding=\"async\" class=\"u-expanded-width u-image u-image-default u-image-1\" src=\"https:\/\/amethyste.fr\/WordPress\/wp-content\/uploads\/modules1.jpeg\" alt=\"logiciel AIM Oil&amp;amp;Gas: modules Asset Integrity\" data-image-width=\"1600\" data-image-height=\"533\">\n                  <p class=\"u-large-text u-text u-text-default u-text-variant u-text-2\">Modules d'Asset Integrity Management<br>\n                  <\/p>\n                  <p class=\"u-text u-text-default u-text-3\"> D\u00e9couvrez notre catalogue de modules d'Asset Integrity Management int\u00e9grables orKsoft\u00ae<\/p>\n                  <a href=\"https:\/\/amethyste.fr\/WordPress\/fr\/modules-asset-integrity-management\/\" class=\"u-btn u-button-style u-hover-palette-1-dark-1 u-palette-1-base u-btn-1\">learn more<\/a>\n                <\/div>\n              <\/div>\n              <div class=\"u-align-center u-container-style u-layout-cell u-size-20 u-white u-layout-cell-2\">\n                <div class=\"u-container-layout u-container-layout-2\">\n                  <img decoding=\"async\" class=\"u-expanded-width u-image u-image-default u-image-2\" src=\"https:\/\/amethyste.fr\/WordPress\/wp-content\/uploads\/AdobeStock_306680235.jpeg\" alt=\"logiciel AIM Oil&amp;amp;Gas: modules techniques\" data-image-width=\"1600\" data-image-height=\"410\">\n                  <p class=\"u-large-text u-text u-text-variant u-text-4\">Modules Techniques<br>\n                  <\/p>\n                  <p class=\"u-text u-text-5\"> Report &amp; Dashboard Builder<br>Mass Upload<br>Methodology Builder<br>\n                  <\/p>\n                  <a href=\"https:\/\/amethyste.fr\/WordPress\/fr\/modules-techniques\/\" class=\"u-btn u-button-style u-hover-palette-1-dark-1 u-palette-1-base u-btn-2\"> learn more<\/a>\n                <\/div>\n              <\/div>\n              <div class=\"u-align-center u-container-style u-layout-cell u-size-20 u-white u-layout-cell-3\">\n                <div class=\"u-container-layout u-container-layout-3\">\n                  <img decoding=\"async\" class=\"u-image u-image-default u-image-3\" src=\"https:\/\/amethyste.fr\/WordPress\/wp-content\/uploads\/Cyber-Header-2-scaled.jpg\" alt=\"\" data-image-width=\"2560\" data-image-height=\"1086\">\n                  <p class=\"u-large-text u-text u-text-variant u-text-6\">Modules Cyber Risk Management<br>\n                  <\/p>\n                  <p class=\"u-text u-text-7\"> D\u00e9couvrez CyberQuartz\u00ae, notre logiciel de gestion du risque cyber int\u00e9grable \u00e0 orKsoft\u00ae<\/p>\n                  <a href=\"https:\/\/amethyste.fr\/WordPress\/fr\/modules-techniques\/\" class=\"u-align-center u-btn u-button-style u-hover-palette-1-dark-1 u-palette-1-base u-btn-3\"> learn more<\/a>\n                <\/div>\n              <\/div>\n            <\/div>\n          <\/div>\n        <\/div>\n      <\/div>\n    <\/section>\n    <section class=\"u-clearfix u-section-7\" id=\"sec-61c2\">\n      <div class=\"u-clearfix u-sheet u-valign-middle u-sheet-1\">\n        <div class=\"data-layout-selected u-clearfix u-expanded-width u-layout-wrap u-layout-wrap-1\">\n          <div class=\"u-layout\">\n            <div class=\"u-layout-row\">\n              <div class=\"u-container-style u-layout-cell u-size-30 u-layout-cell-1\">\n                <div class=\"u-container-layout u-container-layout-1\">\n                  <a href=\"https:\/\/amethyste.fr\/WordPress\/fr\/services-associes\/\" class=\"u-align-center u-btn u-button-style u-hover-palette-1-dark-1 u-palette-1-base u-btn-1\">nos services<\/a>\n                <\/div>\n              <\/div>\n              <div class=\"u-container-style u-layout-cell u-size-30 u-layout-cell-2\">\n                <div class=\"u-container-layout u-container-layout-2\">\n                  <a href=\"https:\/\/amethyste.fr\/documents\/orKsoft_System_Requirements_FR.pdf\" class=\"u-align-center u-border-2 u-border-grey-75 u-btn u-button-style u-file-link u-hover-palette-1-dark-1 u-palette-1-base u-btn-2\" target=\"_blank\">crit\u00e8res techniques<\/a>\n                <\/div>\n              <\/div>\n            <\/div>\n          <\/div>\n        <\/div>\n      <\/div>\n    <\/section>\n    <section class=\"u-clearfix u-section-8\" id=\"carousel_9dff\">\n      <div class=\"u-clearfix u-sheet u-sheet-1\"><\/div>\n    <\/section>\n    \n    \n    \n    \n    \n    \n    \n    \n    \n    \n    \n    \n    \n    \n  \n","protected":false},"excerpt":{"rendered":"<p>Haut niveau de s\u00e9curit\u00e9 et de disponibilit\u00e9 de production Extension du cycle de vie des assets orKsoft\u00ae est le logiciel d\u2019Am\u00e9thyste d\u00e9di\u00e9 \u00e0 l\u2019Asset IntegrityManagement pour les \u00e9nergies fossiles. Combinant les Recommended Practices les plus reconnues de l\u2019industrie, des technologies de pointe, l\u2019expertise terrain de nos partenaires et 21 ans de retour d\u2019exp\u00e9rience client, orKsoft\u00ae &hellip; <a href=\"https:\/\/amethyste.fr\/WordPress\/logiciel-asset-integrity-management-oilandgas\/\" class=\"more-link\">Continue reading<span class=\"screen-reader-text\"> &#8220;Logiciel Asset Integrity Management Oil&#038;Gas&#8221;<\/span><\/a><\/p>\n","protected":false},"author":1,"featured_media":0,"parent":0,"menu_order":17,"comment_status":"closed","ping_status":"closed","template":"","meta":{"footnotes":""},"categories":[1],"tags":[],"class_list":["post-1673","page","type-page","status-publish","hentry","category-uncategorized"],"yoast_head":"<!-- This site is optimized with the Yoast SEO plugin v26.9 - https:\/\/yoast.com\/product\/yoast-seo-wordpress\/ -->\n<title>Logiciel Asset Integrity Management Oil&amp;Gas - Am\u00e9thyste<\/title>\n<meta name=\"description\" content=\"Logiciel Asset Integrity Management &amp; Risk Based Inspection Oil&amp;Gas &amp; Powerplants: Am\u00e9liorer la s\u00e9curit\u00e9 en limitant les co\u00fbts op\u00e9rationnels\" \/>\n<meta name=\"robots\" content=\"index, follow, max-snippet:-1, max-image-preview:large, max-video-preview:-1\" \/>\n<link rel=\"canonical\" href=\"https:\/\/amethyste.fr\/WordPress\/logiciel-asset-integrity-management-oilandgas\/\" \/>\n<meta property=\"og:locale\" content=\"en_US\" \/>\n<meta property=\"og:type\" content=\"article\" \/>\n<meta property=\"og:title\" content=\"Logiciel Asset Integrity Management Oil&amp;Gas - Am\u00e9thyste\" \/>\n<meta property=\"og:description\" content=\"Logiciel Asset Integrity Management &amp; Risk Based Inspection Oil&amp;Gas &amp; Powerplants: Am\u00e9liorer la s\u00e9curit\u00e9 en limitant les co\u00fbts op\u00e9rationnels\" \/>\n<meta property=\"og:url\" content=\"https:\/\/amethyste.fr\/WordPress\/logiciel-asset-integrity-management-oilandgas\/\" \/>\n<meta property=\"og:site_name\" content=\"Am\u00e9thyste\" \/>\n<meta property=\"article:modified_time\" content=\"2024-06-20T08:46:56+00:00\" \/>\n<meta name=\"twitter:card\" content=\"summary_large_image\" \/>\n<meta name=\"twitter:label1\" content=\"Est. reading time\" \/>\n\t<meta name=\"twitter:data1\" content=\"2 minutes\" \/>\n<script type=\"application\/ld+json\" class=\"yoast-schema-graph\">{\"@context\":\"https:\/\/schema.org\",\"@graph\":[{\"@type\":\"WebPage\",\"@id\":\"https:\/\/amethyste.fr\/WordPress\/logiciel-asset-integrity-management-oilandgas\/\",\"url\":\"https:\/\/amethyste.fr\/WordPress\/logiciel-asset-integrity-management-oilandgas\/\",\"name\":\"Logiciel Asset Integrity Management Oil&Gas - Am\u00e9thyste\",\"isPartOf\":{\"@id\":\"https:\/\/amethyste.fr\/WordPress\/en\/amethyste-asset-integrity-management-software\/#website\"},\"datePublished\":\"2021-02-17T14:26:10+00:00\",\"dateModified\":\"2024-06-20T08:46:56+00:00\",\"description\":\"Logiciel Asset Integrity Management & Risk Based Inspection Oil&Gas & Powerplants: Am\u00e9liorer la s\u00e9curit\u00e9 en limitant les co\u00fbts op\u00e9rationnels\",\"breadcrumb\":{\"@id\":\"https:\/\/amethyste.fr\/WordPress\/logiciel-asset-integrity-management-oilandgas\/#breadcrumb\"},\"inLanguage\":\"en-US\",\"potentialAction\":[{\"@type\":\"ReadAction\",\"target\":[\"https:\/\/amethyste.fr\/WordPress\/logiciel-asset-integrity-management-oilandgas\/\"]}]},{\"@type\":\"BreadcrumbList\",\"@id\":\"https:\/\/amethyste.fr\/WordPress\/logiciel-asset-integrity-management-oilandgas\/#breadcrumb\",\"itemListElement\":[{\"@type\":\"ListItem\",\"position\":1,\"name\":\"Home\",\"item\":\"https:\/\/amethyste.fr\/WordPress\/\"},{\"@type\":\"ListItem\",\"position\":2,\"name\":\"Logiciel Asset Integrity Management Oil&#038;Gas\"}]},{\"@type\":\"WebSite\",\"@id\":\"https:\/\/amethyste.fr\/WordPress\/en\/amethyste-asset-integrity-management-software\/#website\",\"url\":\"https:\/\/amethyste.fr\/WordPress\/en\/amethyste-asset-integrity-management-software\/\",\"name\":\"Am\u00e9thyste\",\"description\":\"Asset Integrity Management software\",\"publisher\":{\"@id\":\"https:\/\/amethyste.fr\/WordPress\/en\/amethyste-asset-integrity-management-software\/#organization\"},\"potentialAction\":[{\"@type\":\"SearchAction\",\"target\":{\"@type\":\"EntryPoint\",\"urlTemplate\":\"https:\/\/amethyste.fr\/WordPress\/en\/amethyste-asset-integrity-management-software\/?s={search_term_string}\"},\"query-input\":{\"@type\":\"PropertyValueSpecification\",\"valueRequired\":true,\"valueName\":\"search_term_string\"}}],\"inLanguage\":\"en-US\"},{\"@type\":\"Organization\",\"@id\":\"https:\/\/amethyste.fr\/WordPress\/en\/amethyste-asset-integrity-management-software\/#organization\",\"name\":\"Am\u00e9thyste\",\"url\":\"https:\/\/amethyste.fr\/WordPress\/en\/amethyste-asset-integrity-management-software\/\",\"logo\":{\"@type\":\"ImageObject\",\"inLanguage\":\"en-US\",\"@id\":\"https:\/\/amethyste.fr\/WordPress\/en\/amethyste-asset-integrity-management-software\/#\/schema\/logo\/image\/\",\"url\":\"https:\/\/amethyste.fr\/WordPress\/wp-content\/uploads\/Amethyste-2020-80x80-1.png\",\"contentUrl\":\"https:\/\/amethyste.fr\/WordPress\/wp-content\/uploads\/Amethyste-2020-80x80-1.png\",\"width\":80,\"height\":80,\"caption\":\"Am\u00e9thyste\"},\"image\":{\"@id\":\"https:\/\/amethyste.fr\/WordPress\/en\/amethyste-asset-integrity-management-software\/#\/schema\/logo\/image\/\"}}]}<\/script>\n<!-- \/ Yoast SEO plugin. -->","yoast_head_json":{"title":"Logiciel Asset Integrity Management Oil&Gas - Am\u00e9thyste","description":"Logiciel Asset Integrity Management & Risk Based Inspection Oil&Gas & Powerplants: Am\u00e9liorer la s\u00e9curit\u00e9 en limitant les co\u00fbts op\u00e9rationnels","robots":{"index":"index","follow":"follow","max-snippet":"max-snippet:-1","max-image-preview":"max-image-preview:large","max-video-preview":"max-video-preview:-1"},"canonical":"https:\/\/amethyste.fr\/WordPress\/logiciel-asset-integrity-management-oilandgas\/","og_locale":"en_US","og_type":"article","og_title":"Logiciel Asset Integrity Management Oil&Gas - Am\u00e9thyste","og_description":"Logiciel Asset Integrity Management & Risk Based Inspection Oil&Gas & Powerplants: Am\u00e9liorer la s\u00e9curit\u00e9 en limitant les co\u00fbts op\u00e9rationnels","og_url":"https:\/\/amethyste.fr\/WordPress\/logiciel-asset-integrity-management-oilandgas\/","og_site_name":"Am\u00e9thyste","article_modified_time":"2024-06-20T08:46:56+00:00","twitter_card":"summary_large_image","twitter_misc":{"Est. reading time":"2 minutes"},"schema":{"@context":"https:\/\/schema.org","@graph":[{"@type":"WebPage","@id":"https:\/\/amethyste.fr\/WordPress\/logiciel-asset-integrity-management-oilandgas\/","url":"https:\/\/amethyste.fr\/WordPress\/logiciel-asset-integrity-management-oilandgas\/","name":"Logiciel Asset Integrity Management Oil&Gas - Am\u00e9thyste","isPartOf":{"@id":"https:\/\/amethyste.fr\/WordPress\/en\/amethyste-asset-integrity-management-software\/#website"},"datePublished":"2021-02-17T14:26:10+00:00","dateModified":"2024-06-20T08:46:56+00:00","description":"Logiciel Asset Integrity Management & Risk Based Inspection Oil&Gas & Powerplants: Am\u00e9liorer la s\u00e9curit\u00e9 en limitant les co\u00fbts op\u00e9rationnels","breadcrumb":{"@id":"https:\/\/amethyste.fr\/WordPress\/logiciel-asset-integrity-management-oilandgas\/#breadcrumb"},"inLanguage":"en-US","potentialAction":[{"@type":"ReadAction","target":["https:\/\/amethyste.fr\/WordPress\/logiciel-asset-integrity-management-oilandgas\/"]}]},{"@type":"BreadcrumbList","@id":"https:\/\/amethyste.fr\/WordPress\/logiciel-asset-integrity-management-oilandgas\/#breadcrumb","itemListElement":[{"@type":"ListItem","position":1,"name":"Home","item":"https:\/\/amethyste.fr\/WordPress\/"},{"@type":"ListItem","position":2,"name":"Logiciel Asset Integrity Management Oil&#038;Gas"}]},{"@type":"WebSite","@id":"https:\/\/amethyste.fr\/WordPress\/en\/amethyste-asset-integrity-management-software\/#website","url":"https:\/\/amethyste.fr\/WordPress\/en\/amethyste-asset-integrity-management-software\/","name":"Am\u00e9thyste","description":"Asset Integrity Management software","publisher":{"@id":"https:\/\/amethyste.fr\/WordPress\/en\/amethyste-asset-integrity-management-software\/#organization"},"potentialAction":[{"@type":"SearchAction","target":{"@type":"EntryPoint","urlTemplate":"https:\/\/amethyste.fr\/WordPress\/en\/amethyste-asset-integrity-management-software\/?s={search_term_string}"},"query-input":{"@type":"PropertyValueSpecification","valueRequired":true,"valueName":"search_term_string"}}],"inLanguage":"en-US"},{"@type":"Organization","@id":"https:\/\/amethyste.fr\/WordPress\/en\/amethyste-asset-integrity-management-software\/#organization","name":"Am\u00e9thyste","url":"https:\/\/amethyste.fr\/WordPress\/en\/amethyste-asset-integrity-management-software\/","logo":{"@type":"ImageObject","inLanguage":"en-US","@id":"https:\/\/amethyste.fr\/WordPress\/en\/amethyste-asset-integrity-management-software\/#\/schema\/logo\/image\/","url":"https:\/\/amethyste.fr\/WordPress\/wp-content\/uploads\/Amethyste-2020-80x80-1.png","contentUrl":"https:\/\/amethyste.fr\/WordPress\/wp-content\/uploads\/Amethyste-2020-80x80-1.png","width":80,"height":80,"caption":"Am\u00e9thyste"},"image":{"@id":"https:\/\/amethyste.fr\/WordPress\/en\/amethyste-asset-integrity-management-software\/#\/schema\/logo\/image\/"}}]}},"_links":{"self":[{"href":"https:\/\/amethyste.fr\/WordPress\/wp-json\/wp\/v2\/pages\/1673","targetHints":{"allow":["GET"]}}],"collection":[{"href":"https:\/\/amethyste.fr\/WordPress\/wp-json\/wp\/v2\/pages"}],"about":[{"href":"https:\/\/amethyste.fr\/WordPress\/wp-json\/wp\/v2\/types\/page"}],"author":[{"embeddable":true,"href":"https:\/\/amethyste.fr\/WordPress\/wp-json\/wp\/v2\/users\/1"}],"replies":[{"embeddable":true,"href":"https:\/\/amethyste.fr\/WordPress\/wp-json\/wp\/v2\/comments?post=1673"}],"version-history":[{"count":24,"href":"https:\/\/amethyste.fr\/WordPress\/wp-json\/wp\/v2\/pages\/1673\/revisions"}],"predecessor-version":[{"id":2979,"href":"https:\/\/amethyste.fr\/WordPress\/wp-json\/wp\/v2\/pages\/1673\/revisions\/2979"}],"wp:attachment":[{"href":"https:\/\/amethyste.fr\/WordPress\/wp-json\/wp\/v2\/media?parent=1673"}],"wp:term":[{"taxonomy":"category","embeddable":true,"href":"https:\/\/amethyste.fr\/WordPress\/wp-json\/wp\/v2\/categories?post=1673"},{"taxonomy":"post_tag","embeddable":true,"href":"https:\/\/amethyste.fr\/WordPress\/wp-json\/wp\/v2\/tags?post=1673"}],"curies":[{"name":"wp","href":"https:\/\/api.w.org\/{rel}","templated":true}]}}