{"id":1680,"date":"2021-02-11T14:04:20","date_gmt":"2021-02-11T14:04:20","guid":{"rendered":"http:\/\/amethyste.fr\/WordPress\/?page_id=1680"},"modified":"2023-07-21T09:04:51","modified_gmt":"2023-07-21T09:04:51","slug":"modules-techniques","status":"publish","type":"page","link":"https:\/\/amethyste.fr\/WordPress\/modules-techniques\/","title":{"rendered":"Modules Techniques"},"content":{"rendered":"\n    \n    <section class=\"u-align-left u-clearfix u-image u-section-2\" src=\"\" id=\"sec-4ccf\" data-image-width=\"1600\" data-image-height=\"410\" style=\"background-image: url(&quot;https:\/\/amethyste.fr\/WordPress\/wp-content\/uploads\/AdobeStock_306680235.jpeg&quot;);\">\n      <div class=\"u-clearfix u-sheet u-sheet-1\">\n        <h1 class=\"u-align-left u-text u-text-body-alt-color u-text-1\" data-lang-fr=\"Modules Techniques<br>\" data-lang-en=\"\u200bTechnical Modules\">Modules Techniques<br>\n        <\/h1>\n      <\/div>\n    <\/section>\n    <section class=\"u-clearfix u-section-3\" id=\"sec-7096\">\n      <div class=\"u-clearfix u-sheet u-valign-middle u-sheet-1\">\n        <h2 class=\"u-text u-text-1\" data-lang-fr=\"Faciliter votre utilisation<br>\" data-lang-en=\"\u200bMaking your life easier\">Faciliter votre utilisation<br>\n        <\/h2>\n        <p class=\"u-text u-text-2\" data-lang-fr=\"D\u00e9couvrez nos modules techniques, con\u00e7us pour vous accompagner dans votre utilisation quotidienne de nos logiciels.<br>\" data-lang-en=\"\u200bDiscover our technical modules, designed to accompany you in your daily use of our software.\">D\u00e9couvrez nos modules techniques, con\u00e7us pour vous accompagner dans votre utilisation quotidienne de nos logiciels.<br>\n        <\/p>\n      <\/div>\n    <\/section>\n    <section class=\"u-clearfix u-section-4\" id=\"sec-64df\">\n      <div class=\"u-clearfix u-sheet u-valign-middle u-sheet-1\">\n        <div class=\"u-clearfix u-expanded-width u-layout-wrap u-layout-wrap-1\">\n          <div class=\"u-layout\">\n            <div class=\"u-layout-row\">\n              <div class=\"u-container-style u-layout-cell u-size-47 u-layout-cell-1\">\n                <div class=\"u-container-layout u-container-layout-1\">\n                  <h3 class=\"u-text u-text-1\" data-lang-fr=\"Mass Upload\" data-lang-en=\"Mass Upload\">Mass Upload<\/h3>\n                  <p class=\"u-text u-text-2\" data-lang-fr=\"Le module <span style=&quot;font-weight: 700;&quot;>Mass Upload<\/span> permet \u00e0 l'utilisateur de g\u00e9n\u00e9rer&amp;nbsp; des templates Excel pouvant \u00eatre utilis\u00e9s pour <span style=&quot;font-weight: 700;&quot;>collectert des donn\u00e9es<\/span>. Cette\nfonctionnalit\u00e9 est aussi offerte pour des <span style=&quot;font-weight: 700;&quot;>modifications de masse<\/span>, le template sera g\u00e9n\u00e9r\u00e9 avec le contenu de la base de donn\u00e9es et peut \u00eatre <span style=&quot;font-weight: 700;&quot;>recharg\u00e9 apr\u00e8s\nmodification<\/span>.\n                  \" data-lang-en=\"\u200bThe <span style=&quot;font-weight: 700;&quot;>Mass Upload<\/span>&amp;nbsp;module allows the\nuser to generate Excel templates that can be used for <span style=&quot;font-weight: 700;&quot;>data gathering<\/span>. This\nfunctionality is also offered for <span style=&quot;font-weight: 700;&quot;>mass modifications<\/span>, the template will then be\ngenerated with the content of the database and can be <span style=&quot;font-weight: 700;&quot;>reloaded after\nmodification<\/span>.\n                  \">Le module <span style=\"font-weight: 700;\">Mass Upload<\/span> permet \u00e0 l'utilisateur de g\u00e9n\u00e9rer&nbsp; des templates Excel pouvant \u00eatre utilis\u00e9s pour <span style=\"font-weight: 700;\">collectert des donn\u00e9es<\/span>. Cette\nfonctionnalit\u00e9 est aussi offerte pour des <span style=\"font-weight: 700;\">modifications de masse<\/span>, le template sera g\u00e9n\u00e9r\u00e9 avec le contenu de la base de donn\u00e9es et peut \u00eatre <span style=\"font-weight: 700;\">recharg\u00e9 apr\u00e8s\nmodification<\/span>. \n                  <\/p>\n                  <h3 class=\"u-text u-text-3\" data-lang-fr=\"Report Builder\" data-lang-en=\"Report Builder\">Report Builder<\/h3>\n                  <p class=\"u-text u-text-4\" data-lang-fr=\"Pour une plus grande <span style=&quot;font-weight: 700;&quot;>flexibilit\u00e9 <\/span>et <span style=&quot;font-weight: 700;&quot;>autonomie de nos clients<\/span>, nous recommandons d'utiliser le module <span style=&quot;font-weight: 700;&quot;>Report <\/span><span style=&quot;font-weight: 700;&quot;>Builder <\/span>qui permet d'\u00eatre autonome dans la production de vos rapports. <span style=&quot;font-weight: 700;&quot;>Am\u00e9thyste <\/span>reste\n \u00e0 votre enti\u00e8re disposition pour vous assister dans la production de \nrapports customis\u00e9s, ce service est sujet \u00e0 un devis s\u00e9par\u00e9.\" data-lang-en=\"\u200bFor greater <span style=&quot;font-weight: 700;&quot;>flexibility<\/span> and <span style=&quot;font-weight: 700;&quot;>customer autonomy<\/span>, we recommend using the <span style=&quot;font-weight: 700;&quot;>Report Builder<\/span>&amp;nbsp;module which\nallows you to be autonomous in the production of your reports. <span style=&quot;font-weight: 700;&quot;>Am\u00e9thyste<\/span> remains at your entire disposal to assist in\nthe production of customized reports, this service being subject to a separate\nquotation.\">Pour une plus grande <span style=\"font-weight: 700;\">flexibilit\u00e9 <\/span>et <span style=\"font-weight: 700;\">autonomie de nos clients<\/span>, nous recommandons d'utiliser le module <span style=\"font-weight: 700;\">Report <\/span>\n                    <span style=\"font-weight: 700;\">Builder <\/span>qui permet d'\u00eatre autonome dans la production de vos rapports. <span style=\"font-weight: 700;\">Am\u00e9thyste <\/span>reste\n \u00e0 votre enti\u00e8re disposition pour vous assister dans la production de \nrapports customis\u00e9s, ce service est sujet \u00e0 un devis s\u00e9par\u00e9.\n                  <\/p>\n                  <h3 class=\"u-text u-text-5\" data-lang-fr=\"Dashboard Builder\" data-lang-en=\"Dashboard Builder\">Dashboard Builder<\/h3>\n                  <p class=\"u-text u-text-6\" data-lang-fr=\"Pour une plus grande <span style=&quot;font-weight: 700;&quot;>flexibilit\u00e9 <\/span>et <span style=&quot;font-weight: 700;&quot;>autonomie de nos clients<\/span>, nous recommandons d'utiliser le module <span style=&quot;font-weight: 700;&quot;>Dashboard <\/span><span style=&quot;font-weight: 700;&quot;>Builder <\/span>qui permet d'\u00eatre autonome dans la production de vos tableaux de bord. <span style=&quot;font-weight: 700;&quot;>Am\u00e9thyste <\/span>reste\n \u00e0 votre enti\u00e8re disposition pour vous assister dans la production de \nrapports customis\u00e9s, ce service est sujet \u00e0 un devis s\u00e9par\u00e9.\" data-lang-en=\"\u200bFor greater&amp;nbsp;<span style=&quot;font-weight: 700;&quot;>flexibility<\/span>&amp;nbsp;and&amp;nbsp;<span style=&quot;font-weight: 700;&quot;>customer autonomy<\/span>, we recommend using the&amp;nbsp;<span style=&quot;font-weight: 700;&quot;>Dashboard Builder<\/span>&amp;nbsp;module which allows you to be autonomous in the production of your dashboards.&amp;nbsp;<span style=&quot;font-weight: 700;&quot;>Am\u00e9thyste<\/span>&amp;nbsp;remains at your entire disposal to assist in the production of customized dashboards, this service being subject to a separate quotation.\n                  \">Pour une plus grande <span style=\"font-weight: 700;\">flexibilit\u00e9 <\/span>et <span style=\"font-weight: 700;\">autonomie de nos clients<\/span>, nous recommandons d'utiliser le module <span style=\"font-weight: 700;\">Dashboard <\/span>\n                    <span style=\"font-weight: 700;\">Builder <\/span>qui permet d'\u00eatre autonome dans la production de vos tableaux de bord. <span style=\"font-weight: 700;\">Am\u00e9thyste <\/span>reste\n \u00e0 votre enti\u00e8re disposition pour vous assister dans la production de \nrapports customis\u00e9s, ce service est sujet \u00e0 un devis s\u00e9par\u00e9.\n                  <\/p>\n                <\/div>\n              <\/div>\n              <div class=\"u-align-center u-container-style u-layout-cell u-size-13 u-layout-cell-2\">\n                <div class=\"u-container-layout u-container-layout-2\">\n                  <a href=\"https:\/\/amethyste.fr\/WordPress\/en\/contact\/\" class=\"u-align-center u-btn u-button-style u-palette-1-base u-text-body-alt-color u-btn-1\" data-lang-fr=\"{&quot;content&quot;:&quot;demandez une demo&quot;,&quot;href&quot;:&quot;https:\/\/amethyste.fr\/WordPress\/en\/contact\/&quot;}\" data-lang-en=\"{&quot;content&quot;:&quot;ask for a demo&quot;,&quot;href&quot;:&quot;https:\/\/amethyste.fr\/WordPress\/en\/contact\/&quot;}\">demandez une demo<\/a>\n                  <a href=\"https:\/\/amethyste.fr\/WordPress\/fr\/modules-asset-integrity-management\/\" class=\"u-align-center u-btn u-button-style u-hover-palette-1-dark-1 u-palette-1-base u-btn-2\" data-lang-fr=\"{&quot;content&quot;:&quot;tous nos modules&quot;,&quot;href&quot;:&quot;https:\/\/amethyste.fr\/WordPress\/fr\/modules-asset-integrity-management\/&quot;}\" data-lang-en=\"{&quot;content&quot;:&quot;all our modules&quot;,&quot;href&quot;:&quot;https:\/\/amethyste.fr\/WordPress\/fr\/modules-asset-integrity-management\/&quot;}\">tous nos modules<\/a>\n                <\/div>\n              <\/div>\n            <\/div>\n          <\/div>\n        <\/div>\n      <\/div>\n    <\/section>\n    <section class=\"u-clearfix u-section-5\" id=\"sec-1dd7\">\n      <div class=\"u-clearfix u-sheet u-valign-middle u-sheet-1\">\n        <img decoding=\"async\" class=\"u-image u-image-default u-image-1\" src=\"https:\/\/amethyste.fr\/WordPress\/wp-content\/uploads\/Capture-Dashboard-Builder.jpg?_t=1641975726\" alt=\"Modules Techniques: Dashboard Builder\" data-image-width=\"440\" data-image-height=\"583\" data-lang-fr=\"Modules Techniques: Dashboard Builder\" data-lang-en=\"Modules Techniques: Dashboard Builder\">\n      <\/div>\n    <\/section>\n    <section class=\"u-clearfix u-section-6\" id=\"sec-5694\">\n      <div class=\"u-clearfix u-sheet u-sheet-1\">\n        <div class=\"u-clearfix u-expanded-width u-gutter-10 u-layout-wrap u-layout-wrap-1\">\n          <div class=\"u-layout\">\n            <div class=\"u-layout-row\">\n              <div class=\"u-container-style u-layout-cell u-size-30 u-layout-cell-1\">\n                <div class=\"u-container-layout u-container-layout-1\">\n                  <a href=\"https:\/\/amethyste.fr\/WordPress\/fr\/services-associes\/\" class=\"u-align-center u-btn u-button-style u-hover-palette-1-dark-1 u-palette-1-base u-btn-1\" data-lang-fr=\"{&quot;content&quot;:&quot;d\u00e9couvrez nos services&quot;,&quot;href&quot;:&quot;https:\/\/amethyste.fr\/WordPress\/fr\/services-associes\/&quot;}\" data-lang-en=\"{&quot;content&quot;:&quot;discover our services&quot;,&quot;href&quot;:&quot;https:\/\/amethyste.fr\/WordPress\/fr\/services-associes\/&quot;}\">d\u00e9couvrez nos services<\/a>\n                <\/div>\n              <\/div>\n              <div class=\"u-container-style u-layout-cell u-size-30 u-layout-cell-2\">\n                <div class=\"u-container-layout u-container-layout-2\">\n                  <a href=\"https:\/\/extranet.amethyste.fr\/documents\/orKsoft_System_Requirements.pdf\" class=\"u-align-center u-btn u-button-style u-file-link u-hover-palette-1-dark-1 u-palette-1-base u-btn-2\" data-lang-fr=\"{&quot;content&quot;:&quot;crit\u00e8res techniques&quot;,&quot;href&quot;:&quot;https:\/\/extranet.amethyste.fr\/documents\/orKsoft_System_Requirements.pdf&quot;}\" data-lang-en=\"{&quot;content&quot;:&quot;technical requirements&quot;,&quot;href&quot;:&quot;https:\/\/extranet.amethyste.fr\/documents\/orKsoft_System_Requirements.pdf&quot;}\" target=\"_blank\">crit\u00e8res techniques<\/a>\n                <\/div>\n              <\/div>\n            <\/div>\n          <\/div>\n        <\/div>\n      <\/div>\n    <\/section>\n    <section class=\"u-clearfix u-section-7\" id=\"sec-1370\">\n      <div class=\"u-clearfix u-sheet u-sheet-1\"><\/div>\n    <\/section>\n    \n    \n    \n    \n    \n    \n    \n    \n    \n    \n    \n    \n    \n  \n","protected":false},"excerpt":{"rendered":"<p>Modules Techniques Faciliter votre utilisation D\u00e9couvrez nos modules techniques, con\u00e7us pour vous accompagner dans votre utilisation quotidienne de nos logiciels. Mass Upload Le module Mass Upload permet \u00e0 l&#8217;utilisateur de g\u00e9n\u00e9rer&nbsp; des templates Excel pouvant \u00eatre utilis\u00e9s pour collectert des donn\u00e9es. Cette fonctionnalit\u00e9 est aussi offerte pour des modifications de masse, le template sera g\u00e9n\u00e9r\u00e9 &hellip; <a href=\"https:\/\/amethyste.fr\/WordPress\/modules-techniques\/\" class=\"more-link\">Continue reading<span class=\"screen-reader-text\"> &#8220;Modules Techniques&#8221;<\/span><\/a><\/p>\n","protected":false},"author":1,"featured_media":0,"parent":0,"menu_order":24,"comment_status":"closed","ping_status":"closed","template":"","meta":{"footnotes":""},"categories":[1],"tags":[],"class_list":["post-1680","page","type-page","status-publish","hentry","category-uncategorized"],"yoast_head":"<!-- This site is optimized with the Yoast SEO plugin v26.9 - https:\/\/yoast.com\/product\/yoast-seo-wordpress\/ -->\n<title>Modules Techniques - Am\u00e9thyste<\/title>\n<meta name=\"description\" content=\"D\u00e9couvrez nos modules techniques, d\u00e9velopp\u00e9s pour faciliter votre utilisation quotidienne de nos logiciels\" \/>\n<meta name=\"robots\" content=\"index, follow, max-snippet:-1, max-image-preview:large, max-video-preview:-1\" \/>\n<link rel=\"canonical\" href=\"https:\/\/amethyste.fr\/WordPress\/modules-techniques\/\" \/>\n<meta property=\"og:locale\" content=\"en_US\" \/>\n<meta property=\"og:type\" content=\"article\" \/>\n<meta property=\"og:title\" content=\"Modules Techniques - Am\u00e9thyste\" \/>\n<meta property=\"og:description\" content=\"D\u00e9couvrez nos modules techniques, d\u00e9velopp\u00e9s pour faciliter votre utilisation quotidienne de nos logiciels\" \/>\n<meta property=\"og:url\" content=\"https:\/\/amethyste.fr\/WordPress\/modules-techniques\/\" \/>\n<meta property=\"og:site_name\" content=\"Am\u00e9thyste\" \/>\n<meta property=\"article:modified_time\" content=\"2023-07-21T09:04:51+00:00\" \/>\n<meta name=\"twitter:card\" content=\"summary_large_image\" \/>\n<meta name=\"twitter:label1\" content=\"Est. reading time\" \/>\n\t<meta name=\"twitter:data1\" content=\"1 minute\" \/>\n<script type=\"application\/ld+json\" class=\"yoast-schema-graph\">{\"@context\":\"https:\/\/schema.org\",\"@graph\":[{\"@type\":\"WebPage\",\"@id\":\"https:\/\/amethyste.fr\/WordPress\/modules-techniques\/\",\"url\":\"https:\/\/amethyste.fr\/WordPress\/modules-techniques\/\",\"name\":\"Modules Techniques - Am\u00e9thyste\",\"isPartOf\":{\"@id\":\"https:\/\/amethyste.fr\/WordPress\/en\/amethyste-asset-integrity-management-software\/#website\"},\"datePublished\":\"2021-02-11T14:04:20+00:00\",\"dateModified\":\"2023-07-21T09:04:51+00:00\",\"description\":\"D\u00e9couvrez nos modules techniques, d\u00e9velopp\u00e9s pour faciliter votre utilisation quotidienne de nos logiciels\",\"breadcrumb\":{\"@id\":\"https:\/\/amethyste.fr\/WordPress\/modules-techniques\/#breadcrumb\"},\"inLanguage\":\"en-US\",\"potentialAction\":[{\"@type\":\"ReadAction\",\"target\":[\"https:\/\/amethyste.fr\/WordPress\/modules-techniques\/\"]}]},{\"@type\":\"BreadcrumbList\",\"@id\":\"https:\/\/amethyste.fr\/WordPress\/modules-techniques\/#breadcrumb\",\"itemListElement\":[{\"@type\":\"ListItem\",\"position\":1,\"name\":\"Home\",\"item\":\"https:\/\/amethyste.fr\/WordPress\/\"},{\"@type\":\"ListItem\",\"position\":2,\"name\":\"Modules Techniques\"}]},{\"@type\":\"WebSite\",\"@id\":\"https:\/\/amethyste.fr\/WordPress\/en\/amethyste-asset-integrity-management-software\/#website\",\"url\":\"https:\/\/amethyste.fr\/WordPress\/en\/amethyste-asset-integrity-management-software\/\",\"name\":\"Am\u00e9thyste\",\"description\":\"Asset Integrity Management software\",\"publisher\":{\"@id\":\"https:\/\/amethyste.fr\/WordPress\/en\/amethyste-asset-integrity-management-software\/#organization\"},\"potentialAction\":[{\"@type\":\"SearchAction\",\"target\":{\"@type\":\"EntryPoint\",\"urlTemplate\":\"https:\/\/amethyste.fr\/WordPress\/en\/amethyste-asset-integrity-management-software\/?s={search_term_string}\"},\"query-input\":{\"@type\":\"PropertyValueSpecification\",\"valueRequired\":true,\"valueName\":\"search_term_string\"}}],\"inLanguage\":\"en-US\"},{\"@type\":\"Organization\",\"@id\":\"https:\/\/amethyste.fr\/WordPress\/en\/amethyste-asset-integrity-management-software\/#organization\",\"name\":\"Am\u00e9thyste\",\"url\":\"https:\/\/amethyste.fr\/WordPress\/en\/amethyste-asset-integrity-management-software\/\",\"logo\":{\"@type\":\"ImageObject\",\"inLanguage\":\"en-US\",\"@id\":\"https:\/\/amethyste.fr\/WordPress\/en\/amethyste-asset-integrity-management-software\/#\/schema\/logo\/image\/\",\"url\":\"https:\/\/amethyste.fr\/WordPress\/wp-content\/uploads\/Amethyste-2020-80x80-1.png\",\"contentUrl\":\"https:\/\/amethyste.fr\/WordPress\/wp-content\/uploads\/Amethyste-2020-80x80-1.png\",\"width\":80,\"height\":80,\"caption\":\"Am\u00e9thyste\"},\"image\":{\"@id\":\"https:\/\/amethyste.fr\/WordPress\/en\/amethyste-asset-integrity-management-software\/#\/schema\/logo\/image\/\"}}]}<\/script>\n<!-- \/ Yoast SEO plugin. -->","yoast_head_json":{"title":"Modules Techniques - Am\u00e9thyste","description":"D\u00e9couvrez nos modules techniques, d\u00e9velopp\u00e9s pour faciliter votre utilisation quotidienne de nos logiciels","robots":{"index":"index","follow":"follow","max-snippet":"max-snippet:-1","max-image-preview":"max-image-preview:large","max-video-preview":"max-video-preview:-1"},"canonical":"https:\/\/amethyste.fr\/WordPress\/modules-techniques\/","og_locale":"en_US","og_type":"article","og_title":"Modules Techniques - Am\u00e9thyste","og_description":"D\u00e9couvrez nos modules techniques, d\u00e9velopp\u00e9s pour faciliter votre utilisation quotidienne de nos logiciels","og_url":"https:\/\/amethyste.fr\/WordPress\/modules-techniques\/","og_site_name":"Am\u00e9thyste","article_modified_time":"2023-07-21T09:04:51+00:00","twitter_card":"summary_large_image","twitter_misc":{"Est. reading time":"1 minute"},"schema":{"@context":"https:\/\/schema.org","@graph":[{"@type":"WebPage","@id":"https:\/\/amethyste.fr\/WordPress\/modules-techniques\/","url":"https:\/\/amethyste.fr\/WordPress\/modules-techniques\/","name":"Modules Techniques - Am\u00e9thyste","isPartOf":{"@id":"https:\/\/amethyste.fr\/WordPress\/en\/amethyste-asset-integrity-management-software\/#website"},"datePublished":"2021-02-11T14:04:20+00:00","dateModified":"2023-07-21T09:04:51+00:00","description":"D\u00e9couvrez nos modules techniques, d\u00e9velopp\u00e9s pour faciliter votre utilisation quotidienne de nos logiciels","breadcrumb":{"@id":"https:\/\/amethyste.fr\/WordPress\/modules-techniques\/#breadcrumb"},"inLanguage":"en-US","potentialAction":[{"@type":"ReadAction","target":["https:\/\/amethyste.fr\/WordPress\/modules-techniques\/"]}]},{"@type":"BreadcrumbList","@id":"https:\/\/amethyste.fr\/WordPress\/modules-techniques\/#breadcrumb","itemListElement":[{"@type":"ListItem","position":1,"name":"Home","item":"https:\/\/amethyste.fr\/WordPress\/"},{"@type":"ListItem","position":2,"name":"Modules Techniques"}]},{"@type":"WebSite","@id":"https:\/\/amethyste.fr\/WordPress\/en\/amethyste-asset-integrity-management-software\/#website","url":"https:\/\/amethyste.fr\/WordPress\/en\/amethyste-asset-integrity-management-software\/","name":"Am\u00e9thyste","description":"Asset Integrity Management software","publisher":{"@id":"https:\/\/amethyste.fr\/WordPress\/en\/amethyste-asset-integrity-management-software\/#organization"},"potentialAction":[{"@type":"SearchAction","target":{"@type":"EntryPoint","urlTemplate":"https:\/\/amethyste.fr\/WordPress\/en\/amethyste-asset-integrity-management-software\/?s={search_term_string}"},"query-input":{"@type":"PropertyValueSpecification","valueRequired":true,"valueName":"search_term_string"}}],"inLanguage":"en-US"},{"@type":"Organization","@id":"https:\/\/amethyste.fr\/WordPress\/en\/amethyste-asset-integrity-management-software\/#organization","name":"Am\u00e9thyste","url":"https:\/\/amethyste.fr\/WordPress\/en\/amethyste-asset-integrity-management-software\/","logo":{"@type":"ImageObject","inLanguage":"en-US","@id":"https:\/\/amethyste.fr\/WordPress\/en\/amethyste-asset-integrity-management-software\/#\/schema\/logo\/image\/","url":"https:\/\/amethyste.fr\/WordPress\/wp-content\/uploads\/Amethyste-2020-80x80-1.png","contentUrl":"https:\/\/amethyste.fr\/WordPress\/wp-content\/uploads\/Amethyste-2020-80x80-1.png","width":80,"height":80,"caption":"Am\u00e9thyste"},"image":{"@id":"https:\/\/amethyste.fr\/WordPress\/en\/amethyste-asset-integrity-management-software\/#\/schema\/logo\/image\/"}}]}},"_links":{"self":[{"href":"https:\/\/amethyste.fr\/WordPress\/wp-json\/wp\/v2\/pages\/1680","targetHints":{"allow":["GET"]}}],"collection":[{"href":"https:\/\/amethyste.fr\/WordPress\/wp-json\/wp\/v2\/pages"}],"about":[{"href":"https:\/\/amethyste.fr\/WordPress\/wp-json\/wp\/v2\/types\/page"}],"author":[{"embeddable":true,"href":"https:\/\/amethyste.fr\/WordPress\/wp-json\/wp\/v2\/users\/1"}],"replies":[{"embeddable":true,"href":"https:\/\/amethyste.fr\/WordPress\/wp-json\/wp\/v2\/comments?post=1680"}],"version-history":[{"count":10,"href":"https:\/\/amethyste.fr\/WordPress\/wp-json\/wp\/v2\/pages\/1680\/revisions"}],"predecessor-version":[{"id":2595,"href":"https:\/\/amethyste.fr\/WordPress\/wp-json\/wp\/v2\/pages\/1680\/revisions\/2595"}],"wp:attachment":[{"href":"https:\/\/amethyste.fr\/WordPress\/wp-json\/wp\/v2\/media?parent=1680"}],"wp:term":[{"taxonomy":"category","embeddable":true,"href":"https:\/\/amethyste.fr\/WordPress\/wp-json\/wp\/v2\/categories?post=1680"},{"taxonomy":"post_tag","embeddable":true,"href":"https:\/\/amethyste.fr\/WordPress\/wp-json\/wp\/v2\/tags?post=1680"}],"curies":[{"name":"wp","href":"https:\/\/api.w.org\/{rel}","templated":true}]}}