{"id":1683,"date":"2021-02-11T10:19:18","date_gmt":"2021-02-11T10:19:18","guid":{"rendered":"http:\/\/amethyste.fr\/WordPress\/?page_id=1683"},"modified":"2023-07-21T13:39:35","modified_gmt":"2023-07-21T13:39:35","slug":"module-rcm","status":"publish","type":"page","link":"https:\/\/amethyste.fr\/WordPress\/modules-asset-integrity-management\/module-rcm\/","title":{"rendered":"Module RCM &#8211; Maintenance Bas\u00e9e sur la Fiabilit\u00e9"},"content":{"rendered":"\n    \n    <section class=\"u-align-left u-clearfix u-image u-section-2\" src=\"\" id=\"sec-4ccf\" style=\"background-image: url(&quot;https:\/\/amethyste.fr\/WordPress\/wp-content\/uploads\/AdobeStock_214879946.jpeg&quot;);\">\n      <div class=\"u-clearfix u-sheet u-sheet-1\">\n        <h1 class=\"u-text u-text-body-alt-color u-text-1\" data-lang-fr=\"RCM\" data-lang-en=\"RCM\">RCM<\/h1>\n      <\/div>\n    <\/section>\n    <section class=\"u-clearfix u-section-3\" id=\"sec-7096\">\n      <div class=\"u-clearfix u-sheet u-sheet-1\">\n        <h2 class=\"u-text u-text-1\" data-lang-fr=\"\nMaintenance Optimis\u00e9e\n\" data-lang-en=\"\u200bOptimized Maintenance \"> Maintenance Optimis\u00e9e <\/h2>\n      <\/div>\n    <\/section>\n    <section class=\"u-clearfix u-section-4\" id=\"sec-64df\">\n      <div class=\"u-clearfix u-sheet u-valign-middle u-sheet-1\">\n        <div class=\"u-clearfix u-expanded-width u-layout-wrap u-layout-wrap-1\">\n          <div class=\"u-layout\">\n            <div class=\"u-layout-row\">\n              <div class=\"u-container-style u-layout-cell u-size-47 u-layout-cell-1\">\n                <div class=\"u-container-layout u-container-layout-1\">\n                  <p class=\"u-text u-text-1\" data-lang-fr=\"\nLe module <b>RCM\u00ae\n<\/b>permet \u00e0 l\u2019utilisateur d\u2019automatiser l\u2019int\u00e9gration des pratiques de\nmaintenance bas\u00e9e sur l\u2019exp\u00e9rience et l\u2019expertise de Maintenance bas\u00e9e sur la\nFiabilit\u00e9 de la soci\u00e9t\u00e9.\n\" data-lang-en=\"\n\u200bThe <b>RCM <\/b>module allows the\nuser to automate the integration of best practices based on the company's RCM experience and expertise. \n                  \"> Le module <b>RCM\u00ae <\/b>permet \u00e0 l\u2019utilisateur d\u2019automatiser l\u2019int\u00e9gration des pratiques de\nmaintenance bas\u00e9e sur l\u2019exp\u00e9rience et l\u2019expertise de Maintenance bas\u00e9e sur la\nFiabilit\u00e9 de la soci\u00e9t\u00e9. \n                  <\/p>\n                <\/div>\n              <\/div>\n              <div class=\"u-align-center u-container-style u-layout-cell u-size-13 u-layout-cell-2\">\n                <div class=\"u-container-layout u-container-layout-2\">\n                  <a href=\"https:\/\/amethyste.fr\/WordPress\/en\/contact\/\" class=\"u-align-center u-btn u-button-style u-palette-1-base u-text-body-alt-color u-btn-1\" data-lang-fr=\"{&quot;content&quot;:&quot;demandez une demo&quot;,&quot;href&quot;:&quot;https:\/\/amethyste.fr\/WordPress\/en\/contact\/&quot;}\" data-lang-en=\"{&quot;content&quot;:&quot;ask for a demo&quot;,&quot;href&quot;:&quot;https:\/\/amethyste.fr\/WordPress\/en\/contact\/&quot;}\">demandez une demo<\/a>\n                  <a href=\"https:\/\/amethyste.fr\/WordPress\/fr\/modules-asset-integrity-management\/\" class=\"u-align-center u-btn u-button-style u-hover-palette-1-dark-1 u-palette-1-base u-btn-2\" data-lang-fr=\"{&quot;content&quot;:&quot;tous nos modules&quot;,&quot;href&quot;:&quot;https:\/\/amethyste.fr\/WordPress\/fr\/modules-asset-integrity-management\/&quot;}\" data-lang-en=\"{&quot;content&quot;:&quot;all our modules&quot;,&quot;href&quot;:&quot;https:\/\/amethyste.fr\/WordPress\/fr\/modules-asset-integrity-management\/&quot;}\">tous nos modules<\/a>\n                <\/div>\n              <\/div>\n            <\/div>\n          <\/div>\n        <\/div>\n      <\/div>\n    <\/section>\n    <section class=\"u-clearfix u-section-5\" id=\"sec-96a9\">\n      <div class=\"u-clearfix u-sheet u-sheet-1\">\n        <div class=\"u-clearfix u-expanded-width u-layout-wrap u-layout-wrap-1\">\n          <div class=\"u-layout\">\n            <div class=\"u-layout-row\">\n              <div class=\"u-container-style u-layout-cell u-size-30 u-layout-cell-1\">\n                <div class=\"u-container-layout u-container-layout-1\">\n                  <h3 class=\"u-text u-text-1\" data-lang-fr=\"\nConfiguration de la m\u00e9thodologie\n\" data-lang-en=\"\n\u200bConfiguration of the methodology\"> Configuration de la m\u00e9thodologie <\/h3>\n                  <ul class=\"u-text u-text-2\" data-lang-fr=\"\n                    <li style=&quot;&quot;><div class=&quot;hidden u-list-icon u-block-65a8-20&quot; style=&quot;&quot;><\/div>\n                      <div class=&quot;hidden u-list-icon u-block-65a8-19&quot; style=&quot;&quot;><\/div>D\u00e9finition\n     de la matrice de risque et de ses probabilit\u00e9s, cons\u00e9quences et niveaux de\n     risque<\/li><li style=&quot;&quot;>D\u00e9finition du r\u00e9f\u00e9rentiel :<div class=&quot;hidden u-list-icon u-block-65a8-12&quot; style=&quot;&quot;><\/div>\n                    <\/li>\n                  \" data-lang-en=\"\n                    <li style=&quot;&quot;><div class=&quot;hidden u-block-65a8-20 u-list-icon&quot; style=&quot;&quot;><\/div>\n                      <div class=&quot;hidden u-block-65a8-19 u-list-icon&quot; style=&quot;&quot;><\/div>\u200bDefinition of the Risk matrix with its probabilities,\n     consequences and levels of risk&amp;nbsp;<\/li><li style=&quot;&quot;><div class=&quot;hidden u-block-65a8-23 u-list-icon&quot;><\/div>Definition of the referential:\n                    <div class=&quot;hidden u-block-65a8-12 u-list-icon&quot; style=&quot;&quot;><\/div><\/li>\n                  \">\n                    <li style=\"\"> D\u00e9finition\n     de la matrice de risque et de ses probabilit\u00e9s, cons\u00e9quences et niveaux de\n     risque<\/li>\n                    <li style=\"\">D\u00e9finition du r\u00e9f\u00e9rentiel : <\/li>\n                  <\/ul>\n                  <ul class=\"u-text u-text-3\" data-lang-fr=\"\n                    <li style=&quot;&quot;><div class=&quot;hidden u-list-icon u-block-65a8-21&quot; style=&quot;&quot;><\/div><div class=&quot;hidden u-list-icon u-block-65a8-22&quot; style=&quot;&quot;><\/div>\n                      <div class=&quot;hidden u-list-icon u-block-65a8-15&quot; style=&quot;&quot;><\/div>\nTypes d\u2019unit\u00e9s maintenable \n<!--[if !supportLists]--><\/li><li style=&quot;&quot;><div class=&quot;hidden u-list-icon u-block-65a8-23&quot; style=&quot;&quot;><\/div>Modes de d\u00e9faillance \n<!--[if !supportLists]--><\/li><li style=&quot;&quot;><div class=&quot;hidden u-list-icon u-block-65a8-24&quot; style=&quot;&quot;><\/div>Taux de d\u00e9gradation \n<!--[if !supportLists]--><\/li><li style=&quot;&quot;><div class=&quot;hidden u-list-icon u-block-65a8-25&quot; style=&quot;&quot;><\/div>Niveaux de maintenance \n<\/li>\" data-lang-en=\"\n                    <li style=&quot;&quot;><div class=&quot;hidden u-block-65a8-21 u-list-icon&quot; style=&quot;&quot;><\/div><div class=&quot;hidden u-block-65a8-22 u-list-icon&quot; style=&quot;&quot;><\/div>\n                      <div class=&quot;hidden u-block-65a8-15 u-list-icon&quot; style=&quot;&quot;><\/div>\n\u200bMaintainable unit types&amp;nbsp;&amp;nbsp;<\/li><li style=&quot;&quot;><div class=&quot;hidden u-block-65a8-24 u-list-icon&quot;><\/div>Failure modes&amp;nbsp;&amp;nbsp;<\/li><li style=&quot;&quot;><div class=&quot;hidden u-block-65a8-25 u-list-icon&quot;><\/div>Degradation rates&amp;nbsp;&amp;nbsp;<\/li><li style=&quot;&quot;><div class=&quot;hidden u-block-65a8-26 u-list-icon&quot;><\/div>Maintenance levels<\/li>\">\n                    <li style=\"\"> Types d\u2019unit\u00e9s maintenable <!--[if !supportLists]--><\/li>\n                    <li style=\"\">Modes de d\u00e9faillance <!--[if !supportLists]--><\/li>\n                    <li style=\"\">Taux de d\u00e9gradation <!--[if !supportLists]--><\/li>\n                    <li style=\"\">Niveaux de maintenance <\/li>\n                  <\/ul>\n                <\/div>\n              <\/div>\n              <div class=\"u-align-center-sm u-align-center-xs u-container-style u-layout-cell u-size-30 u-layout-cell-2\">\n                <div class=\"u-container-layout u-valign-bottom u-container-layout-2\">\n                  <img decoding=\"async\" src=\"https:\/\/amethyste.fr\/WordPress\/wp-content\/uploads\/RCM-1.jpg?_t=1628240840\" alt=\"Module RCM: matrice de risque\" class=\"u-expanded-width u-image u-image-default u-image-1\" data-image-width=\"510\" data-image-height=\"380\" data-lang-fr=\"Module RCM: matrice de risque\" data-lang-en=\"Module RCM: matrice de risque\">\n                <\/div>\n              <\/div>\n            <\/div>\n          <\/div>\n        <\/div>\n      <\/div>\n    <\/section>\n    <section class=\"u-clearfix u-section-6\" id=\"carousel_3ab3\">\n      <div class=\"u-clearfix u-sheet u-valign-middle u-sheet-1\">\n        <div class=\"u-clearfix u-expanded-width u-layout-wrap u-layout-wrap-1\">\n          <div class=\"u-layout\" style=\"\">\n            <div class=\"u-layout-row\" style=\"\">\n              <div class=\"u-container-style u-layout-cell u-size-30 u-layout-cell-1\">\n                <div class=\"u-container-layout u-valign-top u-container-layout-1\">\n                  <img decoding=\"async\" src=\"https:\/\/amethyste.fr\/WordPress\/wp-content\/uploads\/RCM-2.jpg?_t=1628240840\" alt=\"RCM: Unit\u00e9s Maintenables\" class=\"u-align-center-sm u-align-center-xs u-expanded-width u-image u-image-default u-image-1\" data-image-width=\"510\" data-image-height=\"240\" data-lang-fr=\"RCM: Unit\u00e9s Maintenables\" data-lang-en=\"RCM: Unit\u00e9s Maintenables\">\n                <\/div>\n              <\/div>\n              <div class=\"u-container-style u-layout-cell u-size-30 u-layout-cell-2\">\n                <div class=\"u-container-layout u-valign-top u-container-layout-2\">\n                  <p class=\"u-text u-text-1\" data-lang-fr=\"\nD\u00e9finition des Unit\u00e9s Maintenables\n\" data-lang-en=\"\n\u200bDefinition of the Maintainable\nUnits\"> D\u00e9finition des Unit\u00e9s Maintenables <\/p>\n                  <ul class=\"u-text u-text-2\" data-lang-fr=\"\n                    <li><div class=&quot;hidden u-list-icon u-block-0286-13&quot; style=&quot;&quot;><\/div>\n                      <div class=&quot;hidden u-list-icon u-block-0286-12&quot; style=&quot;&quot;><\/div>D\u00e9finition\n     des instances et des modes de d\u00e9faillance applicables, probabilit\u00e9 et cons\u00e9quence<\/li><li><div class=&quot;hidden u-list-icon u-block-0286-14&quot; style=&quot;&quot;><\/div>D\u00e9finition\n     des plans de maintenance existants sur les Unit\u00e9s Maintenable (programme\n     &amp;amp; cause)<\/li><li><div class=&quot;hidden u-list-icon u-block-0286-15&quot; style=&quot;&quot;><\/div>Evaluation\n     de l\u2019efficacit\u00e9 bas\u00e9e sur l\u2019expertise pour adapter la m\u00e9thode et\/ou la fr\u00e9quence\n     de la maintenance<\/li>\" data-lang-en=\"\n                    <li><div class=&quot;hidden u-block-0286-13 u-list-icon&quot; style=&quot;&quot;><\/div>\n                      <div class=&quot;hidden u-block-0286-12 u-list-icon&quot; style=&quot;&quot;><\/div>\u200bDefinition of the instances and applicable failure\n     modes, probability and consequence&amp;nbsp;<\/li><li><div class=&quot;hidden u-block-0286-14 u-list-icon&quot;><\/div>Definition of existing maintenance plans on\n     Maintainable Units (program &amp;amp; cause)&amp;nbsp;<\/li><li><div class=&quot;hidden u-block-0286-15 u-list-icon&quot;><\/div>Efficiency assessment based on expertise to adapt\n     method and\/or frequency of maintenance<\/li>\">\n                    <li> D\u00e9finition\n     des instances et des modes de d\u00e9faillance applicables, probabilit\u00e9 et cons\u00e9quence<\/li>\n                    <li>D\u00e9finition\n     des plans de maintenance existants sur les Unit\u00e9s Maintenable (programme\n     &amp; cause)<\/li>\n                    <li>Evaluation\n     de l\u2019efficacit\u00e9 bas\u00e9e sur l\u2019expertise pour adapter la m\u00e9thode et\/ou la fr\u00e9quence\n     de la maintenance<\/li>\n                  <\/ul>\n                <\/div>\n              <\/div>\n            <\/div>\n          <\/div>\n        <\/div>\n      <\/div>\n    <\/section>\n    <section class=\"u-clearfix u-section-7\" id=\"sec-5694\">\n      <div class=\"u-clearfix u-sheet u-sheet-1\">\n        <div class=\"u-clearfix u-expanded-width u-gutter-10 u-layout-wrap u-layout-wrap-1\">\n          <div class=\"u-layout\">\n            <div class=\"u-layout-row\">\n              <div class=\"u-container-style u-layout-cell u-size-30 u-layout-cell-1\">\n                <div class=\"u-container-layout u-container-layout-1\">\n                  <a href=\"https:\/\/amethyste.fr\/WordPress\/fr\/services-associes\/\" class=\"u-align-center u-btn u-button-style u-hover-palette-1-dark-1 u-palette-1-base u-btn-1\" data-lang-fr=\"{&quot;content&quot;:&quot;decouvrez nos services&quot;,&quot;href&quot;:&quot;https:\/\/amethyste.fr\/WordPress\/fr\/services-associes\/&quot;}\" data-lang-en=\"{&quot;content&quot;:&quot;discover our services&quot;,&quot;href&quot;:&quot;https:\/\/amethyste.fr\/WordPress\/fr\/services-associes\/&quot;}\">decouvrez nos services<\/a>\n                <\/div>\n              <\/div>\n              <div class=\"u-container-style u-layout-cell u-size-30 u-layout-cell-2\">\n                <div class=\"u-container-layout u-container-layout-2\">\n                  <a href=\"https:\/\/amethyste.fr\/WordPress\/fr\/criteres-techniques\/\" class=\"u-align-center u-btn u-button-style u-file-link u-hover-palette-1-dark-1 u-palette-1-base u-btn-2\" data-lang-fr=\"{&quot;content&quot;:&quot;crit\u00e8res techniques&quot;,&quot;href&quot;:&quot;https:\/\/amethyste.fr\/WordPress\/fr\/criteres-techniques\/&quot;}\" target=\"_blank\" data-lang-en=\"{&quot;content&quot;:&quot;technical requirements&quot;,&quot;href&quot;:&quot;https:\/\/extranet.amethyste.fr\/documents\/orKsoft_System_Requirements.pdf&quot;}\">crit\u00e8res techniques<\/a>\n                <\/div>\n              <\/div>\n            <\/div>\n          <\/div>\n        <\/div>\n      <\/div>\n    <\/section>\n    <section class=\"u-clearfix u-section-8\" id=\"sec-1370\">\n      <div class=\"u-clearfix u-sheet u-sheet-1\"><\/div>\n    <\/section>\n    \n    \n    \n    \n    \n    \n    \n    \n    \n    \n    \n    \n    \n  \n","protected":false},"excerpt":{"rendered":"<p>RCM Maintenance Optimis\u00e9e Le module RCM\u00ae permet \u00e0 l\u2019utilisateur d\u2019automatiser l\u2019int\u00e9gration des pratiques de maintenance bas\u00e9e sur l\u2019exp\u00e9rience et l\u2019expertise de Maintenance bas\u00e9e sur la Fiabilit\u00e9 de la soci\u00e9t\u00e9. demandez une demo tous nos modules Configuration de la m\u00e9thodologie D\u00e9finition de la matrice de risque et de ses probabilit\u00e9s, cons\u00e9quences et niveaux de risque D\u00e9finition &hellip; <a href=\"https:\/\/amethyste.fr\/WordPress\/modules-asset-integrity-management\/module-rcm\/\" class=\"more-link\">Continue reading<span class=\"screen-reader-text\"> &#8220;Module RCM &#8211; Maintenance Bas\u00e9e sur la Fiabilit\u00e9&#8221;<\/span><\/a><\/p>\n","protected":false},"author":1,"featured_media":0,"parent":1679,"menu_order":27,"comment_status":"closed","ping_status":"closed","template":"","meta":{"footnotes":""},"categories":[101,1],"tags":[],"class_list":["post-1683","page","type-page","status-publish","hentry","category-aim-modules","category-uncategorized"],"yoast_head":"<!-- This site is optimized with the Yoast SEO plugin v26.9 - https:\/\/yoast.com\/product\/yoast-seo-wordpress\/ -->\n<title>Module RCM - Maintenance Bas\u00e9e sur la Fiabilit\u00e9 - Am\u00e9thyste<\/title>\n<meta name=\"description\" content=\"Maintenance Bas\u00e9e sur la Fiabilit\u00e9 - Module RCM pour Unit\u00e9s Maintenables - Matrice de risque, vitesse de d\u00e9gradation, plan de maintenance, \u00e9valuation d&#039;efficacit\u00e9\" \/>\n<meta name=\"robots\" content=\"index, follow, max-snippet:-1, max-image-preview:large, max-video-preview:-1\" \/>\n<link rel=\"canonical\" href=\"https:\/\/amethyste.fr\/WordPress\/modules-asset-integrity-management\/module-rcm\/\" \/>\n<meta property=\"og:locale\" content=\"en_US\" \/>\n<meta property=\"og:type\" content=\"article\" \/>\n<meta property=\"og:title\" content=\"Module RCM - Maintenance Bas\u00e9e sur la Fiabilit\u00e9 - Am\u00e9thyste\" \/>\n<meta property=\"og:description\" content=\"Maintenance Bas\u00e9e sur la Fiabilit\u00e9 - Module RCM pour Unit\u00e9s Maintenables - Matrice de risque, vitesse de d\u00e9gradation, plan de maintenance, \u00e9valuation d&#039;efficacit\u00e9\" \/>\n<meta property=\"og:url\" content=\"https:\/\/amethyste.fr\/WordPress\/modules-asset-integrity-management\/module-rcm\/\" \/>\n<meta property=\"og:site_name\" content=\"Am\u00e9thyste\" \/>\n<meta property=\"article:modified_time\" content=\"2023-07-21T13:39:35+00:00\" \/>\n<meta name=\"twitter:card\" content=\"summary_large_image\" \/>\n<script type=\"application\/ld+json\" class=\"yoast-schema-graph\">{\"@context\":\"https:\/\/schema.org\",\"@graph\":[{\"@type\":\"WebPage\",\"@id\":\"https:\/\/amethyste.fr\/WordPress\/modules-asset-integrity-management\/module-rcm\/\",\"url\":\"https:\/\/amethyste.fr\/WordPress\/modules-asset-integrity-management\/module-rcm\/\",\"name\":\"Module RCM - Maintenance Bas\u00e9e sur la Fiabilit\u00e9 - Am\u00e9thyste\",\"isPartOf\":{\"@id\":\"https:\/\/amethyste.fr\/WordPress\/en\/amethyste-asset-integrity-management-software\/#website\"},\"datePublished\":\"2021-02-11T10:19:18+00:00\",\"dateModified\":\"2023-07-21T13:39:35+00:00\",\"description\":\"Maintenance Bas\u00e9e sur la Fiabilit\u00e9 - Module RCM pour Unit\u00e9s Maintenables - Matrice de risque, vitesse de d\u00e9gradation, plan de maintenance, \u00e9valuation d'efficacit\u00e9\",\"breadcrumb\":{\"@id\":\"https:\/\/amethyste.fr\/WordPress\/modules-asset-integrity-management\/module-rcm\/#breadcrumb\"},\"inLanguage\":\"en-US\",\"potentialAction\":[{\"@type\":\"ReadAction\",\"target\":[\"https:\/\/amethyste.fr\/WordPress\/modules-asset-integrity-management\/module-rcm\/\"]}]},{\"@type\":\"BreadcrumbList\",\"@id\":\"https:\/\/amethyste.fr\/WordPress\/modules-asset-integrity-management\/module-rcm\/#breadcrumb\",\"itemListElement\":[{\"@type\":\"ListItem\",\"position\":1,\"name\":\"Home\",\"item\":\"https:\/\/amethyste.fr\/WordPress\/\"},{\"@type\":\"ListItem\",\"position\":2,\"name\":\"Tous nos modules Asset Integrity Management\",\"item\":\"https:\/\/amethyste.fr\/WordPress\/modules-asset-integrity-management\/\"},{\"@type\":\"ListItem\",\"position\":3,\"name\":\"Module RCM &#8211; Maintenance Bas\u00e9e sur la Fiabilit\u00e9\"}]},{\"@type\":\"WebSite\",\"@id\":\"https:\/\/amethyste.fr\/WordPress\/en\/amethyste-asset-integrity-management-software\/#website\",\"url\":\"https:\/\/amethyste.fr\/WordPress\/en\/amethyste-asset-integrity-management-software\/\",\"name\":\"Am\u00e9thyste\",\"description\":\"Asset Integrity Management software\",\"publisher\":{\"@id\":\"https:\/\/amethyste.fr\/WordPress\/en\/amethyste-asset-integrity-management-software\/#organization\"},\"potentialAction\":[{\"@type\":\"SearchAction\",\"target\":{\"@type\":\"EntryPoint\",\"urlTemplate\":\"https:\/\/amethyste.fr\/WordPress\/en\/amethyste-asset-integrity-management-software\/?s={search_term_string}\"},\"query-input\":{\"@type\":\"PropertyValueSpecification\",\"valueRequired\":true,\"valueName\":\"search_term_string\"}}],\"inLanguage\":\"en-US\"},{\"@type\":\"Organization\",\"@id\":\"https:\/\/amethyste.fr\/WordPress\/en\/amethyste-asset-integrity-management-software\/#organization\",\"name\":\"Am\u00e9thyste\",\"url\":\"https:\/\/amethyste.fr\/WordPress\/en\/amethyste-asset-integrity-management-software\/\",\"logo\":{\"@type\":\"ImageObject\",\"inLanguage\":\"en-US\",\"@id\":\"https:\/\/amethyste.fr\/WordPress\/en\/amethyste-asset-integrity-management-software\/#\/schema\/logo\/image\/\",\"url\":\"https:\/\/amethyste.fr\/WordPress\/wp-content\/uploads\/Amethyste-2020-80x80-1.png\",\"contentUrl\":\"https:\/\/amethyste.fr\/WordPress\/wp-content\/uploads\/Amethyste-2020-80x80-1.png\",\"width\":80,\"height\":80,\"caption\":\"Am\u00e9thyste\"},\"image\":{\"@id\":\"https:\/\/amethyste.fr\/WordPress\/en\/amethyste-asset-integrity-management-software\/#\/schema\/logo\/image\/\"}}]}<\/script>\n<!-- \/ Yoast SEO plugin. -->","yoast_head_json":{"title":"Module RCM - Maintenance Bas\u00e9e sur la Fiabilit\u00e9 - Am\u00e9thyste","description":"Maintenance Bas\u00e9e sur la Fiabilit\u00e9 - Module RCM pour Unit\u00e9s Maintenables - Matrice de risque, vitesse de d\u00e9gradation, plan de maintenance, \u00e9valuation d'efficacit\u00e9","robots":{"index":"index","follow":"follow","max-snippet":"max-snippet:-1","max-image-preview":"max-image-preview:large","max-video-preview":"max-video-preview:-1"},"canonical":"https:\/\/amethyste.fr\/WordPress\/modules-asset-integrity-management\/module-rcm\/","og_locale":"en_US","og_type":"article","og_title":"Module RCM - Maintenance Bas\u00e9e sur la Fiabilit\u00e9 - Am\u00e9thyste","og_description":"Maintenance Bas\u00e9e sur la Fiabilit\u00e9 - Module RCM pour Unit\u00e9s Maintenables - Matrice de risque, vitesse de d\u00e9gradation, plan de maintenance, \u00e9valuation d'efficacit\u00e9","og_url":"https:\/\/amethyste.fr\/WordPress\/modules-asset-integrity-management\/module-rcm\/","og_site_name":"Am\u00e9thyste","article_modified_time":"2023-07-21T13:39:35+00:00","twitter_card":"summary_large_image","schema":{"@context":"https:\/\/schema.org","@graph":[{"@type":"WebPage","@id":"https:\/\/amethyste.fr\/WordPress\/modules-asset-integrity-management\/module-rcm\/","url":"https:\/\/amethyste.fr\/WordPress\/modules-asset-integrity-management\/module-rcm\/","name":"Module RCM - Maintenance Bas\u00e9e sur la Fiabilit\u00e9 - Am\u00e9thyste","isPartOf":{"@id":"https:\/\/amethyste.fr\/WordPress\/en\/amethyste-asset-integrity-management-software\/#website"},"datePublished":"2021-02-11T10:19:18+00:00","dateModified":"2023-07-21T13:39:35+00:00","description":"Maintenance Bas\u00e9e sur la Fiabilit\u00e9 - Module RCM pour Unit\u00e9s Maintenables - Matrice de risque, vitesse de d\u00e9gradation, plan de maintenance, \u00e9valuation d'efficacit\u00e9","breadcrumb":{"@id":"https:\/\/amethyste.fr\/WordPress\/modules-asset-integrity-management\/module-rcm\/#breadcrumb"},"inLanguage":"en-US","potentialAction":[{"@type":"ReadAction","target":["https:\/\/amethyste.fr\/WordPress\/modules-asset-integrity-management\/module-rcm\/"]}]},{"@type":"BreadcrumbList","@id":"https:\/\/amethyste.fr\/WordPress\/modules-asset-integrity-management\/module-rcm\/#breadcrumb","itemListElement":[{"@type":"ListItem","position":1,"name":"Home","item":"https:\/\/amethyste.fr\/WordPress\/"},{"@type":"ListItem","position":2,"name":"Tous nos modules Asset Integrity Management","item":"https:\/\/amethyste.fr\/WordPress\/modules-asset-integrity-management\/"},{"@type":"ListItem","position":3,"name":"Module RCM &#8211; Maintenance Bas\u00e9e sur la Fiabilit\u00e9"}]},{"@type":"WebSite","@id":"https:\/\/amethyste.fr\/WordPress\/en\/amethyste-asset-integrity-management-software\/#website","url":"https:\/\/amethyste.fr\/WordPress\/en\/amethyste-asset-integrity-management-software\/","name":"Am\u00e9thyste","description":"Asset Integrity Management software","publisher":{"@id":"https:\/\/amethyste.fr\/WordPress\/en\/amethyste-asset-integrity-management-software\/#organization"},"potentialAction":[{"@type":"SearchAction","target":{"@type":"EntryPoint","urlTemplate":"https:\/\/amethyste.fr\/WordPress\/en\/amethyste-asset-integrity-management-software\/?s={search_term_string}"},"query-input":{"@type":"PropertyValueSpecification","valueRequired":true,"valueName":"search_term_string"}}],"inLanguage":"en-US"},{"@type":"Organization","@id":"https:\/\/amethyste.fr\/WordPress\/en\/amethyste-asset-integrity-management-software\/#organization","name":"Am\u00e9thyste","url":"https:\/\/amethyste.fr\/WordPress\/en\/amethyste-asset-integrity-management-software\/","logo":{"@type":"ImageObject","inLanguage":"en-US","@id":"https:\/\/amethyste.fr\/WordPress\/en\/amethyste-asset-integrity-management-software\/#\/schema\/logo\/image\/","url":"https:\/\/amethyste.fr\/WordPress\/wp-content\/uploads\/Amethyste-2020-80x80-1.png","contentUrl":"https:\/\/amethyste.fr\/WordPress\/wp-content\/uploads\/Amethyste-2020-80x80-1.png","width":80,"height":80,"caption":"Am\u00e9thyste"},"image":{"@id":"https:\/\/amethyste.fr\/WordPress\/en\/amethyste-asset-integrity-management-software\/#\/schema\/logo\/image\/"}}]}},"_links":{"self":[{"href":"https:\/\/amethyste.fr\/WordPress\/wp-json\/wp\/v2\/pages\/1683","targetHints":{"allow":["GET"]}}],"collection":[{"href":"https:\/\/amethyste.fr\/WordPress\/wp-json\/wp\/v2\/pages"}],"about":[{"href":"https:\/\/amethyste.fr\/WordPress\/wp-json\/wp\/v2\/types\/page"}],"author":[{"embeddable":true,"href":"https:\/\/amethyste.fr\/WordPress\/wp-json\/wp\/v2\/users\/1"}],"replies":[{"embeddable":true,"href":"https:\/\/amethyste.fr\/WordPress\/wp-json\/wp\/v2\/comments?post=1683"}],"version-history":[{"count":11,"href":"https:\/\/amethyste.fr\/WordPress\/wp-json\/wp\/v2\/pages\/1683\/revisions"}],"predecessor-version":[{"id":2609,"href":"https:\/\/amethyste.fr\/WordPress\/wp-json\/wp\/v2\/pages\/1683\/revisions\/2609"}],"up":[{"embeddable":true,"href":"https:\/\/amethyste.fr\/WordPress\/wp-json\/wp\/v2\/pages\/1679"}],"wp:attachment":[{"href":"https:\/\/amethyste.fr\/WordPress\/wp-json\/wp\/v2\/media?parent=1683"}],"wp:term":[{"taxonomy":"category","embeddable":true,"href":"https:\/\/amethyste.fr\/WordPress\/wp-json\/wp\/v2\/categories?post=1683"},{"taxonomy":"post_tag","embeddable":true,"href":"https:\/\/amethyste.fr\/WordPress\/wp-json\/wp\/v2\/tags?post=1683"}],"curies":[{"name":"wp","href":"https:\/\/api.w.org\/{rel}","templated":true}]}}